{"id":212,"date":"2024-08-27T10:45:44","date_gmt":"2024-08-27T08:45:44","guid":{"rendered":"https:\/\/www.isse.ruhr-uni-bochum.de\/d-ai-y\/?page_id=212"},"modified":"2024-08-27T10:45:44","modified_gmt":"2024-08-27T08:45:44","slug":"geschaeftsmodellmuster-fuer-aiaas-basierte-dienstleistungen","status":"publish","type":"page","link":"https:\/\/www.isse.ruhr-uni-bochum.de\/d-ai-y\/geschaeftsmodellmuster-fuer-aiaas-basierte-dienstleistungen\/","title":{"rendered":"Gesch\u00e4ftsmodellmuster f\u00fcr AIaaS-basierte Dienstleistungen"},"content":{"rendered":"\n<div class=\"wp-block-cover alignfull is-light\"><span aria-hidden=\"true\" class=\"wp-block-cover__background has-background-dim-30 has-background-dim\" style=\"background-color:#8b8481\"><\/span><img fetchpriority=\"high\" decoding=\"async\" width=\"2560\" height=\"1707\" class=\"wp-block-cover__image-background wp-image-159\" alt=\"\" src=\"https:\/\/www.isse.ruhr-uni-bochum.de\/d-ai-y\/wp-content\/uploads\/sites\/8\/2024\/05\/pexels-fauxels-3184306-scaled.jpg\" data-object-fit=\"cover\" srcset=\"https:\/\/www.isse.ruhr-uni-bochum.de\/d-ai-y\/wp-content\/uploads\/sites\/8\/2024\/05\/pexels-fauxels-3184306-scaled.jpg 2560w, https:\/\/www.isse.ruhr-uni-bochum.de\/d-ai-y\/wp-content\/uploads\/sites\/8\/2024\/05\/pexels-fauxels-3184306-300x200.jpg 300w, https:\/\/www.isse.ruhr-uni-bochum.de\/d-ai-y\/wp-content\/uploads\/sites\/8\/2024\/05\/pexels-fauxels-3184306-1024x683.jpg 1024w, https:\/\/www.isse.ruhr-uni-bochum.de\/d-ai-y\/wp-content\/uploads\/sites\/8\/2024\/05\/pexels-fauxels-3184306-768x512.jpg 768w, https:\/\/www.isse.ruhr-uni-bochum.de\/d-ai-y\/wp-content\/uploads\/sites\/8\/2024\/05\/pexels-fauxels-3184306-1536x1024.jpg 1536w, https:\/\/www.isse.ruhr-uni-bochum.de\/d-ai-y\/wp-content\/uploads\/sites\/8\/2024\/05\/pexels-fauxels-3184306-2048x1365.jpg 2048w, https:\/\/www.isse.ruhr-uni-bochum.de\/d-ai-y\/wp-content\/uploads\/sites\/8\/2024\/05\/pexels-fauxels-3184306-930x620.jpg 930w\" sizes=\"(max-width: 2560px) 100vw, 2560px\" \/><div class=\"wp-block-cover__inner-container is-layout-flow wp-block-cover-is-layout-flow\">\n<h1 class=\"wp-block-heading alignwide has-text-align-center has-nv-light-bg-color has-text-color\" style=\"font-size:50px\">Gesch\u00e4ftsmodellmuster f\u00fcr AIaaS-basierte Dienstleistungen<\/h1>\n<\/div><\/div>\n\n\n\n<div style=\"height:50px\" aria-hidden=\"true\" class=\"wp-block-spacer\"><\/div>\n\n\n\n<div class=\"wp-block-group\"><div class=\"wp-block-group__inner-container is-layout-flow wp-block-group-is-layout-flow\">\n<div class=\"wp-block-group is-nowrap is-layout-flex wp-container-core-group-is-layout-ad2f72ca wp-block-group-is-layout-flex\">\n<div class=\"wp-block-columns are-vertically-aligned-top has-nv-light-bg-background-color has-background is-layout-flex wp-container-core-columns-is-layout-9d6595d7 wp-block-columns-is-layout-flex\">\n<div class=\"wp-block-column is-vertically-aligned-top is-layout-flow wp-block-column-is-layout-flow\">\n<h4 class=\"wp-block-heading\">Generelle Zielsetzung<\/h4>\n\n\n\n<hr class=\"wp-block-separator has-alpha-channel-opacity\" \/>\n\n\n\n<p>Die Entwicklung von Gesch\u00e4ftsmodellmustern ist darauf ausgerichtet, den Anwendungspartnern und KMU zu erm\u00f6glichen, AIaaS-basierte Dienstleistungen als Teil ihrer Gesch\u00e4ftsmodelle zu integrieren.<\/p>\n<\/div>\n\n\n\n<div class=\"wp-block-column is-vertically-aligned-top is-layout-flow wp-block-column-is-layout-flow\">\n<h4 class=\"wp-block-heading\"><strong>Ber\u00fccksichtigung von Reifegrad<\/strong><\/h4>\n\n\n\n<hr class=\"wp-block-separator has-alpha-channel-opacity\" \/>\n\n\n\n<p>Bei der Entwicklung der Gesch\u00e4ftsmodellmuster sollen die unterschiedlichen Reifegrade der Unternehmen in Bezug auf Digitalisierung und KI-Kompetenz beachtet werden.<\/p>\n<\/div>\n<\/div>\n<\/div>\n<\/div><\/div>\n\n\n\n<div style=\"height:50px\" aria-hidden=\"true\" class=\"wp-block-spacer\"><\/div>\n\n\n\n<div class=\"wp-block-columns are-vertically-aligned-top has-nv-light-bg-background-color has-background is-layout-flex wp-container-core-columns-is-layout-9d6595d7 wp-block-columns-is-layout-flex\">\n<div class=\"wp-block-column is-vertically-aligned-top is-layout-flow wp-block-column-is-layout-flow\">\n<h4 class=\"wp-block-heading\"><strong>Pilotprojekte<\/strong><\/h4>\n\n\n\n<hr class=\"wp-block-separator has-alpha-channel-opacity\" \/>\n\n\n\n<div class=\"wp-block-group\"><div class=\"wp-block-group__inner-container is-layout-flow wp-block-group-is-layout-flow\">\n<div class=\"wp-block-group\"><div class=\"wp-block-group__inner-container is-layout-flow wp-block-group-is-layout-flow\">\n<p>Gesch\u00e4ftsmodellmuster werden in den Pilotprojekten der Anwendungspartner angewendet und evaluiert. Diese Prozesse erm\u00f6glichen eine iterative Weiterentwicklung.<\/p>\n<\/div><\/div>\n<\/div><\/div>\n<\/div>\n\n\n\n<div class=\"wp-block-column is-vertically-aligned-top is-layout-flow wp-block-column-is-layout-flow\">\n<h4 class=\"wp-block-heading\"><strong>Designprinzipien und Dokumentation<\/strong><\/h4>\n\n\n\n<hr class=\"wp-block-separator has-alpha-channel-opacity\" \/>\n\n\n\n<p>Designprinzipien f\u00fcr Gesch\u00e4ftsmodelle, die auf AIaaS-basierte Dienstleistungen abzielen, sollen entwickelt werden und eine vorl\u00e4ufige Version der\u00a0<a href=\"https:\/\/www.isse.ruhr-uni-bochum.de\/d-ai-y\/d-ai-y-toolbox\/\">D-AI-Y-Toolbox<\/a>\u00a0soll ebenfalls entstehen.<br>Dokumentierte Erfahrungsberichte der Implementierung und Implementierungsbegleitung sollen ebenfalls zur Verf\u00fcgung stehen.<\/p>\n<\/div>\n<\/div>\n\n\n\n<div style=\"height:50px\" aria-hidden=\"true\" class=\"wp-block-spacer\"><\/div>\n\n\n\n<div class=\"wp-block-buttons is-content-justification-center is-layout-flex wp-container-core-buttons-is-layout-16018d1d wp-block-buttons-is-layout-flex\">\n<div class=\"wp-block-button is-style-primary\"><a class=\"wp-block-button__link wp-element-button\" href=\"https:\/\/www.isse.ruhr-uni-bochum.de\/d-ai-y\/?page_id=256&amp;preview=true\">Mehr \u00fcber die Projektpartner erfahren<\/a><\/div>\n<\/div>\n\n\n\n<div style=\"height:50px\" aria-hidden=\"true\" class=\"wp-block-spacer\"><\/div>\n\n\n\n<p><\/p>\n","protected":false},"excerpt":{"rendered":"<p>Generelle Zielsetzung Die Entwicklung von Gesch\u00e4ftsmodellmustern ist darauf ausgerichtet, den Anwendungspartnern und KMU zu erm\u00f6glichen, AIaaS-basierte Dienstleistungen als Teil ihrer Gesch\u00e4ftsmodelle zu integrieren. Ber\u00fccksichtigung von Reifegrad Bei der Entwicklung der Gesch\u00e4ftsmodellmuster sollen die unterschiedlichen Reifegrade der Unternehmen in Bezug auf Digitalisierung und KI-Kompetenz beachtet werden. Pilotprojekte Gesch\u00e4ftsmodellmuster werden in den Pilotprojekten der Anwendungspartner angewendet und&hellip;&nbsp;<\/p>\n","protected":false},"author":1,"featured_media":0,"parent":0,"menu_order":0,"comment_status":"closed","ping_status":"closed","template":"","meta":{"inline_featured_image":false,"neve_meta_sidebar":"full-width","neve_meta_container":"contained","neve_meta_enable_content_width":"on","neve_meta_content_width":100,"neve_meta_title_alignment":"","neve_meta_author_avatar":"","neve_post_elements_order":"","neve_meta_disable_header":"","neve_meta_disable_footer":"","neve_meta_disable_title":"on","footnotes":""},"class_list":["post-212","page","type-page","status-publish","hentry"],"_links":{"self":[{"href":"https:\/\/www.isse.ruhr-uni-bochum.de\/d-ai-y\/wp-json\/wp\/v2\/pages\/212","targetHints":{"allow":["GET"]}}],"collection":[{"href":"https:\/\/www.isse.ruhr-uni-bochum.de\/d-ai-y\/wp-json\/wp\/v2\/pages"}],"about":[{"href":"https:\/\/www.isse.ruhr-uni-bochum.de\/d-ai-y\/wp-json\/wp\/v2\/types\/page"}],"author":[{"embeddable":true,"href":"https:\/\/www.isse.ruhr-uni-bochum.de\/d-ai-y\/wp-json\/wp\/v2\/users\/1"}],"replies":[{"embeddable":true,"href":"https:\/\/www.isse.ruhr-uni-bochum.de\/d-ai-y\/wp-json\/wp\/v2\/comments?post=212"}],"version-history":[{"count":4,"href":"https:\/\/www.isse.ruhr-uni-bochum.de\/d-ai-y\/wp-json\/wp\/v2\/pages\/212\/revisions"}],"predecessor-version":[{"id":274,"href":"https:\/\/www.isse.ruhr-uni-bochum.de\/d-ai-y\/wp-json\/wp\/v2\/pages\/212\/revisions\/274"}],"wp:attachment":[{"href":"https:\/\/www.isse.ruhr-uni-bochum.de\/d-ai-y\/wp-json\/wp\/v2\/media?parent=212"}],"curies":[{"name":"wp","href":"https:\/\/api.w.org\/{rel}","templated":true}]}}