{"id":221,"date":"2024-07-27T16:02:59","date_gmt":"2024-07-27T14:02:59","guid":{"rendered":"https:\/\/www.isse.ruhr-uni-bochum.de\/d-ai-y\/?page_id=221"},"modified":"2024-08-30T13:30:42","modified_gmt":"2024-08-30T11:30:42","slug":"d-ai-y-toolbox","status":"publish","type":"page","link":"https:\/\/www.isse.ruhr-uni-bochum.de\/d-ai-y\/d-ai-y-toolbox\/","title":{"rendered":"D-AI-Y Toolbox"},"content":{"rendered":"\n<div class=\"wp-block-cover alignfull has-nv-site-bg-color has-text-color has-link-color wp-elements-93a6b7044712cf9fdb7f99309898e4d6 wp-duotone-unset-1\" style=\"min-height:341px;aspect-ratio:unset;\"><span aria-hidden=\"true\" class=\"wp-block-cover__background has-background-dim-60 has-background-dim\" style=\"background-color:#474971\"><\/span><img fetchpriority=\"high\" decoding=\"async\" width=\"1792\" height=\"1024\" class=\"wp-block-cover__image-background wp-image-316\" alt=\"\" src=\"https:\/\/www.isse.ruhr-uni-bochum.de\/d-ai-y\/wp-content\/uploads\/sites\/8\/2024\/07\/tool.webp\" data-object-fit=\"cover\" srcset=\"https:\/\/www.isse.ruhr-uni-bochum.de\/d-ai-y\/wp-content\/uploads\/sites\/8\/2024\/07\/tool.webp 1792w, https:\/\/www.isse.ruhr-uni-bochum.de\/d-ai-y\/wp-content\/uploads\/sites\/8\/2024\/07\/tool-300x171.webp 300w, https:\/\/www.isse.ruhr-uni-bochum.de\/d-ai-y\/wp-content\/uploads\/sites\/8\/2024\/07\/tool-1024x585.webp 1024w, https:\/\/www.isse.ruhr-uni-bochum.de\/d-ai-y\/wp-content\/uploads\/sites\/8\/2024\/07\/tool-768x439.webp 768w, https:\/\/www.isse.ruhr-uni-bochum.de\/d-ai-y\/wp-content\/uploads\/sites\/8\/2024\/07\/tool-1536x878.webp 1536w\" sizes=\"(max-width: 1792px) 100vw, 1792px\" \/><div class=\"wp-block-cover__inner-container is-layout-flow wp-block-cover-is-layout-flow\">\n<h1 class=\"wp-block-heading alignwide has-text-align-center has-nv-light-bg-color has-text-color has-x-large-font-size\">D-AI-Y Toolbox<\/h1>\n<\/div><\/div>\n\n\n\n<div style=\"height:65px\" aria-hidden=\"true\" class=\"wp-block-spacer\"><\/div>\n\n\n\n<p><strong>Die Entwicklung eines Online-Portals zum Self-Assessment des Einsatzes von AIaaS-basierten Dienstleistungen und deren Integration in bestehende Gesch\u00e4ftsmodelle f\u00fcr KMU.<\/strong><\/p>\n\n\n\n<p>Die D-AI-Y Toolbox b\u00fcndelt sowohl Gesch\u00e4ftsmodellmuster als auch Implementierungskonzept-Archetypen und unterst\u00fctzt mit konkreten Handreichungen die erfolgreiche Integration von AIaaS-Angeboten in eigene Gesch\u00e4ftsmodelle von KMU (Klein- und Mittelst\u00e4ndige Unternehmen).<\/p>\n\n\n\n<p>Dabei umfasst diese eine Sammlung aus verschiedenen Bausteinen, technischen Komponenten und Methoden, die f\u00fcr die einzelnen Ziele der Projektpartner und deren Gesch\u00e4ftsmodelle erforderlich sind. Diese k\u00f6nnen w\u00e4hrend der Projektlaufzeit sowohl f\u00fcr Verbesserungen und Erweiterungen der bestehenden Gesch\u00e4ftsmodelle als auch f\u00fcr die Dissemination der Projektergebnisse genutzt werden. Die Toolbox bildet dabei die Grundlage f\u00fcr die Self-Assessment-Plattform, die es auch anderen KMU erm\u00f6glicht, den bisherigen Einsatz sowie die Potenziale f\u00fcr den Einsatz von KI selbst\u00e4ndig zu bewerten. Mit Hilfe der D-AI-Y Toolbox lassen sich zudem die Werkzeuge und Methoden, die f\u00fcr die Erstellung und Erweiterung der Gesch\u00e4ftsmodelle notwendig sind, systematisch katalogisieren. Dabei liegt der Fokus auf einer branchen- und unternehmens\u00fcbergreifenden Entwicklung, welche Implementierungsoptionen f\u00fcr AIaaS bietet, die nicht nur auf Produktionsabl\u00e4ufe beschr\u00e4nkt sind. Sie k\u00f6nnen prozess\u00fcbergreifend an verschiedenen Stellen im Gesch\u00e4ftsmodell integriert werden.<\/p>\n\n\n\n<p>Insgesamt bietet die D-AI-Y Toolbox KMU die M\u00f6glichkeit, K\u00fcnstliche Intelligenz problemlos in neue, datenbasierte Dienstleistungen zu implementieren und so die Wettbewerbsf\u00e4higkeit der KMU zu st\u00e4rken und zu verbessern.<\/p>\n\n\n\n<hr class=\"wp-block-separator has-alpha-channel-opacity\" \/>\n\n\n\n<p class=\"has-medium-font-size\"><mark style=\"background-color:var(--nv-site-bg)\" class=\"has-inline-color has-neve-link-hover-color-color\"><strong>Inhalt der D-AI-Y Toolbox<\/strong><\/mark><\/p>\n\n\n\n<p>Die D-AI-Y Toolbox basiert auf konkreten Anwendungsf\u00e4llen und umfasst im Wesentlichen folgende Komponenten:<\/p>\n\n\n\n<div class=\"wp-block-media-text has-media-on-the-right is-stacked-on-mobile has-nv-light-bg-background-color has-background\" style=\"grid-template-columns:auto 46%\"><div class=\"wp-block-media-text__content\">\n<ul class=\"wp-block-list\">\n<li><em>Abstrahierte Anforderungen<\/em><\/li>\n\n\n\n<li><em>Hinweise zur Schnittstellenspezifikation im Kontext von AIaaS<\/em><\/li>\n\n\n\n<li><em>Gesch\u00e4ftsmodellmuster<\/em><\/li>\n\n\n\n<li><em>Implementierungskonzept-Archetypen<\/em><\/li>\n\n\n\n<li><em>Schulungs- und Implementierungsbegleitungskonzepte<\/em><\/li>\n\n\n\n<li><em>Gestaltungsorientierte Designprinzipien<\/em><\/li>\n\n\n\n<li><em>Online-Portal f\u00fcr das Self-Assessment des Einsatzes von AIaaS-basierten Dienstleistungen und deren Integration in bestehende Gesch\u00e4ftsmodelle f\u00fcr KMU &#8211; erleichterter technischer Zugang zu einer Auswahl geeigneter AIaaS-Angebote.<\/em><\/li>\n\n\n\n<li><em>Workshop-Konzepte zur Bef\u00e4higung von KMU, AIaaS-basierte Dienstleistungen zu entwickeln und in ihre bestehenden Gesch\u00e4ftsmodelle zu integrieren.<\/em><\/li>\n<\/ul>\n<\/div><figure class=\"wp-block-media-text__media\"><img decoding=\"async\" width=\"1024\" height=\"585\" data-src=\"https:\/\/www.isse.ruhr-uni-bochum.de\/d-ai-y\/wp-content\/uploads\/sites\/8\/2024\/07\/A_detailed_and_vibrant_image_of_a_Do_AI_Yourself_-1-1024x585.webp\" alt=\"\" class=\"wp-image-223 size-full lazyload\" data-srcset=\"https:\/\/www.isse.ruhr-uni-bochum.de\/d-ai-y\/wp-content\/uploads\/sites\/8\/2024\/07\/A_detailed_and_vibrant_image_of_a_Do_AI_Yourself_-1-1024x585.webp 1024w, https:\/\/www.isse.ruhr-uni-bochum.de\/d-ai-y\/wp-content\/uploads\/sites\/8\/2024\/07\/A_detailed_and_vibrant_image_of_a_Do_AI_Yourself_-1-300x171.webp 300w, https:\/\/www.isse.ruhr-uni-bochum.de\/d-ai-y\/wp-content\/uploads\/sites\/8\/2024\/07\/A_detailed_and_vibrant_image_of_a_Do_AI_Yourself_-1-768x439.webp 768w, https:\/\/www.isse.ruhr-uni-bochum.de\/d-ai-y\/wp-content\/uploads\/sites\/8\/2024\/07\/A_detailed_and_vibrant_image_of_a_Do_AI_Yourself_-1-1536x878.webp 1536w, https:\/\/www.isse.ruhr-uni-bochum.de\/d-ai-y\/wp-content\/uploads\/sites\/8\/2024\/07\/A_detailed_and_vibrant_image_of_a_Do_AI_Yourself_-1.webp 1792w\" data-sizes=\"(max-width: 1024px) 100vw, 1024px\" src=\"data:image\/svg+xml;base64,PHN2ZyB3aWR0aD0iMSIgaGVpZ2h0PSIxIiB4bWxucz0iaHR0cDovL3d3dy53My5vcmcvMjAwMC9zdmciPjwvc3ZnPg==\" style=\"--smush-placeholder-width: 1024px; --smush-placeholder-aspect-ratio: 1024\/585;\" \/><\/figure><\/div>\n\n\n\n<p><\/p>\n","protected":false},"excerpt":{"rendered":"<p>Die Entwicklung eines Online-Portals zum Self-Assessment des Einsatzes von AIaaS-basierten Dienstleistungen und deren Integration in bestehende Gesch\u00e4ftsmodelle f\u00fcr KMU. Die D-AI-Y Toolbox b\u00fcndelt sowohl Gesch\u00e4ftsmodellmuster als auch Implementierungskonzept-Archetypen und unterst\u00fctzt mit konkreten Handreichungen die erfolgreiche Integration von AIaaS-Angeboten in eigene Gesch\u00e4ftsmodelle von KMU (Klein- und Mittelst\u00e4ndige Unternehmen). Dabei umfasst diese eine Sammlung aus verschiedenen Bausteinen,&hellip;&nbsp;<\/p>\n","protected":false},"author":1,"featured_media":0,"parent":0,"menu_order":0,"comment_status":"closed","ping_status":"closed","template":"","meta":{"inline_featured_image":false,"neve_meta_sidebar":"","neve_meta_container":"","neve_meta_enable_content_width":"","neve_meta_content_width":0,"neve_meta_title_alignment":"","neve_meta_author_avatar":"","neve_post_elements_order":"","neve_meta_disable_header":"","neve_meta_disable_footer":"","neve_meta_disable_title":"on","footnotes":""},"class_list":["post-221","page","type-page","status-publish","hentry"],"_links":{"self":[{"href":"https:\/\/www.isse.ruhr-uni-bochum.de\/d-ai-y\/wp-json\/wp\/v2\/pages\/221","targetHints":{"allow":["GET"]}}],"collection":[{"href":"https:\/\/www.isse.ruhr-uni-bochum.de\/d-ai-y\/wp-json\/wp\/v2\/pages"}],"about":[{"href":"https:\/\/www.isse.ruhr-uni-bochum.de\/d-ai-y\/wp-json\/wp\/v2\/types\/page"}],"author":[{"embeddable":true,"href":"https:\/\/www.isse.ruhr-uni-bochum.de\/d-ai-y\/wp-json\/wp\/v2\/users\/1"}],"replies":[{"embeddable":true,"href":"https:\/\/www.isse.ruhr-uni-bochum.de\/d-ai-y\/wp-json\/wp\/v2\/comments?post=221"}],"version-history":[{"count":16,"href":"https:\/\/www.isse.ruhr-uni-bochum.de\/d-ai-y\/wp-json\/wp\/v2\/pages\/221\/revisions"}],"predecessor-version":[{"id":341,"href":"https:\/\/www.isse.ruhr-uni-bochum.de\/d-ai-y\/wp-json\/wp\/v2\/pages\/221\/revisions\/341"}],"wp:attachment":[{"href":"https:\/\/www.isse.ruhr-uni-bochum.de\/d-ai-y\/wp-json\/wp\/v2\/media?parent=221"}],"curies":[{"name":"wp","href":"https:\/\/api.w.org\/{rel}","templated":true}]}}