{"id":256,"date":"2024-07-27T14:21:16","date_gmt":"2024-07-27T12:21:16","guid":{"rendered":"https:\/\/www.isse.ruhr-uni-bochum.de\/d-ai-y\/?page_id=256"},"modified":"2024-09-09T14:20:53","modified_gmt":"2024-09-09T12:20:53","slug":"projektkonsortium","status":"publish","type":"page","link":"https:\/\/www.isse.ruhr-uni-bochum.de\/d-ai-y\/projektkonsortium\/","title":{"rendered":"Projektkonsortium"},"content":{"rendered":"\n<div style=\"height:50px\" aria-hidden=\"true\" class=\"wp-block-spacer\"><\/div>\n\n\n\n<div class=\"wp-block-group has-nv-site-bg-background-color has-background\"><div class=\"wp-block-group__inner-container is-layout-flow wp-block-group-is-layout-flow\">\n<h2 class=\"wp-block-heading\">Forschungspartner<\/h2>\n\n\n\n<div class=\"wp-block-columns are-vertically-aligned-center is-layout-flex wp-container-core-columns-is-layout-9d6595d7 wp-block-columns-is-layout-flex\">\n<div class=\"wp-block-column is-vertically-aligned-center has-nv-light-bg-background-color has-background is-layout-flow wp-block-column-is-layout-flow\">\n<div class=\"wp-block-columns is-layout-flex wp-container-core-columns-is-layout-9d6595d7 wp-block-columns-is-layout-flex\">\n<div class=\"wp-block-column is-vertically-aligned-center is-layout-flow wp-block-column-is-layout-flow\" style=\"flex-basis:33.33%\"><div class=\"wp-block-image\">\n<figure class=\"aligncenter size-medium is-resized\"><img fetchpriority=\"high\" decoding=\"async\" width=\"1276\" height=\"585\" src=\"https:\/\/www.isse.ruhr-uni-bochum.de\/d-ai-y\/wp-content\/uploads\/sites\/8\/2024\/09\/isse_logo_long-1.svg\" alt=\"\" class=\"wp-image-422\" style=\"width:350px;height:auto\" \/><\/figure>\n<\/div><\/div>\n\n\n\n<div class=\"wp-block-column is-layout-flow wp-block-column-is-layout-flow\" style=\"flex-basis:60%\">\n<div style=\"height:50px\" aria-hidden=\"true\" class=\"wp-block-spacer\"><\/div>\n\n\n\n<div class=\"wp-block-columns is-layout-flex wp-container-core-columns-is-layout-9d6595d7 wp-block-columns-is-layout-flex\">\n<div class=\"wp-block-column is-vertically-aligned-center is-layout-flow wp-block-column-is-layout-flow\">\n<h4 class=\"wp-block-heading\">Lehrstuhl f\u00fcr Industrial Sales and Service Engineering<\/h4>\n\n\n\n<hr class=\"wp-block-separator has-alpha-channel-opacity\" \/>\n\n\n\n<p>Der Lehrstuhl f\u00fcr Industrial Sales and Service Engineering (ISSE) an der Fakult\u00e4t f\u00fcr Maschinenbau der Ruhr-Universit\u00e4t Bochum unter Leitung von Prof. Dr. Jens P\u00f6ppelbu\u00df vertritt Themen des industriellen Kunden-, Vertriebs- und Servicemanagements in Forschung und Lehre. Die interdisziplin\u00e4ren und anwendungsnahen Forschungsaktivit\u00e4ten des Lehrstuhls verbinden technische und betriebswirtschaftliche sowie vertriebliche Fragestellungen im Kontext einer zunehmenden Digitalisierung, Vernetzung, Kundenorientierung und Tertiarisierung der industriellen Wertsch\u00f6pfung. Das Lehrstuhlteam forscht insbesondere zur Innovation und Digitalisierung von Dienstleistungen in Business-to-Business-Kontexten.<\/p>\n<\/div>\n<\/div>\n<\/div>\n<\/div>\n<\/div>\n<\/div>\n\n\n\n<div class=\"wp-block-columns are-vertically-aligned-center is-layout-flex wp-container-core-columns-is-layout-9d6595d7 wp-block-columns-is-layout-flex\">\n<div class=\"wp-block-column is-vertically-aligned-center has-nv-light-bg-background-color has-background is-layout-flow wp-block-column-is-layout-flow\">\n<div class=\"wp-block-columns is-layout-flex wp-container-core-columns-is-layout-9d6595d7 wp-block-columns-is-layout-flex\">\n<div class=\"wp-block-column is-vertically-aligned-center is-layout-flow wp-block-column-is-layout-flow\" style=\"flex-basis:33.33%\"><div class=\"wp-block-image\">\n<figure class=\"aligncenter size-full is-resized\"><img decoding=\"async\" width=\"916\" height=\"287\" src=\"https:\/\/www.isse.ruhr-uni-bochum.de\/d-ai-y\/wp-content\/uploads\/sites\/8\/2024\/09\/logo_enterprise-computing_typo3-1.svg\" alt=\"\" class=\"wp-image-419\" style=\"width:343px;height:auto\" \/><\/figure>\n<\/div><\/div>\n\n\n\n<div class=\"wp-block-column is-layout-flow wp-block-column-is-layout-flow\" style=\"flex-basis:60%\">\n<div style=\"height:50px\" aria-hidden=\"true\" class=\"wp-block-spacer\"><\/div>\n\n\n\n<div class=\"wp-block-columns is-layout-flex wp-container-core-columns-is-layout-9d6595d7 wp-block-columns-is-layout-flex\">\n<div class=\"wp-block-column is-vertically-aligned-center is-layout-flow wp-block-column-is-layout-flow\">\n<h4 class=\"wp-block-heading\">Lehrstuhl f\u00fcr Enterprise Computing<\/h4>\n\n\n\n<hr class=\"wp-block-separator has-alpha-channel-opacity\" \/>\n\n\n\n<p>Der Lehrstuhl f\u00fcr Enterprise Computing an der Technischen Universit\u00e4t Dortmund, geleitet von Prof. Dr. Christian Janiesch, erforscht die sozio-technische Gestaltung intelligenter Informationssysteme mit einem Fokus auf maschinelles Lernen und die Erkl\u00e4rbarkeit von KI. Schwerpunkte sind das Prozessmanagement und die Prozessanalyse zur Verbesserung betrieblicher Informationssysteme, insbesondere durch den Einsatz von KI-Technologien. Ziel ist es, die Herausforderungen der Nutzung von AIaaS in deutschen KMUs besser zu verstehen und Gestaltungsempfehlungen f\u00fcr einen erfolgreichen Einsatz in der Praxis zu entwickeln. Dies soll Hemmnisse abbauen, Kosten und Unsicherheit senken und neue Gesch\u00e4ftsm\u00f6glichkeiten schaffen. Die Erkenntnisse werden in der Lehre und weiteren Forschung genutzt.<\/p>\n<\/div>\n<\/div>\n<\/div>\n<\/div>\n<\/div>\n<\/div>\n<\/div><\/div>\n\n\n\n<div style=\"height:50px\" aria-hidden=\"true\" class=\"wp-block-spacer\"><\/div>\n\n\n\n<h2 class=\"wp-block-heading\">Implementierungs- und Anwendungspartner<\/h2>\n\n\n\n<div class=\"wp-block-columns are-vertically-aligned-center is-layout-flex wp-container-core-columns-is-layout-9d6595d7 wp-block-columns-is-layout-flex\">\n<div class=\"wp-block-column is-vertically-aligned-center has-nv-light-bg-background-color has-background is-layout-flow wp-block-column-is-layout-flow\">\n<div class=\"wp-block-columns is-layout-flex wp-container-core-columns-is-layout-9d6595d7 wp-block-columns-is-layout-flex\">\n<div class=\"wp-block-column is-vertically-aligned-center is-layout-flow wp-block-column-is-layout-flow\" style=\"flex-basis:33.33%\"><div class=\"wp-block-image\">\n<figure class=\"aligncenter size-full\"><img decoding=\"async\" width=\"300\" height=\"38\" data-src=\"https:\/\/www.isse.ruhr-uni-bochum.de\/d-ai-y\/wp-content\/uploads\/sites\/8\/2024\/09\/actiware-300x38-removebg-preview.png\" alt=\"\" class=\"wp-image-408 lazyload\" src=\"data:image\/svg+xml;base64,PHN2ZyB3aWR0aD0iMSIgaGVpZ2h0PSIxIiB4bWxucz0iaHR0cDovL3d3dy53My5vcmcvMjAwMC9zdmciPjwvc3ZnPg==\" style=\"--smush-placeholder-width: 300px; --smush-placeholder-aspect-ratio: 300\/38;\" \/><\/figure>\n<\/div><\/div>\n\n\n\n<div class=\"wp-block-column is-layout-flow wp-block-column-is-layout-flow\" style=\"flex-basis:60%\">\n<div style=\"height:50px\" aria-hidden=\"true\" class=\"wp-block-spacer\"><\/div>\n\n\n\n<div class=\"wp-block-columns is-layout-flex wp-container-core-columns-is-layout-9d6595d7 wp-block-columns-is-layout-flex\">\n<div class=\"wp-block-column is-vertically-aligned-center is-layout-flow wp-block-column-is-layout-flow\">\n<h4 class=\"wp-block-heading\">ACTIWARE Development GmbH<\/h4>\n\n\n\n<hr class=\"wp-block-separator has-alpha-channel-opacity\" \/>\n\n\n\n<p>Die Actiware Development GmbH, ein Software-Unternehmen aus Dortmund, entwickelt innovative L\u00f6sungen zur Digitalisierung im Informationsmanagement. Ihre Technologien bieten umfassende Informationstransparenz, nachhaltige Prozessautomatisierung und Nachverfolgung. Mit ACTIWARE.IO, ihrer intelligenten No-Code Plattform, vereinen sie Business-Daten, Dokumente und IoT-Aufzeichnungen, um unter anderem echte Informationstransparenz zu schaffen. Ihre L\u00f6sungen f\u00f6rdern nachhaltige Prozessautomatisierung und bieten Anwendern schnellen Zugriff auf relevante Informationen. ACT verf\u00fcgt \u00fcber umfangreiche Erfahrung als Verbundpartner in Blockchain-Projekten, insbesondere zur Lieferkettennachverfolgung und zur Plattformentwicklung. Zus\u00e4tzlich ist ACT Hersteller einer Middleware-Software mit KI-Komponenten f\u00fcr ECM-Systeme und bietet ein eigenes ECM-System, das IIoT-Daten integriert. Durch die umfassende Erfahrung in der Implementierung von Dienstleistungsarchitekturen ist Actiware ideal als Implementierungspartner geeignet.<\/p>\n<\/div>\n<\/div>\n<\/div>\n<\/div>\n<\/div>\n<\/div>\n\n\n\n<div class=\"wp-block-columns are-vertically-aligned-center is-layout-flex wp-container-core-columns-is-layout-9d6595d7 wp-block-columns-is-layout-flex\">\n<div class=\"wp-block-column is-vertically-aligned-center has-nv-light-bg-background-color has-background is-layout-flow wp-block-column-is-layout-flow\">\n<div class=\"wp-block-columns is-layout-flex wp-container-core-columns-is-layout-9d6595d7 wp-block-columns-is-layout-flex\">\n<div class=\"wp-block-column is-vertically-aligned-center is-layout-flow wp-block-column-is-layout-flow\" style=\"flex-basis:33.33%\"><div class=\"wp-block-image\">\n<figure class=\"aligncenter size-full is-resized\"><img decoding=\"async\" width=\"275\" height=\"64\" data-src=\"https:\/\/www.isse.ruhr-uni-bochum.de\/d-ai-y\/wp-content\/uploads\/sites\/8\/2024\/09\/acp-removebg-preview.png\" alt=\"\" class=\"wp-image-407 lazyload\" style=\"--smush-placeholder-width: 275px; --smush-placeholder-aspect-ratio: 275\/64;width:370px;height:auto\" src=\"data:image\/svg+xml;base64,PHN2ZyB3aWR0aD0iMSIgaGVpZ2h0PSIxIiB4bWxucz0iaHR0cDovL3d3dy53My5vcmcvMjAwMC9zdmciPjwvc3ZnPg==\" \/><\/figure>\n<\/div><\/div>\n\n\n\n<div class=\"wp-block-column is-layout-flow wp-block-column-is-layout-flow\" style=\"flex-basis:60%\">\n<div style=\"height:50px\" aria-hidden=\"true\" class=\"wp-block-spacer\"><\/div>\n\n\n\n<div class=\"wp-block-columns is-layout-flex wp-container-core-columns-is-layout-9d6595d7 wp-block-columns-is-layout-flex\">\n<div class=\"wp-block-column is-vertically-aligned-center is-layout-flow wp-block-column-is-layout-flow\">\n<h4 class=\"wp-block-heading\">acp systems AG<\/h4>\n\n\n\n<hr class=\"wp-block-separator has-alpha-channel-opacity\" \/>\n\n\n\n<p>Die acp systems AG ist ein f\u00fchrender Anbieter von Technologien f\u00fcr advanced clean production mit Sitz in Deutschland. Das Unternehmen, gegr\u00fcndet 1997, spezialisiert sich auf die quattroClean-Schneestrahlreinigung, Mikrodosierung und intelligente Handhabungsl\u00f6sungen. acp systems AG unterst\u00fctzt weltweit Unternehmen, insbesondere in der Elektronik-, Medizin- und Automobilindustrie, bei der Automatisierung und Integration hochentwickelter Produktionsprozesse. Als Familienunternehmen engagiert sich acp f\u00fcr Innovation und Nachhaltigkeit.<\/p>\n<\/div>\n<\/div>\n<\/div>\n<\/div>\n<\/div>\n<\/div>\n\n\n\n<div class=\"wp-block-columns are-vertically-aligned-center is-layout-flex wp-container-core-columns-is-layout-9d6595d7 wp-block-columns-is-layout-flex\">\n<div class=\"wp-block-column is-vertically-aligned-center has-nv-light-bg-background-color has-background is-layout-flow wp-block-column-is-layout-flow\">\n<div class=\"wp-block-columns is-layout-flex wp-container-core-columns-is-layout-9d6595d7 wp-block-columns-is-layout-flex\">\n<div class=\"wp-block-column is-vertically-aligned-center is-layout-flow wp-block-column-is-layout-flow\" style=\"flex-basis:33.33%\"><div class=\"wp-block-image\">\n<figure class=\"aligncenter size-full is-resized\"><img loading=\"lazy\" decoding=\"async\" width=\"217\" height=\"58\" src=\"https:\/\/www.isse.ruhr-uni-bochum.de\/d-ai-y\/wp-content\/uploads\/sites\/8\/2024\/07\/3_logo_Reuschling.svg\" alt=\"\" class=\"wp-image-229\" style=\"width:241px;height:auto\" \/><\/figure>\n<\/div><\/div>\n\n\n\n<div class=\"wp-block-column is-layout-flow wp-block-column-is-layout-flow\" style=\"flex-basis:60%\">\n<div style=\"height:50px\" aria-hidden=\"true\" class=\"wp-block-spacer\"><\/div>\n\n\n\n<div class=\"wp-block-columns is-layout-flex wp-container-core-columns-is-layout-9d6595d7 wp-block-columns-is-layout-flex\">\n<div class=\"wp-block-column is-vertically-aligned-center is-layout-flow wp-block-column-is-layout-flow\">\n<h4 class=\"wp-block-heading\"><strong>Alstom Reuschling Service GmbH &amp; Co. KG<\/strong><\/h4>\n\n\n\n<hr class=\"wp-block-separator has-alpha-channel-opacity\" \/>\n\n\n\n<p>Alstom Reuschling Service GmbH &amp; Co. KG, gegr\u00fcndet 1914, ist ein erfahrener Instandhaltungs- und Engineering-Dienstleister f\u00fcr Schienenfahrzeuge. Sie bieten umfassende, herstellerneutrale L\u00f6sungen und haben sich auf die Instandhaltung und Zustands\u00fcberwachung von Lokomotiven spezialisiert, einschlie\u00dflich der Nutzung ihres Condition Monitoring Systems J.I.M.<\/p>\n<\/div>\n<\/div>\n<\/div>\n<\/div>\n<\/div>\n<\/div>\n\n\n\n<div class=\"wp-block-columns are-vertically-aligned-center is-layout-flex wp-container-core-columns-is-layout-9d6595d7 wp-block-columns-is-layout-flex\">\n<div class=\"wp-block-column is-vertically-aligned-center has-nv-light-bg-background-color has-background is-layout-flow wp-block-column-is-layout-flow\">\n<div class=\"wp-block-columns is-layout-flex wp-container-core-columns-is-layout-9d6595d7 wp-block-columns-is-layout-flex\">\n<div class=\"wp-block-column is-vertically-aligned-center is-layout-flow wp-block-column-is-layout-flow\" style=\"flex-basis:33.33%\"><div class=\"wp-block-image\">\n<figure class=\"aligncenter size-full is-resized\"><img decoding=\"async\" width=\"150\" height=\"150\" data-src=\"https:\/\/www.isse.ruhr-uni-bochum.de\/d-ai-y\/wp-content\/uploads\/sites\/8\/2024\/09\/Motionminers-edited-150x150-removebg-preview.png\" alt=\"\" class=\"wp-image-403 lazyload\" style=\"--smush-placeholder-width: 150px; --smush-placeholder-aspect-ratio: 150\/150;aspect-ratio:0.92;width:160px;height:auto\" data-srcset=\"https:\/\/www.isse.ruhr-uni-bochum.de\/d-ai-y\/wp-content\/uploads\/sites\/8\/2024\/09\/Motionminers-edited-150x150-removebg-preview.png 150w, https:\/\/www.isse.ruhr-uni-bochum.de\/d-ai-y\/wp-content\/uploads\/sites\/8\/2024\/09\/Motionminers-edited-150x150-removebg-preview-45x45.png 45w\" data-sizes=\"(max-width: 150px) 100vw, 150px\" src=\"data:image\/svg+xml;base64,PHN2ZyB3aWR0aD0iMSIgaGVpZ2h0PSIxIiB4bWxucz0iaHR0cDovL3d3dy53My5vcmcvMjAwMC9zdmciPjwvc3ZnPg==\" \/><\/figure>\n<\/div><\/div>\n\n\n\n<div class=\"wp-block-column is-layout-flow wp-block-column-is-layout-flow\" style=\"flex-basis:60%\">\n<div style=\"height:50px\" aria-hidden=\"true\" class=\"wp-block-spacer\"><\/div>\n\n\n\n<div class=\"wp-block-columns is-layout-flex wp-container-core-columns-is-layout-9d6595d7 wp-block-columns-is-layout-flex\">\n<div class=\"wp-block-column is-vertically-aligned-center is-layout-flow wp-block-column-is-layout-flow\">\n<h4 class=\"wp-block-heading\">MotionMiners GmbH<\/h4>\n\n\n\n<hr class=\"wp-block-separator has-alpha-channel-opacity\" \/>\n\n\n\n<p>Die MotionMiners GmbH, gegr\u00fcndet im Jahr 2017, spezialisiert sich auf die ganzheitliche Digitalisierung im Informationsmanagement, insbesondere in den Bereichen Logistik und Dienstleistungen. Mit den Produkten MotionMiners Insights, Solutions und Ergonomics bietet das Unternehmen Plattformen f\u00fcr Prozessanalyse, -optimierung und Ergonomieschulung. MotionMiners hat erfolgreich in mehreren F\u00f6rderprojekten mit Forschungspartnern wie dem ISSE der RUB zusammengearbeitet. Das Entwicklungsteam fokussiert sich auf Hardware (Sensorik), Device-Software (Datenverarbeitung und Upload), DevOps &amp; Middleware (Cloud-Infrastruktur) sowie Plattformentwicklung (KI und Datenanalyse).<\/p>\n<\/div>\n<\/div>\n<\/div>\n<\/div>\n<\/div>\n<\/div>\n\n\n\n<div class=\"wp-block-columns are-vertically-aligned-center is-layout-flex wp-container-core-columns-is-layout-9d6595d7 wp-block-columns-is-layout-flex\">\n<div class=\"wp-block-column is-vertically-aligned-center has-nv-light-bg-background-color has-background is-layout-flow wp-block-column-is-layout-flow\">\n<div class=\"wp-block-columns is-layout-flex wp-container-core-columns-is-layout-9d6595d7 wp-block-columns-is-layout-flex\">\n<div class=\"wp-block-column is-vertically-aligned-center is-layout-flow wp-block-column-is-layout-flow\" style=\"flex-basis:33.33%\"><div class=\"wp-block-image\">\n<figure class=\"aligncenter size-full is-resized\"><img decoding=\"async\" width=\"957\" height=\"261\" data-src=\"https:\/\/www.isse.ruhr-uni-bochum.de\/d-ai-y\/wp-content\/uploads\/sites\/8\/2024\/09\/logo_bmindustrial-removebg-preview.png\" alt=\"\" class=\"wp-image-405 lazyload\" style=\"--smush-placeholder-width: 957px; --smush-placeholder-aspect-ratio: 957\/261;aspect-ratio:2.393617021276596;width:225px;height:auto\" data-srcset=\"https:\/\/www.isse.ruhr-uni-bochum.de\/d-ai-y\/wp-content\/uploads\/sites\/8\/2024\/09\/logo_bmindustrial-removebg-preview.png 957w, https:\/\/www.isse.ruhr-uni-bochum.de\/d-ai-y\/wp-content\/uploads\/sites\/8\/2024\/09\/logo_bmindustrial-removebg-preview-300x82.png 300w, https:\/\/www.isse.ruhr-uni-bochum.de\/d-ai-y\/wp-content\/uploads\/sites\/8\/2024\/09\/logo_bmindustrial-removebg-preview-768x209.png 768w\" data-sizes=\"(max-width: 957px) 100vw, 957px\" src=\"data:image\/svg+xml;base64,PHN2ZyB3aWR0aD0iMSIgaGVpZ2h0PSIxIiB4bWxucz0iaHR0cDovL3d3dy53My5vcmcvMjAwMC9zdmciPjwvc3ZnPg==\" \/><\/figure>\n<\/div><\/div>\n\n\n\n<div class=\"wp-block-column is-layout-flow wp-block-column-is-layout-flow\" style=\"flex-basis:60%\">\n<div style=\"height:50px\" aria-hidden=\"true\" class=\"wp-block-spacer\"><\/div>\n\n\n\n<div class=\"wp-block-columns is-layout-flex wp-container-core-columns-is-layout-9d6595d7 wp-block-columns-is-layout-flex\">\n<div class=\"wp-block-column is-vertically-aligned-center is-layout-flow wp-block-column-is-layout-flow\">\n<h4 class=\"wp-block-heading\">B &amp; M Industrial Services GmbH<\/h4>\n\n\n\n<hr class=\"wp-block-separator has-alpha-channel-opacity\" \/>\n\n\n\n<p>Die B &amp; M Industrial Services GmbH wurde im Oktober 2020 gegr\u00fcndet und bietet umfassenden Service f\u00fcr Maschinenparks, inklusive Wartung, Reparatur und Optimierung von Verpackungsmaschinen. Das Unternehmen ist f\u00fchrend im Bereich E-Zigaretten und E-Liquids und hat bis Juni 2024 \u00fcber 40 Maschinenprojekte realisiert. Als unabh\u00e4ngiger Industriedienstleister unterst\u00fctzt B &amp; M andere Maschinenbauer durch Montagearbeiten und Service. B &amp; M ist spezialisiert auf Maschinenbau, Steuerungstechnik und die Visualisierung von Maschinenprozessen.<\/p>\n<\/div>\n<\/div>\n<\/div>\n<\/div>\n<\/div>\n<\/div>\n\n\n\n<div style=\"height:50px\" aria-hidden=\"true\" class=\"wp-block-spacer\"><\/div>\n","protected":false},"excerpt":{"rendered":"<p>Forschungspartner Lehrstuhl f\u00fcr Industrial Sales and Service Engineering Der Lehrstuhl f\u00fcr Industrial Sales and Service Engineering (ISSE) an der Fakult\u00e4t f\u00fcr Maschinenbau der Ruhr-Universit\u00e4t Bochum unter Leitung von Prof. Dr. Jens P\u00f6ppelbu\u00df vertritt Themen des industriellen Kunden-, Vertriebs- und Servicemanagements in Forschung und Lehre. Die interdisziplin\u00e4ren und anwendungsnahen Forschungsaktivit\u00e4ten des Lehrstuhls verbinden technische und betriebswirtschaftliche&hellip;&nbsp;<\/p>\n","protected":false},"author":1,"featured_media":0,"parent":0,"menu_order":0,"comment_status":"closed","ping_status":"closed","template":"","meta":{"inline_featured_image":false,"neve_meta_sidebar":"","neve_meta_container":"","neve_meta_enable_content_width":"","neve_meta_content_width":0,"neve_meta_title_alignment":"","neve_meta_author_avatar":"","neve_post_elements_order":"","neve_meta_disable_header":"","neve_meta_disable_footer":"","neve_meta_disable_title":"","footnotes":""},"class_list":["post-256","page","type-page","status-publish","hentry"],"_links":{"self":[{"href":"https:\/\/www.isse.ruhr-uni-bochum.de\/d-ai-y\/wp-json\/wp\/v2\/pages\/256","targetHints":{"allow":["GET"]}}],"collection":[{"href":"https:\/\/www.isse.ruhr-uni-bochum.de\/d-ai-y\/wp-json\/wp\/v2\/pages"}],"about":[{"href":"https:\/\/www.isse.ruhr-uni-bochum.de\/d-ai-y\/wp-json\/wp\/v2\/types\/page"}],"author":[{"embeddable":true,"href":"https:\/\/www.isse.ruhr-uni-bochum.de\/d-ai-y\/wp-json\/wp\/v2\/users\/1"}],"replies":[{"embeddable":true,"href":"https:\/\/www.isse.ruhr-uni-bochum.de\/d-ai-y\/wp-json\/wp\/v2\/comments?post=256"}],"version-history":[{"count":11,"href":"https:\/\/www.isse.ruhr-uni-bochum.de\/d-ai-y\/wp-json\/wp\/v2\/pages\/256\/revisions"}],"predecessor-version":[{"id":433,"href":"https:\/\/www.isse.ruhr-uni-bochum.de\/d-ai-y\/wp-json\/wp\/v2\/pages\/256\/revisions\/433"}],"wp:attachment":[{"href":"https:\/\/www.isse.ruhr-uni-bochum.de\/d-ai-y\/wp-json\/wp\/v2\/media?parent=256"}],"curies":[{"name":"wp","href":"https:\/\/api.w.org\/{rel}","templated":true}]}}