{"id":435,"date":"2024-09-23T11:48:52","date_gmt":"2024-09-23T09:48:52","guid":{"rendered":"https:\/\/www.isse.ruhr-uni-bochum.de\/d-ai-y\/?page_id=435"},"modified":"2024-09-23T14:25:17","modified_gmt":"2024-09-23T12:25:17","slug":"archetypische-implementierungskonzepte","status":"publish","type":"page","link":"https:\/\/www.isse.ruhr-uni-bochum.de\/d-ai-y\/archetypische-implementierungskonzepte\/","title":{"rendered":"Archetypische Implementierungskonzepte"},"content":{"rendered":"\n<div class=\"wp-block-cover alignfull\" style=\"min-height:354px;aspect-ratio:unset;\"><span aria-hidden=\"true\" class=\"wp-block-cover__background has-neve-link-color-background-color has-background-dim-30 has-background-dim\"><\/span><img fetchpriority=\"high\" decoding=\"async\" width=\"1792\" height=\"1024\" class=\"wp-block-cover__image-background wp-image-438\" alt=\"\" src=\"https:\/\/www.isse.ruhr-uni-bochum.de\/d-ai-y\/wp-content\/uploads\/sites\/8\/2024\/09\/arche_impl.png\" data-object-fit=\"cover\" srcset=\"https:\/\/www.isse.ruhr-uni-bochum.de\/d-ai-y\/wp-content\/uploads\/sites\/8\/2024\/09\/arche_impl.png 1792w, https:\/\/www.isse.ruhr-uni-bochum.de\/d-ai-y\/wp-content\/uploads\/sites\/8\/2024\/09\/arche_impl-300x171.png 300w, https:\/\/www.isse.ruhr-uni-bochum.de\/d-ai-y\/wp-content\/uploads\/sites\/8\/2024\/09\/arche_impl-1024x585.png 1024w, https:\/\/www.isse.ruhr-uni-bochum.de\/d-ai-y\/wp-content\/uploads\/sites\/8\/2024\/09\/arche_impl-768x439.png 768w, https:\/\/www.isse.ruhr-uni-bochum.de\/d-ai-y\/wp-content\/uploads\/sites\/8\/2024\/09\/arche_impl-1536x878.png 1536w\" sizes=\"(max-width: 1792px) 100vw, 1792px\" \/><div class=\"wp-block-cover__inner-container is-layout-flow wp-block-cover-is-layout-flow\">\n<h1 class=\"wp-block-heading alignwide has-text-align-center has-nv-light-bg-color has-text-color\" style=\"font-size:50px\">Archetypische Implementierungskonzepte<\/h1>\n<\/div><\/div>\n\n\n\n<div style=\"height:41px\" aria-hidden=\"true\" class=\"wp-block-spacer\"><\/div>\n\n\n\n<div class=\"wp-block-group\"><div class=\"wp-block-group__inner-container is-layout-flow wp-block-group-is-layout-flow\">\n<div class=\"wp-block-group is-nowrap is-layout-flex wp-container-core-group-is-layout-ad2f72ca wp-block-group-is-layout-flex\">\n<div class=\"wp-block-columns are-vertically-aligned-top has-nv-light-bg-background-color has-background is-layout-flex wp-container-core-columns-is-layout-9d6595d7 wp-block-columns-is-layout-flex\">\n<div class=\"wp-block-column is-vertically-aligned-top is-layout-flow wp-block-column-is-layout-flow\">\n<h4 class=\"wp-block-heading\">Generelle Zielsetzung<\/h4>\n\n\n\n<hr class=\"wp-block-separator has-alpha-channel-opacity\" \/>\n\n\n\n<p>Die Entwicklung von archetypischen Implementierungskonzepten zielt darauf ab, KMUs bei der Integration und technischen Umsetzung von AIaaS-basierten Dienstleistungen zur Verbesserung und Erweiterung ihrer Produkte und Dienstleistungen zu unterst\u00fctzen. Diese Implementierungskonzepte sind abstrahierte Umsetzungsmodelle, von denen Designprinzipien f\u00fcr spezifische Dienstleistungen abgeleitet werden k\u00f6nnen..<\/p>\n<\/div>\n\n\n\n<div class=\"wp-block-column is-vertically-aligned-top is-layout-flow wp-block-column-is-layout-flow\">\n<h4 class=\"wp-block-heading\"><strong>Bereitstellung <\/strong><\/h4>\n\n\n\n<hr class=\"wp-block-separator has-alpha-channel-opacity\" \/>\n\n\n\n<p>Die archetypischen Implementierungskonzepte stehen \u00fcber die D-AI-Y-Toolbox auf der Onlineplattform zur Verf\u00fcgung und dienen als Leitfaden f\u00fcr die Umsetzung von AIaaS-basierten Dienstleistungen. Erg\u00e4nzend dazu bietet das Self-Assessment-Tool KMUs eine gezielte Unterst\u00fctzung, um potenzielle Einsatzm\u00f6glichkeiten von AIaaS in ihren Gesch\u00e4ftsmodellen zu identifizieren und besser zu verstehen.<\/p>\n<\/div>\n<\/div>\n<\/div>\n<\/div><\/div>\n\n\n\n<div style=\"height:30px\" aria-hidden=\"true\" class=\"wp-block-spacer\"><\/div>\n\n\n\n<div class=\"wp-block-columns are-vertically-aligned-top has-nv-light-bg-background-color has-background is-layout-flex wp-container-core-columns-is-layout-9d6595d7 wp-block-columns-is-layout-flex\">\n<div class=\"wp-block-column is-vertically-aligned-top is-layout-flow wp-block-column-is-layout-flow\">\n<h4 class=\"wp-block-heading\"><strong>Pilotprojekte<\/strong><\/h4>\n\n\n\n<hr class=\"wp-block-separator has-alpha-channel-opacity\" \/>\n\n\n\n<div class=\"wp-block-group\"><div class=\"wp-block-group__inner-container is-layout-flow wp-block-group-is-layout-flow\">\n<div class=\"wp-block-group\"><div class=\"wp-block-group__inner-container is-layout-flow wp-block-group-is-layout-flow\">\n<p>Die Implementierungskonzepte werden im Rahmen von Pilotprojekten evaluiert. Hierbei werden alle notwendigen Ma\u00dfnahmen definiert, um die Voraussetzungen f\u00fcr die erfolgreiche Einf\u00fchrung von AIaaS-basierten Dienstleistungen zu schaffen. Neben den technischen Herausforderungen werden auch organisatorische und personelle Aspekte ber\u00fccksichtigt.<\/p>\n<\/div><\/div>\n<\/div><\/div>\n<\/div>\n\n\n\n<div class=\"wp-block-column is-vertically-aligned-top is-layout-flow wp-block-column-is-layout-flow\">\n<h4 class=\"wp-block-heading\"><strong>Designprinzipien und Dokumentation<\/strong><\/h4>\n\n\n\n<hr class=\"wp-block-separator has-alpha-channel-opacity\" \/>\n\n\n\n<p>Designprinzipien f\u00fcr AIaaS-basierte Dienstleistungen werden anhand der Anwendungsf\u00e4lle der Verbundpartner generalisiert und formalisiert. Diese Prinzipien sowie die Implementierungskonzepte dienen als Leitfaden f\u00fcr die individuelle Umsetzung von AIaaS in KMU-Gesch\u00e4ftsmodelle.<\/p>\n<\/div>\n<\/div>\n\n\n\n<div style=\"height:30px\" aria-hidden=\"true\" class=\"wp-block-spacer\"><\/div>\n\n\n\n<div class=\"wp-block-columns are-vertically-aligned-top has-nv-light-bg-background-color has-background is-layout-flex wp-container-core-columns-is-layout-9d6595d7 wp-block-columns-is-layout-flex\">\n<div class=\"wp-block-column is-vertically-aligned-top is-layout-flow wp-block-column-is-layout-flow\">\n<h4 class=\"wp-block-heading\"><strong>Evaluation und Verbesserung<\/strong><\/h4>\n\n\n\n<hr class=\"wp-block-separator has-alpha-channel-opacity\" \/>\n\n\n\n<div class=\"wp-block-group\"><div class=\"wp-block-group__inner-container is-layout-flow wp-block-group-is-layout-flow\">\n<div class=\"wp-block-group\"><div class=\"wp-block-group__inner-container is-layout-flow wp-block-group-is-layout-flow\">\n<p>Die archetypischen Implementierungskonzepte werden im Rahmen der Pilotprojekte hinsichtlich ihrer Wirtschaftlichkeit und Funktionalit\u00e4t umfassend evaluiert. Dabei werden nicht nur die technischen Aspekte, sondern auch organisatorische und personelle Voraussetzungen betrachtet. Die gewonnenen Erkenntnisse flie\u00dfen in die kontinuierliche Verbesserung der Konzepte ein, um sicherzustellen, dass diese optimal auf die Bed\u00fcrfnisse von KMUs abgestimmt sind und eine erfolgreiche Implementierung von AIaaS-basierten L\u00f6sungen erm\u00f6glichen. Dar\u00fcber hinaus werden potenzielle Verbesserungsvorschl\u00e4ge ermittelt, um die Implementierungen weiter zu optimieren.<\/p>\n<\/div><\/div>\n<\/div><\/div>\n<\/div>\n<\/div>\n\n\n\n<p><\/p>\n","protected":false},"excerpt":{"rendered":"<p>Generelle Zielsetzung Die Entwicklung von archetypischen Implementierungskonzepten zielt darauf ab, KMUs bei der Integration und technischen Umsetzung von AIaaS-basierten Dienstleistungen zur Verbesserung und Erweiterung ihrer Produkte und Dienstleistungen zu unterst\u00fctzen. Diese Implementierungskonzepte sind abstrahierte Umsetzungsmodelle, von denen Designprinzipien f\u00fcr spezifische Dienstleistungen abgeleitet werden k\u00f6nnen.. Bereitstellung Die archetypischen Implementierungskonzepte stehen \u00fcber die D-AI-Y-Toolbox auf der Onlineplattform&hellip;&nbsp;<\/p>\n","protected":false},"author":1,"featured_media":0,"parent":0,"menu_order":0,"comment_status":"closed","ping_status":"closed","template":"","meta":{"inline_featured_image":false,"neve_meta_sidebar":"","neve_meta_container":"","neve_meta_enable_content_width":"","neve_meta_content_width":0,"neve_meta_title_alignment":"","neve_meta_author_avatar":"","neve_post_elements_order":"","neve_meta_disable_header":"","neve_meta_disable_footer":"","neve_meta_disable_title":"on","footnotes":""},"class_list":["post-435","page","type-page","status-publish","hentry"],"_links":{"self":[{"href":"https:\/\/www.isse.ruhr-uni-bochum.de\/d-ai-y\/wp-json\/wp\/v2\/pages\/435","targetHints":{"allow":["GET"]}}],"collection":[{"href":"https:\/\/www.isse.ruhr-uni-bochum.de\/d-ai-y\/wp-json\/wp\/v2\/pages"}],"about":[{"href":"https:\/\/www.isse.ruhr-uni-bochum.de\/d-ai-y\/wp-json\/wp\/v2\/types\/page"}],"author":[{"embeddable":true,"href":"https:\/\/www.isse.ruhr-uni-bochum.de\/d-ai-y\/wp-json\/wp\/v2\/users\/1"}],"replies":[{"embeddable":true,"href":"https:\/\/www.isse.ruhr-uni-bochum.de\/d-ai-y\/wp-json\/wp\/v2\/comments?post=435"}],"version-history":[{"count":1,"href":"https:\/\/www.isse.ruhr-uni-bochum.de\/d-ai-y\/wp-json\/wp\/v2\/pages\/435\/revisions"}],"predecessor-version":[{"id":439,"href":"https:\/\/www.isse.ruhr-uni-bochum.de\/d-ai-y\/wp-json\/wp\/v2\/pages\/435\/revisions\/439"}],"wp:attachment":[{"href":"https:\/\/www.isse.ruhr-uni-bochum.de\/d-ai-y\/wp-json\/wp\/v2\/media?parent=435"}],"curies":[{"name":"wp","href":"https:\/\/api.w.org\/{rel}","templated":true}]}}