{"id":139,"date":"2022-06-26T18:35:54","date_gmt":"2022-06-26T16:35:54","guid":{"rendered":"https:\/\/www.isse.ruhr-uni-bochum.de\/pass\/?page_id=139"},"modified":"2022-08-22T08:53:50","modified_gmt":"2022-08-22T06:53:50","slug":"projekt","status":"publish","type":"page","link":"https:\/\/www.isse.ruhr-uni-bochum.de\/pass\/projekt\/","title":{"rendered":"Projekt"},"content":{"rendered":"\n<div class=\"wp-block-cover alignfull is-light\"><span aria-hidden=\"true\" class=\"wp-block-cover__background has-background-dim-30 has-background-dim\"><\/span><img decoding=\"async\" width=\"2326\" height=\"1289\" class=\"wp-block-cover__image-background wp-image-263 lazyload\" alt=\"\" data-src=\"https:\/\/www.isse.ruhr-uni-bochum.de\/pass\/wp-content\/uploads\/sites\/3\/2022\/07\/iStock-1097297162.jpg\" style=\"--smush-placeholder-width: 2326px; --smush-placeholder-aspect-ratio: 2326\/1289;object-position:50% 50%\" data-object-fit=\"cover\" data-object-position=\"50% 50%\" data-srcset=\"https:\/\/www.isse.ruhr-uni-bochum.de\/pass\/wp-content\/uploads\/sites\/3\/2022\/07\/iStock-1097297162.jpg 2326w, https:\/\/www.isse.ruhr-uni-bochum.de\/pass\/wp-content\/uploads\/sites\/3\/2022\/07\/iStock-1097297162-300x166.jpg 300w, https:\/\/www.isse.ruhr-uni-bochum.de\/pass\/wp-content\/uploads\/sites\/3\/2022\/07\/iStock-1097297162-1024x567.jpg 1024w, https:\/\/www.isse.ruhr-uni-bochum.de\/pass\/wp-content\/uploads\/sites\/3\/2022\/07\/iStock-1097297162-768x426.jpg 768w, https:\/\/www.isse.ruhr-uni-bochum.de\/pass\/wp-content\/uploads\/sites\/3\/2022\/07\/iStock-1097297162-1536x851.jpg 1536w, https:\/\/www.isse.ruhr-uni-bochum.de\/pass\/wp-content\/uploads\/sites\/3\/2022\/07\/iStock-1097297162-2048x1135.jpg 2048w\" data-sizes=\"(max-width: 2326px) 100vw, 2326px\" src=\"data:image\/svg+xml;base64,PHN2ZyB3aWR0aD0iMSIgaGVpZ2h0PSIxIiB4bWxucz0iaHR0cDovL3d3dy53My5vcmcvMjAwMC9zdmciPjwvc3ZnPg==\" \/><div class=\"wp-block-cover__inner-container is-layout-flow wp-block-cover-is-layout-flow\">\n<h1 class=\"alignwide has-text-align-center has-nv-light-bg-color has-text-color wp-block-heading\" style=\"font-size:50px\">Auf k\u00fcnstlicher Intelligenz beruhende<br>Predictive-Analytics-Systeme<\/h1>\n\n\n\n<p class=\"has-text-align-center has-nv-light-bg-color has-text-color\" style=\"font-size:19.2px\">Entwicklung eines Predictive-Analytics-Systems f\u00fcr den Vertrieb in KMU<\/p>\n<\/div><\/div>\n\n\n\n<div style=\"height:50px\" aria-hidden=\"true\" class=\"wp-block-spacer\"><\/div>\n\n\n\n<div class=\"wp-block-group\"><div class=\"wp-block-group__inner-container is-layout-flow wp-block-group-is-layout-flow\">\n<div class=\"wp-block-group is-nowrap is-layout-flex wp-container-core-group-is-layout-ad2f72ca wp-block-group-is-layout-flex\">\n<div class=\"wp-block-columns are-vertically-aligned-top has-nv-light-bg-background-color has-background is-layout-flex wp-container-core-columns-is-layout-9d6595d7 wp-block-columns-is-layout-flex\">\n<div class=\"wp-block-column is-vertically-aligned-top is-layout-flow wp-block-column-is-layout-flow\">\n<h4 class=\"wp-block-heading\">Ausgangslage<\/h4>\n\n\n\n<hr class=\"wp-block-separator has-alpha-channel-opacity\" \/>\n\n\n\n<p>Die Potenziale von auf k\u00fcnstlicher Intelligenz (KI) beruhender Predictive-Analytics-Systeme liegen in der Automobil- und Nutzfahrzeugzulieferindustrie genauso wie in der Antriebstechnik und der Automatisierungstechnik in der effizienten Analyse und Prognose gegenw\u00e4rtiger bzw. zuk\u00fcnftiger Umsatzpotenziale von Bestandskunden sowie in der Identifikation potenzieller Neukunden. So k\u00f6nnen z. B. das unternehmerische Risiko \u00fcber verschiedene Kundengruppen hinweg besser verteilt<br>und die Ressourcen im Vertrieb und in der Fertigung optimal ausgesch\u00f6pft werden. W\u00e4hrend gro\u00dfe Unternehmen in der Lage sind, kostenintensive Data-Analytics-Abteilungen aufzubauen, sind KMU aufgrund eines begrenzten IT-Budgets oft nicht in der Lage, die Potenziale von Predictive-Analytics-Systemen im Vertrieb aussch\u00f6pfen zu k\u00f6nnen.<\/p>\n<\/div>\n\n\n\n<div class=\"wp-block-column is-vertically-aligned-top is-layout-flow wp-block-column-is-layout-flow\">\n<h4 class=\"wp-block-heading\">Zielsetzung<\/h4>\n\n\n\n<hr class=\"wp-block-separator has-alpha-channel-opacity\" \/>\n\n\n\n<p>Das Ziel des Projektes PASS besteht darin, Predictive-Analytics-Systeme f\u00fcr den Vertrieb in KMU zu entwickeln. Diese werden dadurch bef\u00e4higt, die Potenziale KI-basierter Verfahren zur systematischen Datenerhebung, -analyse und -prognose bei Einhaltung ethischer, rechtlicher und sozialer Standards (Ethical, Legal and Social Implications, ELSI) zu nutzen, wirtschaftlich umzusetzen und in laufende Arbeitsprozesse zu integrieren. Dar\u00fcber hinaus werden die Auswirkungen auf die Arbeitsmotivation und Zufriedenheit sowie auf ver\u00e4nderte Kompetenzanforderungen an die Besch\u00e4ftigten im Vertrieb untersucht.<\/p>\n<\/div>\n<\/div>\n<\/div>\n<\/div><\/div>\n\n\n\n<div style=\"height:50px\" aria-hidden=\"true\" class=\"wp-block-spacer\"><\/div>\n\n\n\n<h2 class=\"wp-block-heading\">Mehr \u00fcber die Ziele des Projektes erfahren<\/h2>\n\n\n<div id=\"accordions-361\" class=\"accordions-361 accordions\" data-accordions={&quot;lazyLoad&quot;:true,&quot;id&quot;:&quot;361&quot;,&quot;event&quot;:&quot;click&quot;,&quot;collapsible&quot;:&quot;true&quot;,&quot;heightStyle&quot;:&quot;content&quot;,&quot;animateStyle&quot;:&quot;swing&quot;,&quot;animateDelay&quot;:1000,&quot;navigation&quot;:true,&quot;active&quot;:999,&quot;expandedOther&quot;:&quot;no&quot;}>\r\n                <div id=\"accordions-lazy-361\" class=\"accordions-lazy\" accordionsId=\"361\">\r\n                    <\/div>\r\n\r\n    <div class=\"items\"  style=\"display:none\" >\r\n    \r\n            <div post_id=\"361\" itemcount=\"0\"  header_id=\"header-1658910870609\" id=\"header-1658910870609\" style=\"\" class=\"accordions-head head1658910870609 border-none\" toggle-text=\"\" main-text=\"Entwicklung eines Sales-Analytics-Reifegrad-Modells\">\r\n                                    <span id=\"accordion-icons-1658910870609\" class=\"accordion-icons\">\r\n                        <span class=\"accordion-icon-active accordion-plus\"><i class=\"fas fa-chevron-up\"><\/i><\/span>\r\n                        <span class=\"accordion-icon-inactive accordion-minus\"><i class=\"fas fa-chevron-right\"><\/i><\/span>\r\n                    <\/span>\r\n                    <span id=\"header-text-1658910870609\" class=\"accordions-head-title\">Entwicklung eines Sales-Analytics-Reifegrad-Modells<\/span>\r\n                            <\/div>\r\n            <div class=\"accordion-content content1658910870609 \">\r\n                <p>In einem ersten Schritt muss zun\u00e4chst Transparenz dahingehend geschaffen, inwieweit sich die digitale Transformation auf Vertriebsorganisationen, z. B. im Hinblick auf Strategie und Planung, Organisation und Prozesse, auswirkt. Dazu wird ein Framework entwickelt, das einheitliche Elemente f\u00fcr KMU definiert und diese in Beziehung zueinander setzt. Die Weiterentwicklung des Frameworks zu einem Reifegradmodell erm\u00f6glicht den Abgleich des Ist-Zustandes einer Vertriebsorganisation mit einem Referenzmodell bzw. einem Reifegrad, der unternehmensindividuelle R\u00fcckschl\u00fcsse auf Weiterentwicklungsma\u00dfnahmen bzw. Handlungsbedarfe erlaubt, um die f\u00fcr die Implementierung und den mehrwertstiftenden Einsatz von Predictive-Analytics-Systemen notwendigen Voraussetzungen zu schaffen.<\/p>\n<p>In der praktischen Anwendung des Modells sollen KMU dabei unterst\u00fctzt werden, die Organisation ihres Vertriebes zu analysieren und im Hinblick auf Entwicklungen, Organisationsformen, F\u00e4higkeiten sowie die Nutzung neuer Technologien vor dem Hintergrund einer zunehmenden Digitalisierung ganzheitlich weiterzuentwickeln oder zu restrukturieren.<\/p>\n            <\/div>\r\n    \r\n            <div post_id=\"361\" itemcount=\"1\"  header_id=\"header-1658910904483\" id=\"header-1658910904483\" style=\"\" class=\"accordions-head head1658910904483 border-none\" toggle-text=\"\" main-text=\"Entwicklung von Implementierungskonzepten\">\r\n                                    <span id=\"accordion-icons-1658910904483\" class=\"accordion-icons\">\r\n                        <span class=\"accordion-icon-active accordion-plus\"><i class=\"fas fa-chevron-up\"><\/i><\/span>\r\n                        <span class=\"accordion-icon-inactive accordion-minus\"><i class=\"fas fa-chevron-right\"><\/i><\/span>\r\n                    <\/span>\r\n                    <span id=\"header-text-1658910904483\" class=\"accordions-head-title\">Entwicklung von Implementierungskonzepten<\/span>\r\n                            <\/div>\r\n            <div class=\"accordion-content content1658910904483 \">\r\n                <p>Die mit Hilfe des Sales-Analytics-Reifegradmodells identifizierten Handlungsbedarfe werden zun\u00e4chst in auf die am Projekt beteiligten Partner abgestimmte, ganzheitliche Weiterentwicklungsma\u00dfnahmen bzw. Implementierungskonzepte \u00fcberf\u00fchrt, um bei diesen die Voraussetzungen f\u00fcr die Implementierung von Predictive-Analytics-Systemen zu schaffen.<\/p>\n<p>Mit dem Ziel einer langfristigen Verwertung der Projektergebnisse werden die bei den Anwendungspartnern gesammelten Erfahrungen dar\u00fcber hinaus zu generischen Weiterentwicklungskonzepten verdichtet, um auch andere als die direkt am Projekt beteiligten Unternehmen dazu zu bef\u00e4higen bzw. diese bei der ganzheitlichen digitale Transformation von Vertriebsorganisationen anzuleiten und zu unterst\u00fctzen.<\/p>\n            <\/div>\r\n    \r\n            <div post_id=\"361\" itemcount=\"2\"  header_id=\"header-1658910939660\" id=\"header-1658910939660\" style=\"\" class=\"accordions-head head1658910939660 border-none\" toggle-text=\"\" main-text=\"Konzeption und Entwicklung einer Software-as-a-Service-Plattform\">\r\n                                    <span id=\"accordion-icons-1658910939660\" class=\"accordion-icons\">\r\n                        <span class=\"accordion-icon-active accordion-plus\"><i class=\"fas fa-chevron-up\"><\/i><\/span>\r\n                        <span class=\"accordion-icon-inactive accordion-minus\"><i class=\"fas fa-chevron-right\"><\/i><\/span>\r\n                    <\/span>\r\n                    <span id=\"header-text-1658910939660\" class=\"accordions-head-title\">Konzeption und Entwicklung einer Software-as-a-Service-Plattform<\/span>\r\n                            <\/div>\r\n            <div class=\"accordion-content content1658910939660 \">\r\n                <p>Die Entwicklung eines modularen Predictive-Analytics-Systems als Software-as-a-Service-Plattform bildet im Hinblick auf das \u00fcbergeordnete Ziel des Projektes das Kernelement des konzeptionellen L\u00f6sungsansatzes. Die Plattform erm\u00f6glicht einerseits die systematische und automatisierte Erhebung und Analyse unternehmensinterner sowie -externer Daten; die auf der Plattform in Form von dediziert zu nutzenden Anwendungsmodule realisierten Verfahren der k\u00fcnstlichen Intelligenz erlauben andererseits R\u00fcckschl\u00fcsse z. B. in Bezug auf die f\u00fcr den gegenw\u00e4rtigen Umsatz relevanten Variablen sowie die Aggregation dieser Informationen zu einem Prognosemodell, auf dessen Grundlage wiederum in Abh\u00e4ngigkeit von der jeweiligen Entscheidungssituation in einem Unternehmen vertriebliche Potenziale aufgedeckt k\u00f6nnen.<\/p>\n<p>Das als Software-as-a-Service-Plattform realisierte Predictive-Analytics-System erm\u00f6glicht es den Anwendungspartner, die mit ihrer jeweiligen Entscheidungssituation korrespondierenden Verfahren, wie z. B. Lead Generation, Forecasting, Lead Scoring, Nex-Product-to-Buy, nutzen und damit ihre Teilvorhabenziele zu erreichen.<\/p>\n            <\/div>\r\n    \r\n            <div post_id=\"361\" itemcount=\"3\"  header_id=\"header-1658910940498\" id=\"header-1658910940498\" style=\"\" class=\"accordions-head head1658910940498 border-none\" toggle-text=\"\" main-text=\"Betriebliche Umsetzung\">\r\n                                    <span id=\"accordion-icons-1658910940498\" class=\"accordion-icons\">\r\n                        <span class=\"accordion-icon-active accordion-plus\"><i class=\"fas fa-chevron-up\"><\/i><\/span>\r\n                        <span class=\"accordion-icon-inactive accordion-minus\"><i class=\"fas fa-chevron-right\"><\/i><\/span>\r\n                    <\/span>\r\n                    <span id=\"header-text-1658910940498\" class=\"accordions-head-title\">Betriebliche Umsetzung<\/span>\r\n                            <\/div>\r\n            <div class=\"accordion-content content1658910940498 \">\r\n                <p>Im Rahmen der betrieblichen Umsetzung werden die entwickelten Implementierungskonzepte mit dem Ziel umgesetzt, die Vertriebsorganisationen der Anwendungspartner ganzheitlich weiterzuentwickeln und die Voraussetzung f\u00fcr die Nutzung der Predictive-Analytics-Systeme zu schaffen. Da die Nutzung der SaaS-Plattform mit z. T. erheblichen Ver\u00e4nderungen f\u00fcr die Besch\u00e4ftigten verbunden ist, werden f\u00fcr einen reibungslosen \u00dcbergang in den Produktivbetrieb geeignete Schulungs- und Weiterbildungsangebote erarbeitet.<\/p>\n<p>Um dar\u00fcber hinaus auch die Effektivit\u00e4ts- sowie Effizienzvorteile von Predictive-Analytics-Systemen f\u00fcr den Vertrieb von KMU bewerten und aufzeigen zu k\u00f6nnen, werden im Rahmen des Projektes au\u00dferdem Messinstrumente entwickelt, die eine Beurteilung der Auswirkungen von Predictive-Analytics-Systemen sowohl auf relevante Leistungskennzahlen der Anwendungspartner (organisationale Ebene) als auch auf die Arbeitsgestaltung und -organisation und damit auf die Arbeitsmotivation und -zufriedenheit sowie die Arbeitsleistung von Besch\u00e4ftigten im Vertrieb (individuelle Ebene) erm\u00f6glichen. Au\u00dferdem gilt es auf individueller Ebene, ver\u00e4nderte Kompetenzanforderungen an Besch\u00e4ftigte im Vertrieb zu identifizieren und ein tiefgreifendes Verst\u00e4ndnis z. B. f\u00fcr Vorbehalte und \u00c4ngste gegen\u00fcber Predictive-Analytics-Systemen zu erlangen.<\/p>\n            <\/div>\r\n    <\/div>\r\n\r\n\r\n\r\n            <\/div>\n\n\n\n<div style=\"height:50px\" aria-hidden=\"true\" class=\"wp-block-spacer\"><\/div>\n\n\n\n<div class=\"wp-block-columns are-vertically-aligned-top has-nv-light-bg-background-color has-background is-layout-flex wp-container-core-columns-is-layout-9d6595d7 wp-block-columns-is-layout-flex\">\n<div class=\"wp-block-column is-vertically-aligned-top is-layout-flow wp-block-column-is-layout-flow\">\n<h4 class=\"wp-block-heading\">Vorgehen<\/h4>\n\n\n\n<hr class=\"wp-block-separator has-alpha-channel-opacity\" \/>\n\n\n\n<div class=\"wp-block-group\"><div class=\"wp-block-group__inner-container is-layout-flow wp-block-group-is-layout-flow\">\n<div class=\"wp-block-group\"><div class=\"wp-block-group__inner-container is-layout-flow wp-block-group-is-layout-flow\">\n<p>Um diese Ziele zu erreichen, wird eine KMU-gerechte Cloud-L\u00f6sung mit KI-basierten Verfahren zur Vorhersage von zuk\u00fcnftigem Kundenverhalten entwickelt. Die KI-Verfahren nutzen ELSI-konforme Kundeninformationen, um z. B. spezifische Umsatzpotenziale und zu erwartende Ums\u00e4tze mithilfe selbstlernender Algorithmen zu prognostizieren. Sie werden bei den unterschiedlich gro\u00dfen Anwendungspartnern aus mitunter sehr verschiedenen Branchen validiert. Ein speziell auf KMU ausgerichtetes, mehrdimensionales Sales-Analytics-Reifegradmodell erm\u00f6glicht, individuelle Handlungsbedarfe und Entwicklungspfade zu identifizieren. Hierf\u00fcr werden Messinstrumente zur Beurteilung der Auswirkungen von Predictive-Analytics-Systemen entwickelt und an verschiedenen Projektzeitpunkten eingesetzt.<\/p>\n<\/div><\/div>\n<\/div><\/div>\n<\/div>\n\n\n\n<div class=\"wp-block-column is-vertically-aligned-top is-layout-flow wp-block-column-is-layout-flow\">\n<h4 class=\"wp-block-heading\">Ergebnisse<\/h4>\n\n\n\n<hr class=\"wp-block-separator has-alpha-channel-opacity\" \/>\n\n\n\n<p>Durch die Projektergebnisse k\u00f6nnen KMU ihre Kunden zielgenau im Vertrieb adressieren und mit begrenzten Ressourcen in dynamischen M\u00e4rkten wettbewerbsf\u00e4hig bleiben. Mit Hilfe des Sales-Analytics-Reifegradmodells werden m\u00f6gliche Entwicklungspfade aufgezeigt und KMU auf ihrem Weg geleitet. Mit den prototypisch realisierten Predictive-Analytics-Systemen werden entsprechende Entwicklungsma\u00dfnahmen bei den Anwendungspartnern exemplarisch umgesetzt. Durch die Ber\u00fccksichtigung der Auswirkungen auf Besch\u00e4ftigte im Vertrieb wird ein besseres Verst\u00e4ndnis f\u00fcr das Zusammenwirken von Mensch, Technik und Organisation geschaffen und die Kompetenzentwicklung im Arbeitsprozess gef\u00f6rdert.<\/p>\n<\/div>\n<\/div>\n\n\n\n<div style=\"height:50px\" aria-hidden=\"true\" class=\"wp-block-spacer\"><\/div>\n\n\n\n<div class=\"wp-block-buttons is-content-justification-center is-layout-flex wp-container-core-buttons-is-layout-16018d1d wp-block-buttons-is-layout-flex\">\n<div class=\"wp-block-button is-style-primary\"><a class=\"wp-block-button__link\" href=\"https:\/\/www.isse.ruhr-uni-bochum.de\/pass\/team\/\">Mehr \u00fcber die Projektpartner erfahren<\/a><\/div>\n<\/div>\n\n\n\n<div style=\"height:50px\" aria-hidden=\"true\" class=\"wp-block-spacer\"><\/div>\n","protected":false},"excerpt":{"rendered":"<p>Ausgangslage Die Potenziale von auf k\u00fcnstlicher Intelligenz (KI) beruhender Predictive-Analytics-Systeme liegen in der Automobil- und Nutzfahrzeugzulieferindustrie genauso wie in der Antriebstechnik und der Automatisierungstechnik in der effizienten Analyse und Prognose gegenw\u00e4rtiger bzw. zuk\u00fcnftiger Umsatzpotenziale von Bestandskunden sowie in der Identifikation potenzieller Neukunden. So k\u00f6nnen z. B. das unternehmerische Risiko \u00fcber verschiedene Kundengruppen hinweg besser verteiltund&hellip;&nbsp;<a href=\"https:\/\/www.isse.ruhr-uni-bochum.de\/pass\/projekt\/\" rel=\"bookmark\">Weiterlesen &raquo;<span class=\"screen-reader-text\">Projekt<\/span><\/a><\/p>\n","protected":false},"author":1,"featured_media":0,"parent":0,"menu_order":0,"comment_status":"closed","ping_status":"closed","template":"","meta":{"inline_featured_image":false,"neve_meta_sidebar":"","neve_meta_container":"default","neve_meta_enable_content_width":"on","neve_meta_content_width":100,"neve_meta_title_alignment":"","neve_meta_author_avatar":"","neve_post_elements_order":"","neve_meta_disable_header":"","neve_meta_disable_footer":"","neve_meta_disable_title":"on","footnotes":""},"class_list":["post-139","page","type-page","status-publish","hentry"],"_links":{"self":[{"href":"https:\/\/www.isse.ruhr-uni-bochum.de\/pass\/wp-json\/wp\/v2\/pages\/139","targetHints":{"allow":["GET"]}}],"collection":[{"href":"https:\/\/www.isse.ruhr-uni-bochum.de\/pass\/wp-json\/wp\/v2\/pages"}],"about":[{"href":"https:\/\/www.isse.ruhr-uni-bochum.de\/pass\/wp-json\/wp\/v2\/types\/page"}],"author":[{"embeddable":true,"href":"https:\/\/www.isse.ruhr-uni-bochum.de\/pass\/wp-json\/wp\/v2\/users\/1"}],"replies":[{"embeddable":true,"href":"https:\/\/www.isse.ruhr-uni-bochum.de\/pass\/wp-json\/wp\/v2\/comments?post=139"}],"version-history":[{"count":0,"href":"https:\/\/www.isse.ruhr-uni-bochum.de\/pass\/wp-json\/wp\/v2\/pages\/139\/revisions"}],"wp:attachment":[{"href":"https:\/\/www.isse.ruhr-uni-bochum.de\/pass\/wp-json\/wp\/v2\/media?parent=139"}],"curies":[{"name":"wp","href":"https:\/\/api.w.org\/{rel}","templated":true}]}}