{"id":224,"date":"2022-07-07T10:53:20","date_gmt":"2022-07-07T08:53:20","guid":{"rendered":"https:\/\/www.isse.ruhr-uni-bochum.de\/pass\/?page_id=224"},"modified":"2022-08-19T21:22:55","modified_gmt":"2022-08-19T19:22:55","slug":"team","status":"publish","type":"page","link":"https:\/\/www.isse.ruhr-uni-bochum.de\/pass\/team\/","title":{"rendered":"Team"},"content":{"rendered":"\n<div style=\"height:50px\" aria-hidden=\"true\" class=\"wp-block-spacer\"><\/div>\n\n\n\n<div class=\"wp-block-group has-nv-site-bg-background-color has-background\"><div class=\"wp-block-group__inner-container is-layout-flow wp-block-group-is-layout-flow\">\n<h2 class=\"wp-block-heading\">Forschungspartner<\/h2>\n\n\n\n<div class=\"wp-block-columns are-vertically-aligned-center is-layout-flex wp-container-core-columns-is-layout-9d6595d7 wp-block-columns-is-layout-flex\">\n<div class=\"wp-block-column is-vertically-aligned-center has-nv-light-bg-background-color has-background is-layout-flow wp-block-column-is-layout-flow\">\n<div class=\"wp-block-columns is-layout-flex wp-container-core-columns-is-layout-9d6595d7 wp-block-columns-is-layout-flex\">\n<div class=\"wp-block-column is-vertically-aligned-center is-layout-flow wp-block-column-is-layout-flow\" style=\"flex-basis:33.33%\"><div class=\"wp-block-image\">\n<figure class=\"aligncenter size-medium\"><img decoding=\"async\" width=\"300\" height=\"141\" data-src=\"https:\/\/www.isse.ruhr-uni-bochum.de\/pass\/wp-content\/uploads\/sites\/3\/2022\/08\/Logo_ISSE-300x141.png\" alt=\"\" class=\"wp-image-462 lazyload\" data-srcset=\"https:\/\/www.isse.ruhr-uni-bochum.de\/pass\/wp-content\/uploads\/sites\/3\/2022\/08\/Logo_ISSE-300x141.png 300w, https:\/\/www.isse.ruhr-uni-bochum.de\/pass\/wp-content\/uploads\/sites\/3\/2022\/08\/Logo_ISSE.png 334w\" data-sizes=\"(max-width: 300px) 100vw, 300px\" src=\"data:image\/svg+xml;base64,PHN2ZyB3aWR0aD0iMSIgaGVpZ2h0PSIxIiB4bWxucz0iaHR0cDovL3d3dy53My5vcmcvMjAwMC9zdmciPjwvc3ZnPg==\" style=\"--smush-placeholder-width: 300px; --smush-placeholder-aspect-ratio: 300\/141;\" \/><\/figure>\n<\/div><\/div>\n\n\n\n<div class=\"wp-block-column is-layout-flow wp-block-column-is-layout-flow\" style=\"flex-basis:60%\">\n<div style=\"height:50px\" aria-hidden=\"true\" class=\"wp-block-spacer\"><\/div>\n\n\n\n<div class=\"wp-block-columns is-layout-flex wp-container-core-columns-is-layout-9d6595d7 wp-block-columns-is-layout-flex\">\n<div class=\"wp-block-column is-vertically-aligned-center is-layout-flow wp-block-column-is-layout-flow\">\n<h4 class=\"wp-block-heading\">Lehrstuhl f\u00fcr Industrial Sales and Service Engineering<\/h4>\n\n\n\n<hr class=\"wp-block-separator has-alpha-channel-opacity\" \/>\n\n\n\n<p>Der Lehrstuhl f\u00fcr Industrial Sales and Service Engineering (ISSE) an der Fakult\u00e4t f\u00fcr Maschinenbau der Ruhr-Universit\u00e4t Bochum unter Leitung von Prof. Dr. Jens P\u00f6ppelbu\u00df vertritt Themen des industriellen Kunden-, Vertriebs- und Servicemanagements in Forschung und Lehre. Die interdisziplin\u00e4ren und anwendungsnahen Forschungsaktivit\u00e4ten des Lehrstuhls verbinden technische und betriebswirtschaftliche sowie vertriebliche Fragestellungen im Kontext einer zunehmenden Digitalisierung, Vernetzung, Kundenorientierung und Tertiarisierung der industriellen Wertsch\u00f6pfung. Das Lehrstuhlteam forscht insbesondere zur Innovation und Digitalisierung von Dienstleistungen in Business-to-Business-Kontexten.<\/p>\n<\/div>\n<\/div>\n<\/div>\n<\/div>\n<\/div>\n<\/div>\n\n\n\n<div class=\"wp-block-columns are-vertically-aligned-center is-layout-flex wp-container-core-columns-is-layout-9d6595d7 wp-block-columns-is-layout-flex\">\n<div class=\"wp-block-column is-vertically-aligned-center has-nv-light-bg-background-color has-background is-layout-flow wp-block-column-is-layout-flow\">\n<div class=\"wp-block-columns is-layout-flex wp-container-core-columns-is-layout-9d6595d7 wp-block-columns-is-layout-flex\">\n<div class=\"wp-block-column is-vertically-aligned-center is-layout-flow wp-block-column-is-layout-flow\" style=\"flex-basis:33.33%\"><div class=\"wp-block-image\">\n<figure class=\"aligncenter size-medium\"><img decoding=\"async\" width=\"300\" height=\"95\" data-src=\"https:\/\/www.isse.ruhr-uni-bochum.de\/pass\/wp-content\/uploads\/sites\/3\/2022\/08\/smd_logo_rz_rgb_72dpi_02-1024x323-1-300x95.png\" alt=\"\" class=\"wp-image-463 lazyload\" data-srcset=\"https:\/\/www.isse.ruhr-uni-bochum.de\/pass\/wp-content\/uploads\/sites\/3\/2022\/08\/smd_logo_rz_rgb_72dpi_02-1024x323-1-300x95.png 300w, https:\/\/www.isse.ruhr-uni-bochum.de\/pass\/wp-content\/uploads\/sites\/3\/2022\/08\/smd_logo_rz_rgb_72dpi_02-1024x323-1-768x242.png 768w, https:\/\/www.isse.ruhr-uni-bochum.de\/pass\/wp-content\/uploads\/sites\/3\/2022\/08\/smd_logo_rz_rgb_72dpi_02-1024x323-1.png 1024w\" data-sizes=\"(max-width: 300px) 100vw, 300px\" src=\"data:image\/svg+xml;base64,PHN2ZyB3aWR0aD0iMSIgaGVpZ2h0PSIxIiB4bWxucz0iaHR0cDovL3d3dy53My5vcmcvMjAwMC9zdmciPjwvc3ZnPg==\" style=\"--smush-placeholder-width: 300px; --smush-placeholder-aspect-ratio: 300\/95;\" \/><\/figure>\n<\/div><\/div>\n\n\n\n<div class=\"wp-block-column is-layout-flow wp-block-column-is-layout-flow\" style=\"flex-basis:60%\">\n<div style=\"height:50px\" aria-hidden=\"true\" class=\"wp-block-spacer\"><\/div>\n\n\n\n<div class=\"wp-block-columns is-layout-flex wp-container-core-columns-is-layout-9d6595d7 wp-block-columns-is-layout-flex\">\n<div class=\"wp-block-column is-vertically-aligned-center is-layout-flow wp-block-column-is-layout-flow\">\n<h4 class=\"wp-block-heading\">Sales Management Department<\/h4>\n\n\n\n<hr class=\"wp-block-separator has-alpha-channel-opacity\" \/>\n\n\n\n<p>Das Sales Management Department (SMD) an der Fakult\u00e4t f\u00fcr Wirtschaftswissenschaft der Ruhr-Universit\u00e4t Bochum konzentriert sich als einziges universit\u00e4res Sales Department Europas auf die Vertriebsforschung. Am SMD forschen und lehren Prof. Dr. Sascha Alavi, Prof. Dr. Christian Schmitz und Prof. Dr. Jan Wieseke sowie vier Habilitanden und rund 20 wissenschaftliche Mitarbeiter:innen. Das Department zeichnet sich durch eine enge Verzahnung von exzellenter Forschung, au\u00dferordentlichem Engagement in der Lehre und starken Praxispartnern aus.<\/p>\n<\/div>\n<\/div>\n<\/div>\n<\/div>\n<\/div>\n<\/div>\n<\/div><\/div>\n\n\n\n<div style=\"height:50px\" aria-hidden=\"true\" class=\"wp-block-spacer\"><\/div>\n\n\n\n<h2 class=\"wp-block-heading\">Anwendungspartner<\/h2>\n\n\n\n<div class=\"wp-block-columns are-vertically-aligned-center is-layout-flex wp-container-core-columns-is-layout-9d6595d7 wp-block-columns-is-layout-flex\">\n<div class=\"wp-block-column is-vertically-aligned-center has-nv-light-bg-background-color has-background is-layout-flow wp-block-column-is-layout-flow\">\n<div class=\"wp-block-columns is-layout-flex wp-container-core-columns-is-layout-9d6595d7 wp-block-columns-is-layout-flex\">\n<div class=\"wp-block-column is-vertically-aligned-center is-layout-flow wp-block-column-is-layout-flow\" style=\"flex-basis:33.33%\"><div class=\"wp-block-image\">\n<figure class=\"aligncenter size-medium\"><img decoding=\"async\" width=\"300\" height=\"57\" data-src=\"https:\/\/www.isse.ruhr-uni-bochum.de\/pass\/wp-content\/uploads\/sites\/3\/2022\/08\/AE_Logo_cmyk-300x57.jpg\" alt=\"\" class=\"wp-image-492 lazyload\" data-srcset=\"https:\/\/www.isse.ruhr-uni-bochum.de\/pass\/wp-content\/uploads\/sites\/3\/2022\/08\/AE_Logo_cmyk-300x57.jpg 300w, https:\/\/www.isse.ruhr-uni-bochum.de\/pass\/wp-content\/uploads\/sites\/3\/2022\/08\/AE_Logo_cmyk-1024x193.jpg 1024w, https:\/\/www.isse.ruhr-uni-bochum.de\/pass\/wp-content\/uploads\/sites\/3\/2022\/08\/AE_Logo_cmyk-768x145.jpg 768w, https:\/\/www.isse.ruhr-uni-bochum.de\/pass\/wp-content\/uploads\/sites\/3\/2022\/08\/AE_Logo_cmyk-1536x289.jpg 1536w, https:\/\/www.isse.ruhr-uni-bochum.de\/pass\/wp-content\/uploads\/sites\/3\/2022\/08\/AE_Logo_cmyk.jpg 1890w\" data-sizes=\"(max-width: 300px) 100vw, 300px\" src=\"data:image\/svg+xml;base64,PHN2ZyB3aWR0aD0iMSIgaGVpZ2h0PSIxIiB4bWxucz0iaHR0cDovL3d3dy53My5vcmcvMjAwMC9zdmciPjwvc3ZnPg==\" style=\"--smush-placeholder-width: 300px; --smush-placeholder-aspect-ratio: 300\/57;\" \/><\/figure>\n<\/div><\/div>\n\n\n\n<div class=\"wp-block-column is-layout-flow wp-block-column-is-layout-flow\" style=\"flex-basis:60%\">\n<div style=\"height:50px\" aria-hidden=\"true\" class=\"wp-block-spacer\"><\/div>\n\n\n\n<div class=\"wp-block-columns is-layout-flex wp-container-core-columns-is-layout-9d6595d7 wp-block-columns-is-layout-flex\">\n<div class=\"wp-block-column is-vertically-aligned-center is-layout-flow wp-block-column-is-layout-flow\">\n<h4 class=\"wp-block-heading\">Armbruster Engineering GmbH &amp; Co. KG<\/h4>\n\n\n\n<hr class=\"wp-block-separator has-alpha-channel-opacity\" \/>\n\n\n\n<p>Die Armbruster Engineering GmbH &amp; Co. KG begegnet dem Bedarf ganz unterschiedlicher Branchen, wie z. B. der Fahrzeug- und Luftfahrttechnik oder des Maschinen- und Anlagenbaus, an kontrollierten manuellen Montagen. Auf Basis des eigens entwickelten Systems zur \u201eElektronischen Linien \u2013 Anbindung von Montageanlagen\u201c (ELAM) realisiert das inhabergef\u00fchrte Unternehmen nicht nur manuelle Montageassistenzsysteme, sondern auch komplexe industrielle Manufakturanlagen.<\/p>\n<\/div>\n<\/div>\n<\/div>\n<\/div>\n<\/div>\n<\/div>\n\n\n\n<div class=\"wp-block-columns are-vertically-aligned-center is-layout-flex wp-container-core-columns-is-layout-9d6595d7 wp-block-columns-is-layout-flex\">\n<div class=\"wp-block-column is-vertically-aligned-center has-nv-light-bg-background-color has-background is-layout-flow wp-block-column-is-layout-flow\">\n<div class=\"wp-block-columns is-layout-flex wp-container-core-columns-is-layout-9d6595d7 wp-block-columns-is-layout-flex\">\n<div class=\"wp-block-column is-vertically-aligned-center is-layout-flow wp-block-column-is-layout-flow\" style=\"flex-basis:33.33%\"><div class=\"wp-block-image\">\n<figure class=\"aligncenter size-medium\"><img decoding=\"async\" width=\"300\" height=\"81\" data-src=\"https:\/\/www.isse.ruhr-uni-bochum.de\/pass\/wp-content\/uploads\/sites\/3\/2022\/08\/hpc-Logo_gross-300x81.jpg\" alt=\"\" class=\"wp-image-493 lazyload\" data-srcset=\"https:\/\/www.isse.ruhr-uni-bochum.de\/pass\/wp-content\/uploads\/sites\/3\/2022\/08\/hpc-Logo_gross-300x81.jpg 300w, https:\/\/www.isse.ruhr-uni-bochum.de\/pass\/wp-content\/uploads\/sites\/3\/2022\/08\/hpc-Logo_gross-1024x276.jpg 1024w, https:\/\/www.isse.ruhr-uni-bochum.de\/pass\/wp-content\/uploads\/sites\/3\/2022\/08\/hpc-Logo_gross-768x207.jpg 768w, https:\/\/www.isse.ruhr-uni-bochum.de\/pass\/wp-content\/uploads\/sites\/3\/2022\/08\/hpc-Logo_gross-1536x414.jpg 1536w, https:\/\/www.isse.ruhr-uni-bochum.de\/pass\/wp-content\/uploads\/sites\/3\/2022\/08\/hpc-Logo_gross-2048x553.jpg 2048w\" data-sizes=\"(max-width: 300px) 100vw, 300px\" src=\"data:image\/svg+xml;base64,PHN2ZyB3aWR0aD0iMSIgaGVpZ2h0PSIxIiB4bWxucz0iaHR0cDovL3d3dy53My5vcmcvMjAwMC9zdmciPjwvc3ZnPg==\" style=\"--smush-placeholder-width: 300px; --smush-placeholder-aspect-ratio: 300\/81;\" \/><\/figure>\n<\/div><\/div>\n\n\n\n<div class=\"wp-block-column is-layout-flow wp-block-column-is-layout-flow\" style=\"flex-basis:60%\">\n<div style=\"height:50px\" aria-hidden=\"true\" class=\"wp-block-spacer\"><\/div>\n\n\n\n<div class=\"wp-block-columns is-layout-flex wp-container-core-columns-is-layout-9d6595d7 wp-block-columns-is-layout-flex\">\n<div class=\"wp-block-column is-vertically-aligned-center is-layout-flow wp-block-column-is-layout-flow\">\n<h4 class=\"wp-block-heading\">High Precision Components Witten GmbH<\/h4>\n\n\n\n<hr class=\"wp-block-separator has-alpha-channel-opacity\" \/>\n\n\n\n<p>Die High Precision Components Witten GmbH ist seit der \u00dcbernahme des Standortes Witten im Jahr 2015 eigenst\u00e4ndig und entwickelt und produziert innovative kundenindividuelle Pr\u00e4zisionsbauteile, z. B. Getriebekomponenten wie Schaltgabeln und Parksperren sowie Front- und Heckklappenscharniere.<\/p>\n<\/div>\n<\/div>\n<\/div>\n<\/div>\n<\/div>\n<\/div>\n\n\n\n<div class=\"wp-block-columns are-vertically-aligned-center is-layout-flex wp-container-core-columns-is-layout-9d6595d7 wp-block-columns-is-layout-flex\">\n<div class=\"wp-block-column is-vertically-aligned-center has-nv-light-bg-background-color has-background is-layout-flow wp-block-column-is-layout-flow\">\n<div class=\"wp-block-columns is-layout-flex wp-container-core-columns-is-layout-9d6595d7 wp-block-columns-is-layout-flex\">\n<div class=\"wp-block-column is-vertically-aligned-center is-layout-flow wp-block-column-is-layout-flow\" style=\"flex-basis:33.33%\"><div class=\"wp-block-image\">\n<figure class=\"aligncenter size-medium is-resized\"><img decoding=\"async\" data-src=\"https:\/\/www.isse.ruhr-uni-bochum.de\/pass\/wp-content\/uploads\/sites\/3\/2022\/08\/KIS_Logo_kein-Ueberschnitt_gruen_schwarz_20200429-276x300.png\" alt=\"\" class=\"wp-image-494 lazyload\" width=\"138\" height=\"150\" data-srcset=\"https:\/\/www.isse.ruhr-uni-bochum.de\/pass\/wp-content\/uploads\/sites\/3\/2022\/08\/KIS_Logo_kein-Ueberschnitt_gruen_schwarz_20200429-276x300.png 276w, https:\/\/www.isse.ruhr-uni-bochum.de\/pass\/wp-content\/uploads\/sites\/3\/2022\/08\/KIS_Logo_kein-Ueberschnitt_gruen_schwarz_20200429.png 615w\" data-sizes=\"(max-width: 138px) 100vw, 138px\" src=\"data:image\/svg+xml;base64,PHN2ZyB3aWR0aD0iMSIgaGVpZ2h0PSIxIiB4bWxucz0iaHR0cDovL3d3dy53My5vcmcvMjAwMC9zdmciPjwvc3ZnPg==\" style=\"--smush-placeholder-width: 138px; --smush-placeholder-aspect-ratio: 138\/150;\" \/><\/figure>\n<\/div><\/div>\n\n\n\n<div class=\"wp-block-column is-layout-flow wp-block-column-is-layout-flow\" style=\"flex-basis:60%\">\n<div style=\"height:50px\" aria-hidden=\"true\" class=\"wp-block-spacer\"><\/div>\n\n\n\n<div class=\"wp-block-columns is-layout-flex wp-container-core-columns-is-layout-9d6595d7 wp-block-columns-is-layout-flex\">\n<div class=\"wp-block-column is-vertically-aligned-center is-layout-flow wp-block-column-is-layout-flow\">\n<h4 class=\"wp-block-heading\">KIS Antriebstechnik GmbH &amp; Co. KG<\/h4>\n\n\n\n<hr class=\"wp-block-separator has-alpha-channel-opacity\" \/>\n\n\n\n<p>Die KIS Antriebstechnik GmbH &amp; Co. KG hat sich seit ihrer Gr\u00fcndung im Jahr 1990 zu einem der gr\u00f6\u00dften und leistungsf\u00e4higsten W\u00e4lzlagerlieferanten in Europa entwickelt. Neben dem umfangreichen Angebot einer Vielzahl von W\u00e4lzlagern in unz\u00e4hligen Variationen und Spezifikationen sowie hydraulischen Spann- und Abziehh\u00fclsen entwickelt, fertigt und liefert das Unternehmen dar\u00fcber hinaus nach individuellen Anforderungen konstruierte Drehverbindungen und Spezialw\u00e4lzlager f\u00fcr den Sondermaschinenbau.<\/p>\n<\/div>\n<\/div>\n<\/div>\n<\/div>\n<\/div>\n<\/div>\n\n\n\n<div class=\"wp-block-columns are-vertically-aligned-center is-layout-flex wp-container-core-columns-is-layout-9d6595d7 wp-block-columns-is-layout-flex\">\n<div class=\"wp-block-column is-vertically-aligned-center has-nv-light-bg-background-color has-background is-layout-flow wp-block-column-is-layout-flow\">\n<div class=\"wp-block-columns is-layout-flex wp-container-core-columns-is-layout-9d6595d7 wp-block-columns-is-layout-flex\">\n<div class=\"wp-block-column is-vertically-aligned-center is-layout-flow wp-block-column-is-layout-flow\" style=\"flex-basis:33.33%\"><div class=\"wp-block-image\">\n<figure class=\"aligncenter size-medium is-resized\"><img decoding=\"async\" data-src=\"https:\/\/www.isse.ruhr-uni-bochum.de\/pass\/wp-content\/uploads\/sites\/3\/2022\/08\/xbond-logo-300x125.png\" alt=\"\" class=\"wp-image-495 lazyload\" width=\"225\" height=\"94\" data-srcset=\"https:\/\/www.isse.ruhr-uni-bochum.de\/pass\/wp-content\/uploads\/sites\/3\/2022\/08\/xbond-logo-300x125.png 300w, https:\/\/www.isse.ruhr-uni-bochum.de\/pass\/wp-content\/uploads\/sites\/3\/2022\/08\/xbond-logo.png 600w\" data-sizes=\"(max-width: 225px) 100vw, 225px\" src=\"data:image\/svg+xml;base64,PHN2ZyB3aWR0aD0iMSIgaGVpZ2h0PSIxIiB4bWxucz0iaHR0cDovL3d3dy53My5vcmcvMjAwMC9zdmciPjwvc3ZnPg==\" style=\"--smush-placeholder-width: 225px; --smush-placeholder-aspect-ratio: 225\/94;\" \/><\/figure>\n<\/div><\/div>\n\n\n\n<div class=\"wp-block-column is-layout-flow wp-block-column-is-layout-flow\" style=\"flex-basis:60%\">\n<div style=\"height:50px\" aria-hidden=\"true\" class=\"wp-block-spacer\"><\/div>\n\n\n\n<div class=\"wp-block-columns is-layout-flex wp-container-core-columns-is-layout-9d6595d7 wp-block-columns-is-layout-flex\">\n<div class=\"wp-block-column is-vertically-aligned-center is-layout-flow wp-block-column-is-layout-flow\">\n<h4 class=\"wp-block-heading\">XBond GmbH &amp; Co. KG<\/h4>\n\n\n\n<hr class=\"wp-block-separator has-alpha-channel-opacity\" \/>\n\n\n\n<p>Die XBond GmbH &amp; Co. KG, urspr\u00fcnglich gestartet als Zulieferer f\u00fcr Wechselsysteme in der Nutzfahrzeugbranche, hat sich \u00fcber die Jahre als Hersteller im deutschen Fahrzeugbau etabliert und bietet seinen Kunden als kompetenter Technologiepartner die M\u00f6glichkeit, Schwei\u00df- und Montagebaugruppen sowie gesch\u00e4umte bzw. geklebte Baugruppen nicht nur zu fertigen, sondern auch gemeinsam zu entwickeln.<\/p>\n<\/div>\n<\/div>\n<\/div>\n<\/div>\n<\/div>\n<\/div>\n\n\n\n<div style=\"height:50px\" aria-hidden=\"true\" class=\"wp-block-spacer\"><\/div>\n\n\n\n<div class=\"wp-block-group\"><div class=\"wp-block-group__inner-container is-layout-flow wp-block-group-is-layout-flow\">\n<h2 class=\"wp-block-heading\">Entwicklungs- und Implementierungspartner<\/h2>\n\n\n\n<div class=\"wp-block-columns are-vertically-aligned-center is-layout-flex wp-container-core-columns-is-layout-9d6595d7 wp-block-columns-is-layout-flex\">\n<div class=\"wp-block-column is-vertically-aligned-center has-nv-light-bg-background-color has-background is-layout-flow wp-block-column-is-layout-flow\">\n<div class=\"wp-block-columns is-layout-flex wp-container-core-columns-is-layout-9d6595d7 wp-block-columns-is-layout-flex\">\n<div class=\"wp-block-column is-vertically-aligned-center is-layout-flow wp-block-column-is-layout-flow\" style=\"flex-basis:33.33%\"><div class=\"wp-block-image\">\n<figure class=\"aligncenter size-medium\"><img decoding=\"async\" width=\"300\" height=\"26\" data-src=\"https:\/\/www.isse.ruhr-uni-bochum.de\/pass\/wp-content\/uploads\/sites\/3\/2022\/06\/dastani-1-300x26.png\" alt=\"\" class=\"wp-image-149 lazyload\" data-srcset=\"https:\/\/www.isse.ruhr-uni-bochum.de\/pass\/wp-content\/uploads\/sites\/3\/2022\/06\/dastani-1-300x26.png 300w, https:\/\/www.isse.ruhr-uni-bochum.de\/pass\/wp-content\/uploads\/sites\/3\/2022\/06\/dastani-1-1024x88.png 1024w, https:\/\/www.isse.ruhr-uni-bochum.de\/pass\/wp-content\/uploads\/sites\/3\/2022\/06\/dastani-1-768x66.png 768w, https:\/\/www.isse.ruhr-uni-bochum.de\/pass\/wp-content\/uploads\/sites\/3\/2022\/06\/dastani-1.png 1167w\" data-sizes=\"(max-width: 300px) 100vw, 300px\" src=\"data:image\/svg+xml;base64,PHN2ZyB3aWR0aD0iMSIgaGVpZ2h0PSIxIiB4bWxucz0iaHR0cDovL3d3dy53My5vcmcvMjAwMC9zdmciPjwvc3ZnPg==\" style=\"--smush-placeholder-width: 300px; --smush-placeholder-aspect-ratio: 300\/26;\" \/><\/figure>\n<\/div><\/div>\n\n\n\n<div class=\"wp-block-column is-layout-flow wp-block-column-is-layout-flow\" style=\"flex-basis:60%\">\n<div style=\"height:50px\" aria-hidden=\"true\" class=\"wp-block-spacer\"><\/div>\n\n\n\n<div class=\"wp-block-columns is-layout-flex wp-container-core-columns-is-layout-9d6595d7 wp-block-columns-is-layout-flex\">\n<div class=\"wp-block-column is-vertically-aligned-center is-layout-flow wp-block-column-is-layout-flow\">\n<h4 class=\"wp-block-heading\">Dastani Consulting GmbH<\/h4>\n\n\n\n<hr class=\"wp-block-separator has-alpha-channel-opacity\" \/>\n\n\n\n<p>Die Dastani Consulting GmbH bringt die zur Entwicklung und Implementierung von Predictive-Analytics-Systemen notwendigen Kompetenzen ein. Die Erfahrung versetzt es in die Lage, individuell auf Kunden zugeschnittene Predictive-Analytics-L\u00f6sungen zu entwickeln und zu implementieren. Es unterst\u00fctzt und ber\u00e4t Unternehmen sowohl aus dem Business-to-Customer- als auch aus dem Business-to-Business-Bereich z. B. dabei, Akquisitionspotenziale aufzudecken und Kaufwahrscheinlichkeiten zuverl\u00e4ssig zu prognostizieren.<\/p>\n<\/div>\n<\/div>\n<\/div>\n<\/div>\n<\/div>\n<\/div>\n<\/div><\/div>\n\n\n\n<div style=\"height:50px\" aria-hidden=\"true\" class=\"wp-block-spacer\"><\/div>\n\n\n\n<h2 class=\"wp-block-heading\">Assoziierte Projektpartner<\/h2>\n\n\n\n<div class=\"wp-block-columns are-vertically-aligned-center is-layout-flex wp-container-core-columns-is-layout-9d6595d7 wp-block-columns-is-layout-flex\">\n<div class=\"wp-block-column is-vertically-aligned-center has-nv-light-bg-background-color has-background is-layout-flow wp-block-column-is-layout-flow\">\n<div class=\"wp-block-columns is-layout-flex wp-container-core-columns-is-layout-9d6595d7 wp-block-columns-is-layout-flex\">\n<div class=\"wp-block-column is-vertically-aligned-center is-layout-flow wp-block-column-is-layout-flow\" style=\"flex-basis:33.33%\"><div class=\"wp-block-image\">\n<figure class=\"aligncenter size-medium\"><img decoding=\"async\" width=\"264\" height=\"60\" src=\"https:\/\/www.isse.ruhr-uni-bochum.de\/pass\/wp-content\/uploads\/sites\/3\/2022\/08\/bdvm-logo.svg\" alt=\"\" class=\"wp-image-505\" \/><\/figure>\n<\/div><\/div>\n\n\n\n<div class=\"wp-block-column is-layout-flow wp-block-column-is-layout-flow\" style=\"flex-basis:60%\">\n<div style=\"height:50px\" aria-hidden=\"true\" class=\"wp-block-spacer\"><\/div>\n\n\n\n<div class=\"wp-block-columns is-layout-flex wp-container-core-columns-is-layout-9d6595d7 wp-block-columns-is-layout-flex\">\n<div class=\"wp-block-column is-vertically-aligned-center is-layout-flow wp-block-column-is-layout-flow\">\n<h4 class=\"wp-block-heading\">Bundesverband der Vertriebsmanager e.V.<\/h4>\n\n\n\n<hr class=\"wp-block-separator has-alpha-channel-opacity\" \/>\n\n\n\n<p>Der Bundesverband der Vertriebsmanager e. V. ist die f\u00fchrende berufsst\u00e4ndische Vereinigung f\u00fcr Vertriebsmanager und Vertriebsverantwortliche aus Unternehmen, Verb\u00e4nden und anderen Organisationen. Das Ziel des Verbandes ist die Definition und Wahrnehmung der Interessen der Verbandsmitglieder, die Vertriebspositionen vor allem in kleinen und mittleren Unternehmen bekleiden.<\/p>\n<\/div>\n<\/div>\n<\/div>\n<\/div>\n<\/div>\n<\/div>\n","protected":false},"excerpt":{"rendered":"<p>Forschungspartner Lehrstuhl f\u00fcr Industrial Sales and Service Engineering Der Lehrstuhl f\u00fcr Industrial Sales and Service Engineering (ISSE) an der Fakult\u00e4t f\u00fcr Maschinenbau der Ruhr-Universit\u00e4t Bochum unter Leitung von Prof. Dr. Jens P\u00f6ppelbu\u00df vertritt Themen des industriellen Kunden-, Vertriebs- und Servicemanagements in Forschung und Lehre. Die interdisziplin\u00e4ren und anwendungsnahen Forschungsaktivit\u00e4ten des Lehrstuhls verbinden technische und betriebswirtschaftliche&hellip;&nbsp;<a href=\"https:\/\/www.isse.ruhr-uni-bochum.de\/pass\/team\/\" rel=\"bookmark\">Weiterlesen &raquo;<span class=\"screen-reader-text\">Team<\/span><\/a><\/p>\n","protected":false},"author":1,"featured_media":0,"parent":0,"menu_order":0,"comment_status":"closed","ping_status":"closed","template":"","meta":{"inline_featured_image":false,"neve_meta_sidebar":"","neve_meta_container":"","neve_meta_enable_content_width":"","neve_meta_content_width":0,"neve_meta_title_alignment":"","neve_meta_author_avatar":"","neve_post_elements_order":"","neve_meta_disable_header":"","neve_meta_disable_footer":"","neve_meta_disable_title":"on","footnotes":""},"class_list":["post-224","page","type-page","status-publish","hentry"],"_links":{"self":[{"href":"https:\/\/www.isse.ruhr-uni-bochum.de\/pass\/wp-json\/wp\/v2\/pages\/224","targetHints":{"allow":["GET"]}}],"collection":[{"href":"https:\/\/www.isse.ruhr-uni-bochum.de\/pass\/wp-json\/wp\/v2\/pages"}],"about":[{"href":"https:\/\/www.isse.ruhr-uni-bochum.de\/pass\/wp-json\/wp\/v2\/types\/page"}],"author":[{"embeddable":true,"href":"https:\/\/www.isse.ruhr-uni-bochum.de\/pass\/wp-json\/wp\/v2\/users\/1"}],"replies":[{"embeddable":true,"href":"https:\/\/www.isse.ruhr-uni-bochum.de\/pass\/wp-json\/wp\/v2\/comments?post=224"}],"version-history":[{"count":0,"href":"https:\/\/www.isse.ruhr-uni-bochum.de\/pass\/wp-json\/wp\/v2\/pages\/224\/revisions"}],"wp:attachment":[{"href":"https:\/\/www.isse.ruhr-uni-bochum.de\/pass\/wp-json\/wp\/v2\/media?parent=224"}],"curies":[{"name":"wp","href":"https:\/\/api.w.org\/{rel}","templated":true}]}}