{"id":388,"date":"2022-07-27T11:34:37","date_gmt":"2022-07-27T09:34:37","guid":{"rendered":"https:\/\/www.isse.ruhr-uni-bochum.de\/pass\/?page_id=388"},"modified":"2022-08-19T15:36:43","modified_gmt":"2022-08-19T13:36:43","slug":"kontakt-2","status":"publish","type":"page","link":"https:\/\/www.isse.ruhr-uni-bochum.de\/pass\/kontakt-2\/","title":{"rendered":"Kontakt"},"content":{"rendered":"\n<div style=\"height:100px\" aria-hidden=\"true\" class=\"wp-block-spacer\"><\/div>\n\n\n\n<figure class=\"wp-block-image size-large is-resized\"><img decoding=\"async\" data-src=\"https:\/\/www.ruhr-uni-bochum.de\/bilder\/luftbilder\/2019_10_23_KM_Luftbilder-15.jpg\" alt=\"\" width=\"1002\" height=\"667\" src=\"data:image\/svg+xml;base64,PHN2ZyB3aWR0aD0iMSIgaGVpZ2h0PSIxIiB4bWxucz0iaHR0cDovL3d3dy53My5vcmcvMjAwMC9zdmciPjwvc3ZnPg==\" class=\"lazyload\" style=\"--smush-placeholder-width: 1002px; --smush-placeholder-aspect-ratio: 1002\/667;\" \/><\/figure>\n\n\n\n<h2 class=\"wp-block-heading\">Anschrift des Lehrstuhls<\/h2>\n\n\n\n<p>Ruhr-Universit\u00e4t Bochum<br>Fakult\u00e4t f\u00fcr Maschinenbau<br>Lehrstuhl f\u00fcr Industrial Sales and Service Engineering<br>Geb\u00e4ude IC 1-129<br>Universit\u00e4tsstr. 150<br>D-44801 Bochum<\/p>\n\n\n\n<p>Telefon:&nbsp;+49 234 32-26388<br>Fax: +49 234 32-14280<br>E-Mail:&nbsp;<a href=\"mailto:isse@ruhr-uni-bochum.de\">isse@ruhr-uni-bochum.de<\/a><\/p>\n\n\n\n<p><\/p>\n\n\n\n<p><\/p>\n","protected":false},"excerpt":{"rendered":"<p>Anschrift des Lehrstuhls Ruhr-Universit\u00e4t BochumFakult\u00e4t f\u00fcr MaschinenbauLehrstuhl f\u00fcr Industrial Sales and Service EngineeringGeb\u00e4ude IC 1-129Universit\u00e4tsstr. 150D-44801 Bochum Telefon:&nbsp;+49 234 32-26388Fax: +49 234 32-14280E-Mail:&nbsp;isse@ruhr-uni-bochum.de<\/p>\n","protected":false},"author":1,"featured_media":0,"parent":0,"menu_order":0,"comment_status":"closed","ping_status":"closed","template":"","meta":{"inline_featured_image":false,"neve_meta_sidebar":"","neve_meta_container":"","neve_meta_enable_content_width":"","neve_meta_content_width":0,"neve_meta_title_alignment":"","neve_meta_author_avatar":"","neve_post_elements_order":"","neve_meta_disable_header":"","neve_meta_disable_footer":"","neve_meta_disable_title":"on","footnotes":""},"class_list":["post-388","page","type-page","status-publish","hentry"],"_links":{"self":[{"href":"https:\/\/www.isse.ruhr-uni-bochum.de\/pass\/wp-json\/wp\/v2\/pages\/388","targetHints":{"allow":["GET"]}}],"collection":[{"href":"https:\/\/www.isse.ruhr-uni-bochum.de\/pass\/wp-json\/wp\/v2\/pages"}],"about":[{"href":"https:\/\/www.isse.ruhr-uni-bochum.de\/pass\/wp-json\/wp\/v2\/types\/page"}],"author":[{"embeddable":true,"href":"https:\/\/www.isse.ruhr-uni-bochum.de\/pass\/wp-json\/wp\/v2\/users\/1"}],"replies":[{"embeddable":true,"href":"https:\/\/www.isse.ruhr-uni-bochum.de\/pass\/wp-json\/wp\/v2\/comments?post=388"}],"version-history":[{"count":0,"href":"https:\/\/www.isse.ruhr-uni-bochum.de\/pass\/wp-json\/wp\/v2\/pages\/388\/revisions"}],"wp:attachment":[{"href":"https:\/\/www.isse.ruhr-uni-bochum.de\/pass\/wp-json\/wp\/v2\/media?parent=388"}],"curies":[{"name":"wp","href":"https:\/\/api.w.org\/{rel}","templated":true}]}}