{"id":28,"date":"2022-03-03T08:38:10","date_gmt":"2022-03-03T07:38:10","guid":{"rendered":"https:\/\/www.isse.ruhr-uni-bochum.de\/ruhr-school-of-design-thinking\/?page_id=28"},"modified":"2023-12-11T16:27:09","modified_gmt":"2023-12-11T15:27:09","slug":"startseite","status":"publish","type":"page","link":"https:\/\/www.isse.ruhr-uni-bochum.de\/ruhr-school-of-design-thinking\/","title":{"rendered":"Startseite"},"content":{"rendered":"\n<div class=\"wp-block-cover alignfull is-light\" style=\"min-height:850px;aspect-ratio:unset;\"><span aria-hidden=\"true\" class=\"wp-block-cover__background has-nv-site-bg-background-color has-background-dim-0 has-background-dim\"><\/span><video class=\"wp-block-cover__video-background intrinsic-ignore\" autoplay muted loop playsinline src=\"https:\/\/www.isse.ruhr-uni-bochum.de\/ruhr-school-of-design-thinking\/wp-content\/uploads\/sites\/5\/2022\/04\/Drop-98064.mp4\" style=\"object-position:54% 97%\" data-object-fit=\"cover\" data-object-position=\"54% 97%\"><\/video><div class=\"wp-block-cover__inner-container is-layout-flow wp-block-cover-is-layout-flow\">\n<div style=\"height:60px\" aria-hidden=\"true\" class=\"wp-block-spacer\"><\/div>\n\n\n\n<h2 class=\"alignfull has-text-align-center has-nv-light-bg-color has-text-color has-medium-font-size wp-block-heading\">Auf Kohle gebaut. Durch die Ruhr verbunden. Von Innovation begeistert.<\/h2>\n\n\n<div class=\"wp-block-image is-style-default\">\n<figure class=\"aligncenter size-large is-resized\"><img decoding=\"async\" data-src=\"https:\/\/www.isse.ruhr-uni-bochum.de\/ruhr-school\/wp-content\/uploads\/sites\/5\/2022\/03\/RSDT-Logo-Tetraeder-946x1024.png\" alt=\"\" class=\"wp-image-23 lazyload\" width=\"237\" height=\"256\" src=\"data:image\/svg+xml;base64,PHN2ZyB3aWR0aD0iMSIgaGVpZ2h0PSIxIiB4bWxucz0iaHR0cDovL3d3dy53My5vcmcvMjAwMC9zdmciPjwvc3ZnPg==\" style=\"--smush-placeholder-width: 237px; --smush-placeholder-aspect-ratio: 237\/256;\" \/><\/figure>\n<\/div>\n\n\n<h1 class=\"alignfull has-text-align-center has-nv-site-bg-color has-text-color wp-block-heading\" style=\"font-size:100px\">Gl\u00fcck Auf!<\/h1>\n\n\n\n<div style=\"height:60px\" aria-hidden=\"true\" class=\"wp-block-spacer\"><\/div>\n<\/div><\/div>\n\n\n\n<div class=\"wp-block-cover alignfull\"><span aria-hidden=\"true\" class=\"wp-block-cover__background has-background-dim-100 has-background-dim\" style=\"background-color:#1a1a1a\"><\/span><div class=\"wp-block-cover__inner-container is-layout-flow wp-block-cover-is-layout-flow\">\n<div style=\"height:320px\" aria-hidden=\"true\" class=\"wp-block-spacer\"><\/div>\n\n\n\n<h1 class=\"has-text-align-center wp-block-heading\">Aus <strong>Industrie<\/strong>kultur wird <strong>Innovations<\/strong>kultur<\/h1>\n\n\n\n<div style=\"height:80px\" aria-hidden=\"true\" class=\"wp-block-spacer\"><\/div>\n\n\n\n<h2 class=\"has-text-align-center wp-block-heading\"><span class=\"typed-me\" data-string0=\"Menschen begeistern\" data-string1=\"Innovation f\u00f6rdern\" data-string2=\"Wissen schaffen\" data-string3=\"Unternehmen vernetzen\" data-string4=\"Strukturwandel begleiten\" data-string5=\"Ruhrgebiet st\u00e4rken\" data-string6=\"Talente ausbilden\" data-type-speed=\"40\" data-start-delay=\"0\" data-back-speed=\"40\" data-back-delay=\"500\" data-loop=\"1\" data-shuffle=\"1\"><\/span><\/h2>\n\n\n\n<div style=\"height:320px\" aria-hidden=\"true\" class=\"wp-block-spacer\"><\/div>\n<\/div><\/div>\n\n\n\n<div style=\"height:160px\" aria-hidden=\"true\" class=\"wp-block-spacer\"><\/div>\n\n\n<div class=\"wp-block-image is-style-default\">\n<figure class=\"aligncenter size-large is-resized\"><img decoding=\"async\" data-src=\"https:\/\/www.isse.ruhr-uni-bochum.de\/ruhr-school\/wp-content\/uploads\/sites\/5\/2022\/03\/RSDT-Logo-1024x367.png\" alt=\"\" class=\"wp-image-21 lazyload\" width=\"768\" height=\"275\" data-srcset=\"https:\/\/www.isse.ruhr-uni-bochum.de\/ruhr-school-of-design-thinking\/wp-content\/uploads\/sites\/5\/2022\/03\/RSDT-Logo-1024x367.png 1024w, https:\/\/www.isse.ruhr-uni-bochum.de\/ruhr-school-of-design-thinking\/wp-content\/uploads\/sites\/5\/2022\/03\/RSDT-Logo-300x108.png 300w, https:\/\/www.isse.ruhr-uni-bochum.de\/ruhr-school-of-design-thinking\/wp-content\/uploads\/sites\/5\/2022\/03\/RSDT-Logo-768x276.png 768w, https:\/\/www.isse.ruhr-uni-bochum.de\/ruhr-school-of-design-thinking\/wp-content\/uploads\/sites\/5\/2022\/03\/RSDT-Logo-1536x551.png 1536w, https:\/\/www.isse.ruhr-uni-bochum.de\/ruhr-school-of-design-thinking\/wp-content\/uploads\/sites\/5\/2022\/03\/RSDT-Logo-2048x735.png 2048w\" data-sizes=\"(max-width: 768px) 100vw, 768px\" src=\"data:image\/svg+xml;base64,PHN2ZyB3aWR0aD0iMSIgaGVpZ2h0PSIxIiB4bWxucz0iaHR0cDovL3d3dy53My5vcmcvMjAwMC9zdmciPjwvc3ZnPg==\" style=\"--smush-placeholder-width: 768px; --smush-placeholder-aspect-ratio: 768\/275;\" \/><\/figure>\n<\/div>\n\n\n<div style=\"height:90px\" aria-hidden=\"true\" class=\"wp-block-spacer\"><\/div>\n\n\n\n<div class=\"wp-block-columns is-layout-flex wp-container-core-columns-is-layout-9d6595d7 wp-block-columns-is-layout-flex\">\n<div class=\"wp-block-column is-layout-flow wp-block-column-is-layout-flow\"><div class=\"wp-block-image icon-style is-style-default\">\n<figure class=\"aligncenter size-large is-resized\"><img decoding=\"async\" src=\"https:\/\/www.isse.ruhr-uni-bochum.de\/ruhr-school\/wp-content\/uploads\/sites\/5\/2022\/03\/Lehre-3.svg\" alt=\"\" class=\"wp-image-121\" width=\"128\" height=\"128\" \/><\/figure>\n<\/div>\n\n\n<h3 class=\"has-text-align-center has-neve-text-color-color has-text-color wp-block-heading\">Lehre<\/h3>\n\n\n\n<p class=\"has-text-align-center has-medium-font-size\">&gt;120.000 Studierende f\u00fcr Innovation und Unternehmertum begeistern<\/p>\n\n\n\n<p class=\"has-text-align-center has-medium-font-size\">Komplexe Herausforderungen aus Gesellschaft und Praxis l\u00f6sen<\/p>\n\n\n\n<div style=\"height:20px\" aria-hidden=\"true\" class=\"wp-block-spacer\"><\/div>\n<\/div>\n\n\n\n<div class=\"wp-block-column is-layout-flow wp-block-column-is-layout-flow\"><div class=\"wp-block-image is-style-default\">\n<figure class=\"aligncenter size-large is-resized\"><img decoding=\"async\" src=\"https:\/\/www.isse.ruhr-uni-bochum.de\/ruhr-school\/wp-content\/uploads\/sites\/5\/2022\/03\/Forschung-3.svg\" alt=\"\" class=\"wp-image-120\" width=\"128\" height=\"128\" \/><\/figure>\n<\/div>\n\n\n<h3 class=\"has-text-align-center has-neve-text-color-color has-text-color wp-block-heading\">Forschung<\/h3>\n\n\n\n<p class=\"has-text-align-center has-medium-font-size\">Interdisziplin\u00e4re und evidenzbasierte Studieng\u00e4nge sowie internationale Forschung zu Design Thinking<\/p>\n\n\n\n<div style=\"height:20px\" aria-hidden=\"true\" class=\"wp-block-spacer\"><\/div>\n<\/div>\n\n\n\n<div class=\"wp-block-column is-layout-flow wp-block-column-is-layout-flow\"><div class=\"wp-block-image icon-style is-style-rounded\">\n<figure class=\"aligncenter size-medium is-resized\"><img decoding=\"async\" src=\"https:\/\/www.isse.ruhr-uni-bochum.de\/ruhr-school\/wp-content\/uploads\/sites\/5\/2022\/03\/Transfer.svg\" alt=\"\" class=\"wp-image-106\" width=\"128\" height=\"128\" \/><\/figure>\n<\/div>\n\n\n<h3 class=\"has-text-align-center has-neve-text-color-color has-text-color wp-block-heading\">Transfer<\/h3>\n\n\n\n<p class=\"has-text-align-center has-medium-font-size\">Den Strukturwandel im Ruhrgebiet gemeinsam mit Organisationen und Unternehmen der Region gestalten<\/p>\n\n\n\n<div style=\"height:20px\" aria-hidden=\"true\" class=\"wp-block-spacer\"><\/div>\n<\/div>\n<\/div>\n\n\n\n<div style=\"height:80px\" aria-hidden=\"true\" class=\"wp-block-spacer\"><\/div>\n\n\n\n<div class=\"wp-block-cover alignfull\" style=\"min-height:600px;aspect-ratio:unset;\"><span aria-hidden=\"true\" class=\"wp-block-cover__background has-nv-dark-bg-background-color has-background-dim-100 has-background-dim\"><\/span><div class=\"wp-block-cover__inner-container is-layout-flow wp-block-cover-is-layout-flow\">\n<div class=\"wp-block-group\"><div class=\"wp-block-group__inner-container is-layout-flow wp-block-group-is-layout-flow\">\n<div style=\"height:80px\" aria-hidden=\"true\" class=\"wp-block-spacer\"><\/div>\n\n\n\n<div class=\"wp-block-columns are-vertically-aligned-center is-layout-flex wp-container-core-columns-is-layout-9d6595d7 wp-block-columns-is-layout-flex\">\n<div class=\"wp-block-column is-vertically-aligned-center is-layout-flow wp-block-column-is-layout-flow\" style=\"flex-basis:50%\">\n<figure class=\"wp-block-image size-large is-resized\"><img decoding=\"async\" data-src=\"https:\/\/www.isse.ruhr-uni-bochum.de\/ruhr-school\/wp-content\/uploads\/sites\/5\/2022\/03\/Treppen_Ruhrmuseum-1-1024x1024.png\" alt=\"\" class=\"wp-image-135 lazyload\" width=\"512\" height=\"512\" data-srcset=\"https:\/\/www.isse.ruhr-uni-bochum.de\/ruhr-school-of-design-thinking\/wp-content\/uploads\/sites\/5\/2022\/03\/Treppen_Ruhrmuseum-1-1024x1024.png 1024w, https:\/\/www.isse.ruhr-uni-bochum.de\/ruhr-school-of-design-thinking\/wp-content\/uploads\/sites\/5\/2022\/03\/Treppen_Ruhrmuseum-1-300x300.png 300w, https:\/\/www.isse.ruhr-uni-bochum.de\/ruhr-school-of-design-thinking\/wp-content\/uploads\/sites\/5\/2022\/03\/Treppen_Ruhrmuseum-1-150x150.png 150w, https:\/\/www.isse.ruhr-uni-bochum.de\/ruhr-school-of-design-thinking\/wp-content\/uploads\/sites\/5\/2022\/03\/Treppen_Ruhrmuseum-1-768x768.png 768w, https:\/\/www.isse.ruhr-uni-bochum.de\/ruhr-school-of-design-thinking\/wp-content\/uploads\/sites\/5\/2022\/03\/Treppen_Ruhrmuseum-1.png 1080w\" data-sizes=\"(max-width: 512px) 100vw, 512px\" src=\"data:image\/svg+xml;base64,PHN2ZyB3aWR0aD0iMSIgaGVpZ2h0PSIxIiB4bWxucz0iaHR0cDovL3d3dy53My5vcmcvMjAwMC9zdmciPjwvc3ZnPg==\" style=\"--smush-placeholder-width: 512px; --smush-placeholder-aspect-ratio: 512\/512;\" \/><\/figure>\n<\/div>\n\n\n\n<div class=\"wp-block-column is-vertically-aligned-center is-layout-flow wp-block-column-is-layout-flow\" style=\"flex-basis:50%\">\n<div style=\"height:40px\" aria-hidden=\"true\" class=\"wp-block-spacer\"><\/div>\n\n\n\n<h2 class=\"has-text-align-left has-nv-text-dark-bg-color has-text-color wp-block-heading\">Unsere Vision<\/h2>\n\n\n\n<p class=\"has-text-align-left has-nv-text-dark-bg-color has-text-color\" style=\"font-size:17px\">Wir m\u00f6chten gemeinsam die Innovationskraft des Ruhrgebietes st\u00e4rken. Hierbei gehen wir soziale, wirtschaftliche und technologische Themen an und verfolgen eine nachhaltige und resiliente Wirtschaft und Gesellschaft. <\/p>\n\n\n\n<p class=\"has-text-align-left has-nv-text-dark-bg-color has-text-color\" style=\"font-size:17px\">Innovationen m\u00fcssen dabei zuk\u00fcnftig in den Grenzen unseres Planten und im Einklang der Interessen zuk\u00fcnftiger Generationen gedacht werden.  Wir begleiten die Industrie im digitalen Wandel und unterst\u00fctzen Verb\u00e4nde und Institutionen bei Fragestellung rund um human-zentrierte Innovation und Transformation. <\/p>\n\n\n\n<div class=\"wp-block-buttons is-content-justification-left is-layout-flex wp-container-core-buttons-is-layout-fdcfc74e wp-block-buttons-is-layout-flex\">\n<div class=\"wp-block-button is-style-primary\"><a class=\"wp-block-button__link\" href=\"https:\/\/www.isse.ruhr-uni-bochum.de\/ruhr-school-of-design-thinking\/unser-leitbild\/\">Unser Leitbild<\/a><\/div>\n<\/div>\n<\/div>\n<\/div>\n\n\n\n<div style=\"height:40px\" aria-hidden=\"true\" class=\"wp-block-spacer\"><\/div>\n<\/div><\/div>\n<\/div><\/div>\n\n\n\n<div class=\"wp-block-cover alignfull\" style=\"min-height:600px;aspect-ratio:unset;\"><span aria-hidden=\"true\" class=\"wp-block-cover__background has-nv-site-bg-background-color has-background-dim-100 has-background-dim\"><\/span><div class=\"wp-block-cover__inner-container is-layout-flow wp-block-cover-is-layout-flow\">\n<div class=\"wp-block-group\"><div class=\"wp-block-group__inner-container is-layout-flow wp-block-group-is-layout-flow\">\n<div style=\"height:80px\" aria-hidden=\"true\" class=\"wp-block-spacer\"><\/div>\n\n\n\n<div class=\"wp-block-columns are-vertically-aligned-top is-layout-flex wp-container-core-columns-is-layout-9d6595d7 wp-block-columns-is-layout-flex\">\n<div class=\"wp-block-column is-vertically-aligned-top is-layout-flow wp-block-column-is-layout-flow\" style=\"flex-basis:50%\">\n<div style=\"height:40px\" aria-hidden=\"true\" class=\"wp-block-spacer\"><\/div>\n\n\n\n<h2 class=\"has-neve-text-color-color has-text-color wp-block-heading\">Unsere Community<\/h2>\n\n\n\n<p class=\"has-neve-link-color-color has-text-color\">Wir sind ein interdisziplin\u00e4res Team aus Forschenden, Unternehmen und Institutionen aus dem Ruhrgebiet, die sich mit Design Thinking besch\u00e4ftigen und es in Lehrveranstaltungen, Innovationsprojekten und zur L\u00f6sung vom gesellschaftlichen Fragestellungen einsetzen. Gestartet mit Akteuren der Universit\u00e4tsallianz Ruhr bauen wir unser Netzwerk im Ruhrgebiet stetig aus. Du bist Gr\u00fcnder:in, Unternehmer:in oder einfach interessiert an unserer Community f\u00fcr Innovation im Ruhrgebiet? Dann bist du bei der Ruhr School genau richtig. Wir bieten Design Thinking Enthusiasmus, Coaching-Expertise und R\u00e4umlichkeiten f\u00fcr eure Vorhaben.  <\/p>\n\n\n\n<div class=\"wp-block-buttons is-content-justification-right is-layout-flex wp-container-core-buttons-is-layout-765c4724 wp-block-buttons-is-layout-flex\">\n<div class=\"wp-block-button is-style-primary\"><a class=\"wp-block-button__link\" href=\"https:\/\/www.isse.ruhr-uni-bochum.de\/ruhr-school-of-design-thinking\/ueber\/\">Akteure<\/a><\/div>\n<\/div>\n<\/div>\n\n\n\n<div class=\"wp-block-column is-vertically-aligned-top is-layout-flow wp-block-column-is-layout-flow\" style=\"flex-basis:50%\">\n<figure class=\"wp-block-image size-large\"><img decoding=\"async\" width=\"1024\" height=\"1024\" data-src=\"https:\/\/www.isse.ruhr-uni-bochum.de\/ruhr-school\/wp-content\/uploads\/sites\/5\/2022\/03\/Bochum-Bruecke-1024x1024.png\" alt=\"\" class=\"wp-image-136 lazyload\" data-srcset=\"https:\/\/www.isse.ruhr-uni-bochum.de\/ruhr-school-of-design-thinking\/wp-content\/uploads\/sites\/5\/2022\/03\/Bochum-Bruecke-1024x1024.png 1024w, https:\/\/www.isse.ruhr-uni-bochum.de\/ruhr-school-of-design-thinking\/wp-content\/uploads\/sites\/5\/2022\/03\/Bochum-Bruecke-300x300.png 300w, https:\/\/www.isse.ruhr-uni-bochum.de\/ruhr-school-of-design-thinking\/wp-content\/uploads\/sites\/5\/2022\/03\/Bochum-Bruecke-150x150.png 150w, https:\/\/www.isse.ruhr-uni-bochum.de\/ruhr-school-of-design-thinking\/wp-content\/uploads\/sites\/5\/2022\/03\/Bochum-Bruecke-768x768.png 768w, https:\/\/www.isse.ruhr-uni-bochum.de\/ruhr-school-of-design-thinking\/wp-content\/uploads\/sites\/5\/2022\/03\/Bochum-Bruecke.png 1080w\" data-sizes=\"(max-width: 1024px) 100vw, 1024px\" src=\"data:image\/svg+xml;base64,PHN2ZyB3aWR0aD0iMSIgaGVpZ2h0PSIxIiB4bWxucz0iaHR0cDovL3d3dy53My5vcmcvMjAwMC9zdmciPjwvc3ZnPg==\" style=\"--smush-placeholder-width: 1024px; --smush-placeholder-aspect-ratio: 1024\/1024;\" \/><\/figure>\n\n\n\n<div style=\"height:40px\" aria-hidden=\"true\" class=\"wp-block-spacer\"><\/div>\n<\/div>\n<\/div>\n\n\n\n<div style=\"height:40px\" aria-hidden=\"true\" class=\"wp-block-spacer\"><\/div>\n<\/div><\/div>\n<\/div><\/div>\n\n\n\n<div class=\"wp-block-cover alignfull\" style=\"min-height:300px;aspect-ratio:unset;\"><span aria-hidden=\"true\" class=\"wp-block-cover__background has-nv-dark-bg-background-color has-background-dim-100 has-background-dim\"><\/span><div class=\"wp-block-cover__inner-container is-layout-flow wp-block-cover-is-layout-flow\">\n<div style=\"height:80px\" aria-hidden=\"true\" class=\"wp-block-spacer\"><\/div>\n\n\n\n<h2 class=\"has-text-align-center wp-block-heading\">Gemeinsam die Innovationskultur im Ruhrgebiet st\u00e4rken.<\/h2>\n\n\n\n<h3 class=\"has-text-align-center wp-block-heading\">An alle Forschende, Unternehmer:innen, Verb\u00e4nde und Studierende, <br>wenn euch so viel am Ruhrgebiet liegt wie uns, meldet euch!<\/h3>\n\n\n\n<div class=\"wp-block-buttons is-content-justification-center is-layout-flex wp-container-core-buttons-is-layout-16018d1d wp-block-buttons-is-layout-flex\">\n<div class=\"wp-block-button is-style-primary\"><a class=\"wp-block-button__link\" href=\"mailto:martin.ebel@isse.ruhr-uni-bochum.de\" target=\"_blank\" rel=\"noreferrer noopener\">E-Mail<\/a><\/div>\n<\/div>\n\n\n\n<div style=\"height:140px\" aria-hidden=\"true\" class=\"wp-block-spacer\"><\/div>\n<\/div><\/div>\n\n\n\n<div style=\"height:80px\" aria-hidden=\"true\" class=\"wp-block-spacer\"><\/div>\n\n\n\n<div class=\"wp-block-cover alignfull\"><span aria-hidden=\"true\" class=\"wp-block-cover__background has-neve-link-hover-color-background-color has-background-dim-100 has-background-dim\"><\/span><div class=\"wp-block-cover__inner-container is-layout-flow wp-block-cover-is-layout-flow\">\n<div style=\"height:80px\" aria-hidden=\"true\" class=\"wp-block-spacer\"><\/div>\n\n\n\n<h1 class=\"has-text-align-center has-nv-text-dark-bg-color has-text-color has-x-large-font-size wp-block-heading\">Heimat ist kein Ort, Heimat ist ein Gef\u00fchl!<\/h1>\n\n\n\n<p class=\"has-text-align-center\">Herbert Gr\u00f6nemeyer<\/p>\n\n\n\n<div style=\"height:80px\" aria-hidden=\"true\" class=\"wp-block-spacer\"><\/div>\n<\/div><\/div>\n","protected":false},"excerpt":{"rendered":"<p>Lehre &gt;120.000 Studierende f\u00fcr Innovation und Unternehmertum begeistern Komplexe Herausforderungen aus Gesellschaft und Praxis l\u00f6sen Forschung Interdisziplin\u00e4re und evidenzbasierte Studieng\u00e4nge sowie internationale Forschung zu Design Thinking Transfer Den Strukturwandel im Ruhrgebiet gemeinsam mit Organisationen und Unternehmen der Region gestalten<\/p>\n","protected":false},"author":1,"featured_media":0,"parent":0,"menu_order":0,"comment_status":"closed","ping_status":"closed","template":"","meta":{"inline_featured_image":false,"neve_meta_sidebar":"","neve_meta_container":"","neve_meta_enable_content_width":"on","neve_meta_content_width":99,"neve_meta_title_alignment":"left","neve_meta_author_avatar":"","neve_post_elements_order":"","neve_meta_disable_header":"","neve_meta_disable_footer":"","neve_meta_disable_title":"on","footnotes":""},"class_list":["post-28","page","type-page","status-publish","hentry"],"_links":{"self":[{"href":"https:\/\/www.isse.ruhr-uni-bochum.de\/ruhr-school-of-design-thinking\/wp-json\/wp\/v2\/pages\/28","targetHints":{"allow":["GET"]}}],"collection":[{"href":"https:\/\/www.isse.ruhr-uni-bochum.de\/ruhr-school-of-design-thinking\/wp-json\/wp\/v2\/pages"}],"about":[{"href":"https:\/\/www.isse.ruhr-uni-bochum.de\/ruhr-school-of-design-thinking\/wp-json\/wp\/v2\/types\/page"}],"author":[{"embeddable":true,"href":"https:\/\/www.isse.ruhr-uni-bochum.de\/ruhr-school-of-design-thinking\/wp-json\/wp\/v2\/users\/1"}],"replies":[{"embeddable":true,"href":"https:\/\/www.isse.ruhr-uni-bochum.de\/ruhr-school-of-design-thinking\/wp-json\/wp\/v2\/comments?post=28"}],"version-history":[{"count":1,"href":"https:\/\/www.isse.ruhr-uni-bochum.de\/ruhr-school-of-design-thinking\/wp-json\/wp\/v2\/pages\/28\/revisions"}],"predecessor-version":[{"id":483,"href":"https:\/\/www.isse.ruhr-uni-bochum.de\/ruhr-school-of-design-thinking\/wp-json\/wp\/v2\/pages\/28\/revisions\/483"}],"wp:attachment":[{"href":"https:\/\/www.isse.ruhr-uni-bochum.de\/ruhr-school-of-design-thinking\/wp-json\/wp\/v2\/media?parent=28"}],"curies":[{"name":"wp","href":"https:\/\/api.w.org\/{rel}","templated":true}]}}