{"id":320,"date":"2022-07-04T13:02:07","date_gmt":"2022-07-04T11:02:07","guid":{"rendered":"https:\/\/www.isse.ruhr-uni-bochum.de\/ruhr-school-of-design-thinking\/?page_id=320"},"modified":"2023-03-22T08:39:22","modified_gmt":"2023-03-22T07:39:22","slug":"unser-leitbild","status":"publish","type":"page","link":"https:\/\/www.isse.ruhr-uni-bochum.de\/ruhr-school-of-design-thinking\/unser-leitbild\/","title":{"rendered":"Leitbild"},"content":{"rendered":"\n<div class=\"wp-block-cover alignfull is-light\" style=\"min-height:876px;aspect-ratio:unset;\"><span aria-hidden=\"true\" class=\"wp-block-cover__background has-nv-site-bg-background-color has-background-dim-0 has-background-dim\"><\/span><video class=\"wp-block-cover__video-background intrinsic-ignore\" autoplay muted loop playsinline src=\"https:\/\/www.isse.ruhr-uni-bochum.de\/ruhr-school-of-design-thinking\/wp-content\/uploads\/sites\/5\/2022\/04\/Ink-215361_Trim.mp4\" style=\"object-position:50% 56%\" data-object-fit=\"cover\" data-object-position=\"50% 56%\"><\/video><div class=\"wp-block-cover__inner-container is-layout-flow wp-block-cover-is-layout-flow\">\n<div class=\"wp-block-group\"><div class=\"wp-block-group__inner-container is-layout-flow wp-block-group-is-layout-flow\">\n<div style=\"height:80px\" aria-hidden=\"true\" class=\"wp-block-spacer\"><\/div>\n\n\n\n<h1 class=\"has-text-align-center has-nv-site-bg-color has-text-color wp-block-heading\">Aus Industriekultur wird Innovationskultur <\/h1>\n\n\n\n<h4 class=\"has-text-align-center has-nv-site-bg-color has-text-color wp-block-heading\"> <\/h4>\n<\/div><\/div>\n<\/div><\/div>\n\n\n\n<div style=\"height:100px\" aria-hidden=\"true\" class=\"wp-block-spacer\"><\/div>\n\n\n\n<figure class=\"wp-block-embed is-type-video is-provider-youtube wp-block-embed-youtube wp-embed-aspect-16-9 wp-has-aspect-ratio\"><div class=\"wp-block-embed__wrapper\">\n<div class=\"nv-iframe-embed\"><iframe title=\"RuhrSchool of Design Thinking\" width=\"1200\" height=\"675\" data-src=\"https:\/\/www.youtube.com\/embed\/OCbqujQcznA?feature=oembed\" frameborder=\"0\" allow=\"accelerometer; autoplay; clipboard-write; encrypted-media; gyroscope; picture-in-picture; web-share\" allowfullscreen src=\"data:image\/svg+xml;base64,PHN2ZyB3aWR0aD0iMSIgaGVpZ2h0PSIxIiB4bWxucz0iaHR0cDovL3d3dy53My5vcmcvMjAwMC9zdmciPjwvc3ZnPg==\" class=\"lazyload\" data-load-mode=\"1\"><\/iframe><\/div>\n<\/div><\/figure>\n\n\n\n<h2 class=\"wp-block-heading\">Was uns antreibt<\/h2>\n\n\n\n<p>Wir m\u00f6chten gemeinschaftlich mit Aus- und Weiterbildung eine Innovationskultur pr\u00e4gen und zu einer zukunftsf\u00e4higen und innovativen Metropolregion Ruhr beitragen.<\/p>\n\n\n\n<h2 class=\"wp-block-heading\">Was wir uns w\u00fcnschen<\/h2>\n\n\n\n<p>Innovationen sehen wir als einen Schl\u00fcssel f\u00fcr eine wettbewerbsf\u00e4hige Metropole Ruhr. Der n\u00e4chste Strukturwandel im Ruhrgebiet kann nur gemeinsam und interdisziplin\u00e4r vollzogen werden. Hierzu w\u00fcnschen wir uns eine st\u00e4rkere Zusammenarbeit und Kollaboration beteiligter Akteure. Das Ganze evidenzbasiert, zukunftsorientiert und mit Menschen im Zentrum. <\/p>\n\n\n\n<h2 class=\"wp-block-heading\">Woran wir festhalten<\/h2>\n\n\n\n<p>Der Mensch als kreativer Erfolgsfaktor. Neue Technologien sehen wir als Enabler und wir sind davon \u00fcberzeugt aktuelle Trends und vor allem gesellschaftliche Heraussforderungen aus der Region proaktiv gestalten und bew\u00e4ltigen zu k\u00f6nnen. Das Ganze durch  nutzerzentrierte Innovationsans\u00e4tze wie Design Thinking. L\u00f6sungen d\u00fcrfen aber nicht auf dem Papier enden, sondern m\u00fcssen umgesetzt werden. <\/p>\n\n\n\n<h2 class=\"wp-block-heading\">Was wir daf\u00fcr tun<\/h2>\n\n\n\n<p>Wir b\u00fcndeln Synergien und bestehende Ressourcen zum Thema Innovation. Zun\u00e4chst entlang der drei gro\u00dfen Universit\u00e4ten an der Ruhr. Wir verstehen uns aber als offenes und wachsendes \u00d6kosystem und nehmen Interessierte gern auf. Wir bilden Talente aus und versuchen diese in Zusammenarbeit mit Corporates, dem Mittelstand, Verb\u00e4nden, sowie Start-Ups am Standort zu halten. Wir vermitteln empirische Erkenntisse und den Umgang mit Werkzeugen aus dem Innovationsmanagement und setzen in  Lehrformaten auf praxisnahe Anwendung. In der Forschung hinterfragen wir Anwendung und Einsatzgebiete kritisch und liefern evidenzbasierte Unters\u00fctzung in Transformationsprozessen.   <\/p>\n","protected":false},"excerpt":{"rendered":"<p>Was uns antreibt Wir m\u00f6chten gemeinschaftlich mit Aus- und Weiterbildung eine Innovationskultur pr\u00e4gen und zu einer zukunftsf\u00e4higen und innovativen Metropolregion Ruhr beitragen. Was wir uns w\u00fcnschen Innovationen sehen wir als einen Schl\u00fcssel f\u00fcr eine wettbewerbsf\u00e4hige Metropole Ruhr. Der n\u00e4chste Strukturwandel im Ruhrgebiet kann nur gemeinsam und interdisziplin\u00e4r vollzogen werden. Hierzu w\u00fcnschen wir uns eine st\u00e4rkere&hellip;&nbsp;<a href=\"https:\/\/www.isse.ruhr-uni-bochum.de\/ruhr-school-of-design-thinking\/unser-leitbild\/\" rel=\"bookmark\">Weiterlesen &raquo;<span class=\"screen-reader-text\">Leitbild<\/span><\/a><\/p>\n","protected":false},"author":15,"featured_media":0,"parent":0,"menu_order":0,"comment_status":"closed","ping_status":"closed","template":"","meta":{"inline_featured_image":false,"neve_meta_sidebar":"","neve_meta_container":"","neve_meta_enable_content_width":"on","neve_meta_content_width":100,"neve_meta_title_alignment":"","neve_meta_author_avatar":"","neve_post_elements_order":"","neve_meta_disable_header":"","neve_meta_disable_footer":"on","neve_meta_disable_title":"on","footnotes":""},"class_list":["post-320","page","type-page","status-publish","hentry"],"_links":{"self":[{"href":"https:\/\/www.isse.ruhr-uni-bochum.de\/ruhr-school-of-design-thinking\/wp-json\/wp\/v2\/pages\/320","targetHints":{"allow":["GET"]}}],"collection":[{"href":"https:\/\/www.isse.ruhr-uni-bochum.de\/ruhr-school-of-design-thinking\/wp-json\/wp\/v2\/pages"}],"about":[{"href":"https:\/\/www.isse.ruhr-uni-bochum.de\/ruhr-school-of-design-thinking\/wp-json\/wp\/v2\/types\/page"}],"author":[{"embeddable":true,"href":"https:\/\/www.isse.ruhr-uni-bochum.de\/ruhr-school-of-design-thinking\/wp-json\/wp\/v2\/users\/15"}],"replies":[{"embeddable":true,"href":"https:\/\/www.isse.ruhr-uni-bochum.de\/ruhr-school-of-design-thinking\/wp-json\/wp\/v2\/comments?post=320"}],"version-history":[{"count":0,"href":"https:\/\/www.isse.ruhr-uni-bochum.de\/ruhr-school-of-design-thinking\/wp-json\/wp\/v2\/pages\/320\/revisions"}],"wp:attachment":[{"href":"https:\/\/www.isse.ruhr-uni-bochum.de\/ruhr-school-of-design-thinking\/wp-json\/wp\/v2\/media?parent=320"}],"curies":[{"name":"wp","href":"https:\/\/api.w.org\/{rel}","templated":true}]}}