{"id":479,"date":"2023-12-11T16:16:51","date_gmt":"2023-12-11T15:16:51","guid":{"rendered":"https:\/\/www.isse.ruhr-uni-bochum.de\/ruhr-school-of-design-thinking\/?page_id=479"},"modified":"2023-12-13T12:05:52","modified_gmt":"2023-12-13T11:05:52","slug":"partner","status":"publish","type":"page","link":"https:\/\/www.isse.ruhr-uni-bochum.de\/ruhr-school-of-design-thinking\/partner\/","title":{"rendered":"Partner"},"content":{"rendered":"\n<div class=\"wp-block-cover alignfull\" style=\"min-height:300px;aspect-ratio:unset;\"><span aria-hidden=\"true\" class=\"wp-block-cover__background has-nv-dark-bg-background-color has-background-dim-100 has-background-dim\"><\/span><div class=\"wp-block-cover__inner-container is-layout-flow wp-block-cover-is-layout-flow\">\n<div style=\"height:80px\" aria-hidden=\"true\" class=\"wp-block-spacer\"><\/div>\n\n\n\n<h2 class=\"wp-block-heading has-text-align-center has-nv-text-dark-bg-color has-text-color\">Ihr m\u00f6chtet komplexe Herausforderungen von unseren Studierenden l\u00f6sen lassen?<\/h2>\n\n\n\n<h4 class=\"wp-block-heading has-text-align-center\">Daf\u00fcr haben wir die Ruhr School of Design Thinking gegr\u00fcndet. <\/h4>\n\n\n\n<figure class=\"wp-block-embed is-type-video is-provider-youtube wp-block-embed-youtube wp-embed-aspect-16-9 wp-has-aspect-ratio\"><div class=\"wp-block-embed__wrapper\">\n<div class=\"nv-iframe-embed\"><iframe title=\"RuhrSchool of Design Thinking\" width=\"1200\" height=\"675\" data-src=\"https:\/\/www.youtube.com\/embed\/OCbqujQcznA?feature=oembed\" frameborder=\"0\" allow=\"accelerometer; autoplay; clipboard-write; encrypted-media; gyroscope; picture-in-picture; web-share\" allowfullscreen src=\"data:image\/svg+xml;base64,PHN2ZyB3aWR0aD0iMSIgaGVpZ2h0PSIxIiB4bWxucz0iaHR0cDovL3d3dy53My5vcmcvMjAwMC9zdmciPjwvc3ZnPg==\" class=\"lazyload\" data-load-mode=\"1\"><\/iframe><\/div>\n<\/div><\/figure>\n\n\n\n<div style=\"height:80px\" aria-hidden=\"true\" class=\"wp-block-spacer\"><\/div>\n\n\n\n<p>Wir laden Unternehmen herzlich ein, Teil unserer Mission zu werden. Stellen Sie uns Ihre aktuellen Herausforderungen vor, und lassen Sie unsere interdisziplin\u00e4ren Studierenden kreativ an L\u00f6sungen arbeiten. Durch die Fusion von akademischem Wissen, frischem Denken und unternehmerischer Praxis entstehen einzigartige Ideen, die nicht nur Ihre Herausforderungen bew\u00e4ltigen, sondern auch den Weg f\u00fcr neue Perspektiven ebnen.<\/p>\n\n\n\n<h3 class=\"wp-block-heading\">Wie es funktioniert:<\/h3>\n\n\n\n<div class=\"wp-block-columns is-layout-flex wp-container-core-columns-is-layout-9d6595d7 wp-block-columns-is-layout-flex\">\n<div class=\"wp-block-column is-layout-flow wp-block-column-is-layout-flow\">\n<div class=\"wp-block-columns is-layout-flex wp-container-core-columns-is-layout-9d6595d7 wp-block-columns-is-layout-flex\">\n<div class=\"wp-block-column is-layout-flow wp-block-column-is-layout-flow\">\n<p class=\"has-text-align-center\"><strong>Herausforderung stellen<\/strong><\/p>\n\n\n<div class=\"wp-block-image\">\n<figure class=\"aligncenter size-full\"><img decoding=\"async\" width=\"160\" height=\"160\" data-src=\"https:\/\/www.isse.ruhr-uni-bochum.de\/ruhr-school-of-design-thinking\/wp-content\/uploads\/sites\/5\/2023\/12\/work_774457-1-e1702465174624.png\" alt=\"\" class=\"wp-image-490 lazyload\" src=\"data:image\/svg+xml;base64,PHN2ZyB3aWR0aD0iMSIgaGVpZ2h0PSIxIiB4bWxucz0iaHR0cDovL3d3dy53My5vcmcvMjAwMC9zdmciPjwvc3ZnPg==\" style=\"--smush-placeholder-width: 160px; --smush-placeholder-aspect-ratio: 160\/160;\" \/><\/figure>\n<\/div>\n\n\n<div style=\"height:15px\" aria-hidden=\"true\" class=\"wp-block-spacer\"><\/div>\n\n\n\n<p class=\"has-text-align-center\">Teilen Sie ihre <br>Herausforderung. Wir melden uns schnellstm\u00f6glich mit passenden Lehrveranstaltungen. <\/p>\n<\/div>\n\n\n\n<div class=\"wp-block-column is-layout-flow wp-block-column-is-layout-flow\">\n<p class=\"has-text-align-center\"><strong> Teams finden<\/strong><\/p>\n\n\n<div class=\"wp-block-image is-style-default\">\n<figure class=\"aligncenter size-full\"><img decoding=\"async\" width=\"160\" height=\"160\" data-src=\"https:\/\/www.isse.ruhr-uni-bochum.de\/ruhr-school-of-design-thinking\/wp-content\/uploads\/sites\/5\/2023\/12\/change_774444-e1702465157557.png\" alt=\"\" class=\"wp-image-489 lazyload\" src=\"data:image\/svg+xml;base64,PHN2ZyB3aWR0aD0iMSIgaGVpZ2h0PSIxIiB4bWxucz0iaHR0cDovL3d3dy53My5vcmcvMjAwMC9zdmciPjwvc3ZnPg==\" style=\"--smush-placeholder-width: 160px; --smush-placeholder-aspect-ratio: 160\/160;\" \/><\/figure>\n<\/div>\n\n\n<div style=\"height:15px\" aria-hidden=\"true\" class=\"wp-block-spacer\"><\/div>\n\n\n\n<p class=\"has-text-align-center\"> Unsere Studierenden bilden interdisziplin\u00e4re Teams, die sich leidenschaftlich Ihrer Herausforderung widmen.<\/p>\n<\/div>\n<\/div>\n<\/div>\n\n\n\n<div class=\"wp-block-column is-layout-flow wp-block-column-is-layout-flow\">\n<div class=\"wp-block-columns is-layout-flex wp-container-core-columns-is-layout-9d6595d7 wp-block-columns-is-layout-flex\">\n<div class=\"wp-block-column is-layout-flow wp-block-column-is-layout-flow\">\n<p class=\"has-text-align-center\"><strong>Design Thinking  anwenden<\/strong><\/p>\n\n\n<div class=\"wp-block-image\">\n<figure class=\"aligncenter size-full\"><img decoding=\"async\" width=\"160\" height=\"160\" data-src=\"https:\/\/www.isse.ruhr-uni-bochum.de\/ruhr-school-of-design-thinking\/wp-content\/uploads\/sites\/5\/2023\/12\/search_774473-1-e1702465142437.png\" alt=\"\" class=\"wp-image-492 lazyload\" src=\"data:image\/svg+xml;base64,PHN2ZyB3aWR0aD0iMSIgaGVpZ2h0PSIxIiB4bWxucz0iaHR0cDovL3d3dy53My5vcmcvMjAwMC9zdmciPjwvc3ZnPg==\" style=\"--smush-placeholder-width: 160px; --smush-placeholder-aspect-ratio: 160\/160;\" \/><\/figure>\n<\/div>\n\n\n<div style=\"height:15px\" aria-hidden=\"true\" class=\"wp-block-spacer\"><\/div>\n\n\n\n<p class=\"has-text-align-center\">Mit bew\u00e4hrten Design-Thinking-Methoden gehen wir strukturiert und kreativ an die L\u00f6sungsfindung heran.<\/p>\n<\/div>\n\n\n\n<div class=\"wp-block-column is-layout-flow wp-block-column-is-layout-flow\">\n<p class=\"has-text-align-center\"><strong>Innovation erleben<\/strong><\/p>\n\n\n<div class=\"wp-block-image\">\n<figure class=\"aligncenter size-full\"><img decoding=\"async\" width=\"148\" height=\"160\" data-src=\"https:\/\/www.isse.ruhr-uni-bochum.de\/ruhr-school-of-design-thinking\/wp-content\/uploads\/sites\/5\/2023\/12\/RSDT-Logo-Tetraeder-e1702465406551.png\" alt=\"\" class=\"wp-image-506 lazyload\" src=\"data:image\/svg+xml;base64,PHN2ZyB3aWR0aD0iMSIgaGVpZ2h0PSIxIiB4bWxucz0iaHR0cDovL3d3dy53My5vcmcvMjAwMC9zdmciPjwvc3ZnPg==\" style=\"--smush-placeholder-width: 148px; --smush-placeholder-aspect-ratio: 148\/160;\" \/><\/figure>\n<\/div>\n\n\n<div style=\"height:15px\" aria-hidden=\"true\" class=\"wp-block-spacer\"><\/div>\n\n\n\n<p class=\"has-text-align-center\">Geben Sie Feedback und erleben Sie, wie frische Ideen und innovative Ans\u00e4tze entstehen.<\/p>\n<\/div>\n<\/div>\n<\/div>\n<\/div>\n\n\n\n<h3 class=\"wp-block-heading has-text-align-left\">Als Partner k\u00f6nnen Sie in jedem Semester spannende Herausforderungen einbringen.<\/h3>\n\n\n\n<p>Die Angebote k\u00f6nnen semesterweise variieren. <br>Unter mindestens f\u00fcnf Lehrveranstaltungen je Semester finde wir die passende f\u00fcr die Challenge Ihres Unternehmens.<br><\/p>\n\n\n\n<h3 class=\"wp-block-heading\">Interesse?<br>Hier k\u00f6nnt ihr uns Ideen f\u00fcr eure Herausforderung geben. <\/h3>\n\n\n\n<div class=\"wpcf7 no-js\" id=\"wpcf7-f480-o1\" lang=\"de-DE\" dir=\"ltr\" data-wpcf7-id=\"480\">\n<div class=\"screen-reader-response\"><p role=\"status\" aria-live=\"polite\" aria-atomic=\"true\"><\/p> <ul><\/ul><\/div>\n<form action=\"\/ruhr-school-of-design-thinking\/wp-json\/wp\/v2\/pages\/479#wpcf7-f480-o1\" method=\"post\" class=\"wpcf7-form init\" aria-label=\"Kontaktformular\" novalidate=\"novalidate\" data-status=\"init\">\n<fieldset class=\"hidden-fields-container\"><input type=\"hidden\" name=\"_wpcf7\" value=\"480\" \/><input type=\"hidden\" name=\"_wpcf7_version\" value=\"6.1.5\" \/><input type=\"hidden\" name=\"_wpcf7_locale\" value=\"de_DE\" \/><input type=\"hidden\" name=\"_wpcf7_unit_tag\" value=\"wpcf7-f480-o1\" \/><input type=\"hidden\" name=\"_wpcf7_container_post\" value=\"0\" \/><input type=\"hidden\" name=\"_wpcf7_posted_data_hash\" value=\"\" \/>\n<\/fieldset>\n<p><label> Dein Name<br \/>\n<span class=\"wpcf7-form-control-wrap\" data-name=\"your-name\"><input size=\"40\" maxlength=\"400\" class=\"wpcf7-form-control wpcf7-text wpcf7-validates-as-required\" aria-required=\"true\" aria-invalid=\"false\" value=\"\" type=\"text\" name=\"your-name\" \/><\/span> <\/label>\n<\/p>\n<p><label> Deine E-Mail-Adresse<br \/>\n<span class=\"wpcf7-form-control-wrap\" data-name=\"your-email\"><input size=\"40\" maxlength=\"400\" class=\"wpcf7-form-control wpcf7-email wpcf7-validates-as-required wpcf7-text wpcf7-validates-as-email\" aria-required=\"true\" aria-invalid=\"false\" value=\"\" type=\"email\" name=\"your-email\" \/><\/span> <\/label>\n<\/p>\n<p><label> Unternehmen<br \/>\n<span class=\"wpcf7-form-control-wrap\" data-name=\"text-974\"><input size=\"40\" maxlength=\"400\" class=\"wpcf7-form-control wpcf7-text wpcf7-validates-as-required\" id=\"firm\" aria-required=\"true\" aria-invalid=\"false\" value=\"\" type=\"text\" name=\"text-974\" \/><\/span> <\/label>\n<\/p>\n<p><label> Herausforderung bzw. Idee<br \/>\n<span class=\"wpcf7-form-control-wrap\" data-name=\"your-subject\"><input size=\"40\" maxlength=\"400\" class=\"wpcf7-form-control wpcf7-text wpcf7-validates-as-required\" aria-required=\"true\" aria-invalid=\"false\" value=\"\" type=\"text\" name=\"your-subject\" \/><\/span> <\/label>\n<\/p>\n<p><label> Gew\u00fcnschter Start<br \/>\n<span class=\"wpcf7-form-control-wrap\" data-name=\"date-569\"><input class=\"wpcf7-form-control wpcf7-date wpcf7-validates-as-date\" id=\"semester\" aria-invalid=\"false\" value=\"\" type=\"date\" name=\"date-569\" \/><\/span> <\/label>\n<\/p>\n<p><label> Weitere Informationen (optional)<br \/>\n<span class=\"wpcf7-form-control-wrap\" data-name=\"your-message\"><textarea cols=\"40\" rows=\"10\" maxlength=\"2000\" class=\"wpcf7-form-control wpcf7-textarea\" aria-invalid=\"false\" name=\"your-message\"><\/textarea><\/span> <\/label>\n<\/p>\n<p><span class=\"wpcf7-form-control-wrap\" data-name=\"hcap-cf7\">\t\t<input\n\t\t\t\ttype=\"hidden\"\n\t\t\t\tclass=\"hcaptcha-widget-id\"\n\t\t\t\tname=\"hcaptcha-widget-id\"\n\t\t\t\tvalue=\"eyJzb3VyY2UiOlsiY29udGFjdC1mb3JtLTdcL3dwLWNvbnRhY3QtZm9ybS03LnBocCJdLCJmb3JtX2lkIjowfQ==-8273534268896bb3632dece05ed87541\">\n\t\t\t\t<span id=\"hcap_cf7-69dec5a09af3e4.40499156\" class=\"wpcf7-form-control h-captcha \"\n\t\t\tdata-sitekey=\"6468c7c7-0610-430c-a802-53590b02a61d\"\n\t\t\tdata-theme=\"dark\"\n\t\t\tdata-size=\"normal\"\n\t\t\tdata-auto=\"false\"\n\t\t\tdata-ajax=\"false\"\n\t\t\tdata-force=\"false\">\n\t\t<\/span>\n\t\t<input type=\"hidden\" id=\"_wpnonce\" name=\"_wpnonce\" value=\"3cd97cbe48\" \/><input type=\"hidden\" name=\"_wp_http_referer\" value=\"\/ruhr-school-of-design-thinking\/wp-json\/wp\/v2\/pages\/479\" \/><\/span><input class=\"wpcf7-form-control wpcf7-submit has-spinner\" type=\"submit\" value=\"Senden\" \/>\n<\/p><div class=\"wpcf7-response-output\" aria-hidden=\"true\"><\/div>\n<\/form>\n<\/div>\n\n\n\n\n<div style=\"height:80px\" aria-hidden=\"true\" class=\"wp-block-spacer\"><\/div>\n<\/div><\/div>\n\n\n\n<p>Anmeldefrist, 25.01.2024, Wir melden uns dann schnellstm\u00f6glich f\u00fcr einen Austausch. <\/p>\n","protected":false},"excerpt":{"rendered":"<p>Anmeldefrist, 25.01.2024, Wir melden uns dann schnellstm\u00f6glich f\u00fcr einen Austausch.<\/p>\n","protected":false},"author":15,"featured_media":0,"parent":0,"menu_order":0,"comment_status":"closed","ping_status":"closed","template":"","meta":{"inline_featured_image":false,"neve_meta_sidebar":"","neve_meta_container":"","neve_meta_enable_content_width":"on","neve_meta_content_width":100,"neve_meta_title_alignment":"","neve_meta_author_avatar":"","neve_post_elements_order":"","neve_meta_disable_header":"","neve_meta_disable_footer":"","neve_meta_disable_title":"on","footnotes":""},"class_list":["post-479","page","type-page","status-publish","hentry"],"_links":{"self":[{"href":"https:\/\/www.isse.ruhr-uni-bochum.de\/ruhr-school-of-design-thinking\/wp-json\/wp\/v2\/pages\/479","targetHints":{"allow":["GET"]}}],"collection":[{"href":"https:\/\/www.isse.ruhr-uni-bochum.de\/ruhr-school-of-design-thinking\/wp-json\/wp\/v2\/pages"}],"about":[{"href":"https:\/\/www.isse.ruhr-uni-bochum.de\/ruhr-school-of-design-thinking\/wp-json\/wp\/v2\/types\/page"}],"author":[{"embeddable":true,"href":"https:\/\/www.isse.ruhr-uni-bochum.de\/ruhr-school-of-design-thinking\/wp-json\/wp\/v2\/users\/15"}],"replies":[{"embeddable":true,"href":"https:\/\/www.isse.ruhr-uni-bochum.de\/ruhr-school-of-design-thinking\/wp-json\/wp\/v2\/comments?post=479"}],"version-history":[{"count":15,"href":"https:\/\/www.isse.ruhr-uni-bochum.de\/ruhr-school-of-design-thinking\/wp-json\/wp\/v2\/pages\/479\/revisions"}],"predecessor-version":[{"id":517,"href":"https:\/\/www.isse.ruhr-uni-bochum.de\/ruhr-school-of-design-thinking\/wp-json\/wp\/v2\/pages\/479\/revisions\/517"}],"wp:attachment":[{"href":"https:\/\/www.isse.ruhr-uni-bochum.de\/ruhr-school-of-design-thinking\/wp-json\/wp\/v2\/media?parent=479"}],"curies":[{"name":"wp","href":"https:\/\/api.w.org\/{rel}","templated":true}]}}