{"id":2,"date":"2024-04-29T12:14:51","date_gmt":"2024-04-29T10:14:51","guid":{"rendered":"http:\/\/togetha.isse.ruhr-uni-bochum.de\/?page_id=2"},"modified":"2024-09-23T15:02:56","modified_gmt":"2024-09-23T13:02:56","slug":"homepage","status":"publish","type":"page","link":"https:\/\/www.isse.ruhr-uni-bochum.de\/togetha\/","title":{"rendered":"Homepage"},"content":{"rendered":"\n<p><\/p>\n\n\n\n<div class=\"wp-block-cover alignfull\"><span aria-hidden=\"true\" class=\"wp-block-cover__background has-neve-text-color-background-color has-background-dim-40 has-background-dim\"><\/span><img decoding=\"async\" width=\"1584\" height=\"901\" class=\"wp-block-cover__image-background wp-image-32 lazyload\" alt=\"\" data-src=\"https:\/\/www.isse.ruhr-uni-bochum.de\/togetha\/wp-content\/uploads\/sites\/9\/2024\/07\/Screenshot-2024-07-31-151940.png\" data-object-fit=\"cover\" data-srcset=\"https:\/\/www.isse.ruhr-uni-bochum.de\/togetha\/wp-content\/uploads\/sites\/9\/2024\/07\/Screenshot-2024-07-31-151940.png 1584w, https:\/\/www.isse.ruhr-uni-bochum.de\/togetha\/wp-content\/uploads\/sites\/9\/2024\/07\/Screenshot-2024-07-31-151940-300x171.png 300w, https:\/\/www.isse.ruhr-uni-bochum.de\/togetha\/wp-content\/uploads\/sites\/9\/2024\/07\/Screenshot-2024-07-31-151940-1024x582.png 1024w, https:\/\/www.isse.ruhr-uni-bochum.de\/togetha\/wp-content\/uploads\/sites\/9\/2024\/07\/Screenshot-2024-07-31-151940-768x437.png 768w, https:\/\/www.isse.ruhr-uni-bochum.de\/togetha\/wp-content\/uploads\/sites\/9\/2024\/07\/Screenshot-2024-07-31-151940-1536x874.png 1536w\" data-sizes=\"(max-width: 1584px) 100vw, 1584px\" src=\"data:image\/svg+xml;base64,PHN2ZyB3aWR0aD0iMSIgaGVpZ2h0PSIxIiB4bWxucz0iaHR0cDovL3d3dy53My5vcmcvMjAwMC9zdmciPjwvc3ZnPg==\" style=\"--smush-placeholder-width: 1584px; --smush-placeholder-aspect-ratio: 1584\/901;\" \/><div class=\"wp-block-cover__inner-container is-layout-flow wp-block-cover-is-layout-flow\">\n<h1 class=\"wp-block-heading alignwide has-text-align-center has-white-color has-text-color\" style=\"font-size:50px\"><strong><mark class=\"has-inline-color has-nv-text-dark-bg-color\">ToGethA<\/mark><\/strong><\/h1>\n\n\n\n<p class=\"has-text-align-center has-white-color has-text-color\" style=\"font-size:19.2px\">Entwicklung und Erprobung einer datengest\u00fctzten Methodik f\u00fcr die agile<br>Planung und Steuerung der Arbeitsprozesse der TGA-Unternehmen in Bauprojekten<\/p>\n<\/div><\/div>\n\n\n\n<div style=\"height:50px\" aria-hidden=\"true\" class=\"wp-block-spacer\"><\/div>\n\n\n\n<div class=\"wp-block-media-text has-media-on-the-right is-stacked-on-mobile has-white-background-color has-background\" style=\"grid-template-columns:auto 28%\"><div class=\"wp-block-media-text__content\">\n<p style=\"font-size:25px;font-style:normal;font-weight:600\">Projektvorstellung: ToGethA<\/p>\n\n\n\n<p style=\"font-size:16px\">Das Verbundprojekt \u201eToGethA\u201c ist ein Forschungsf\u00f6rderprojekt des Bundesministeriums f\u00fcr Bildung und Forschung. Es ist Teil des Programms \u201eInnovationen f\u00fcr die Produktion, Dienstleistung und Arbeit von morgen\u201c f\u00fcr innovative Arbeitswelten im Mittelstand.<\/p>\n\n\n\n<p>Dabei wird das \u00fcbergeordnete Ziel verfolgt, eine datengest\u00fctzte Methodik f\u00fcr die agile Planung und Steuerung von Arbeitsprozessen der Unternehmen der Technischen Geb\u00e4udeausr\u00fcstung (TGA) in Bauprojekten zu entwickeln und zu erproben. Die Methodik erm\u00f6glicht es den Akteuren, eine langfristige Projektperspektive einzunehmen. Hierdurch k\u00f6nnen TGA-Unternehmen zuk\u00fcnftig bereits in der Planungsphase eines Bauprojekts einen konkreten Bauzeitenplan bzw. Bauablaufplan definieren. Das Optimierungspotenzial und die Notwendigkeit der Digitalisierung wird anhand von prominenten, negativen Beispielen, wie dem Bau des Berliner Flughafens oder der Elbphilharmonie, verdeutlicht. Dazu sollen bedarfsorientiert sowohl Ans\u00e4tze des Lean Management als auch des agilen Projektmanagements einflie\u00dfen.<\/p>\n\n\n\n<p style=\"font-size:16px\">In Zusammenarbeit mit dem Verbundkoordinator Cendas als L\u00f6sungsentwickler werden auch epi, e.h.m und Wende als typische TGA-Unternehmen in \u201eToGethA\u201c ber\u00fccksichtigt, wodurch Schnittstellen der typischen Akteure auf einer Baustelle vollumf\u00e4nglich geschaffen werden. Des Weiteren sind neben dem Lehrstuhl f\u00fcr Produktionssysteme auch der Lehrstuhl f\u00fcr Industrial Sales and Service Engineering Mitglieder des Konsortiums.<\/p>\n\n\n\n<div class=\"wp-block-buttons is-layout-flex wp-block-buttons-is-layout-flex\">\n<div class=\"wp-block-button is-style-primary\"><a class=\"wp-block-button__link wp-element-button\" href=\"https:\/\/www.isse.ruhr-uni-bochum.de\/togetha\/projektkonsortium\/\">Zu den Projektpartnern<\/a><\/div>\n<\/div>\n<\/div><figure class=\"wp-block-media-text__media\"><img decoding=\"async\" width=\"244\" height=\"235\" data-src=\"https:\/\/www.isse.ruhr-uni-bochum.de\/togetha\/wp-content\/uploads\/sites\/9\/2024\/07\/image-7-1.png\" alt=\"\" class=\"wp-image-28 size-full lazyload\" src=\"data:image\/svg+xml;base64,PHN2ZyB3aWR0aD0iMSIgaGVpZ2h0PSIxIiB4bWxucz0iaHR0cDovL3d3dy53My5vcmcvMjAwMC9zdmciPjwvc3ZnPg==\" style=\"--smush-placeholder-width: 244px; --smush-placeholder-aspect-ratio: 244\/235;\" \/><\/figure><\/div>\n\n\n\n<div class=\"wp-block-media-text is-stacked-on-mobile has-white-background-color has-background\" style=\"padding-top:0;padding-bottom:0;font-size:40px\"><figure class=\"wp-block-media-text__media\"><img decoding=\"async\" width=\"1004\" height=\"751\" data-src=\"https:\/\/www.isse.ruhr-uni-bochum.de\/togetha\/wp-content\/uploads\/sites\/9\/2024\/07\/image-6-1.png\" alt=\"\" class=\"wp-image-27 size-full lazyload\" data-srcset=\"https:\/\/www.isse.ruhr-uni-bochum.de\/togetha\/wp-content\/uploads\/sites\/9\/2024\/07\/image-6-1.png 1004w, https:\/\/www.isse.ruhr-uni-bochum.de\/togetha\/wp-content\/uploads\/sites\/9\/2024\/07\/image-6-1-300x224.png 300w, https:\/\/www.isse.ruhr-uni-bochum.de\/togetha\/wp-content\/uploads\/sites\/9\/2024\/07\/image-6-1-768x574.png 768w\" data-sizes=\"(max-width: 1004px) 100vw, 1004px\" src=\"data:image\/svg+xml;base64,PHN2ZyB3aWR0aD0iMSIgaGVpZ2h0PSIxIiB4bWxucz0iaHR0cDovL3d3dy53My5vcmcvMjAwMC9zdmciPjwvc3ZnPg==\" style=\"--smush-placeholder-width: 1004px; --smush-placeholder-aspect-ratio: 1004\/751;\" \/><\/figure><div class=\"wp-block-media-text__content\">\n<p style=\"font-size:25px;font-style:normal;font-weight:600\">Ziel des Projekts<\/p>\n\n\n\n<p style=\"font-size:16px\">Das&nbsp;<strong>\u00fcbergeordnete Ziel<\/strong>&nbsp;des Projektes ist die&nbsp;<strong>Entwicklung und Erprobung einer datengest\u00fctzten Methodik f\u00fcr die agile<\/strong><br><strong>Planung und Steuerung der Arbeitsprozesse der TGA-Unternehmen in Bauprojekten<\/strong>. Diese umfasst sowohl ein geeignetes \u00fcbergeordnetes Vorgehensmodell,<br>einzelne Schritte unterst\u00fctzende Methodenbausteine als auch geeignete<br>Hilfsmittel und (softwarebasierte) Werkzeuge. Die Methodik soll dabei eine Balance aus Struktur und Flexibilit\u00e4t gew\u00e4hrleisten in dem Sinne, dass bedarfsorientiert sowohl Ans\u00e4tze des Lean Management als auch des agilen Projektmanagements einflie\u00dfen und auf die spezifischen Bedarfe der TGA-Unternehmen \u00fcbertragen werden. \u00c4hnlich zu agilen Projektmanagement-Frameworks sind f\u00fcr die Methodik Rollen, Stakeholder und Verantwortlichkeiten, Ereignisse und Prozesse sowie Artefakte bzw. Hilfsmittel zu definieren bzw. bereitzustellen.<\/p>\n<\/div><\/div>\n\n\n\n<div style=\"height:52px\" aria-hidden=\"true\" class=\"wp-block-spacer\"><\/div>\n\n\n\n<div class=\"wp-block-media-text has-media-on-the-right is-stacked-on-mobile has-white-background-color has-background\" style=\"padding-top:0;padding-bottom:0;font-size:40px\"><div class=\"wp-block-media-text__content\">\n<p style=\"font-size:25px;font-style:normal;font-weight:600\">Datengest\u00fctzte Methodik f\u00fcr agile TGA-Prozesssteuerung in Bauprojekten<\/p>\n\n\n\n<p style=\"font-size:16px\">Entwicklung und Erprobung einer datengest\u00fctzten Methodik f\u00fcr die agile Planung und Steuerung der Arbeitsprozesse der TGA-Unternehmen in Bauprojekten<\/p>\n\n\n\n<div class=\"wp-block-buttons is-layout-flex wp-block-buttons-is-layout-flex\">\n<div class=\"wp-block-button\"><a class=\"wp-block-button__link has-neve-link-hover-color-background-color has-background wp-element-button\" href=\"https:\/\/www.isse.ruhr-uni-bochum.de\/togetha\/datengestuetzte-methodik-fuer-agile-tga-prozesssteuerung-in-bauprojekten\/\">Mehr erfahren<\/a><\/div>\n<\/div>\n<\/div><figure class=\"wp-block-media-text__media\"><img decoding=\"async\" width=\"1024\" height=\"517\" data-src=\"https:\/\/www.isse.ruhr-uni-bochum.de\/togetha\/wp-content\/uploads\/sites\/9\/2024\/07\/Screenshot-2024-07-31-150845-1024x517.png\" alt=\"\" class=\"wp-image-30 size-full lazyload\" data-srcset=\"https:\/\/www.isse.ruhr-uni-bochum.de\/togetha\/wp-content\/uploads\/sites\/9\/2024\/07\/Screenshot-2024-07-31-150845-1024x517.png 1024w, https:\/\/www.isse.ruhr-uni-bochum.de\/togetha\/wp-content\/uploads\/sites\/9\/2024\/07\/Screenshot-2024-07-31-150845-300x151.png 300w, https:\/\/www.isse.ruhr-uni-bochum.de\/togetha\/wp-content\/uploads\/sites\/9\/2024\/07\/Screenshot-2024-07-31-150845-768x388.png 768w, https:\/\/www.isse.ruhr-uni-bochum.de\/togetha\/wp-content\/uploads\/sites\/9\/2024\/07\/Screenshot-2024-07-31-150845-1536x775.png 1536w, https:\/\/www.isse.ruhr-uni-bochum.de\/togetha\/wp-content\/uploads\/sites\/9\/2024\/07\/Screenshot-2024-07-31-150845.png 1775w\" data-sizes=\"(max-width: 1024px) 100vw, 1024px\" src=\"data:image\/svg+xml;base64,PHN2ZyB3aWR0aD0iMSIgaGVpZ2h0PSIxIiB4bWxucz0iaHR0cDovL3d3dy53My5vcmcvMjAwMC9zdmciPjwvc3ZnPg==\" style=\"--smush-placeholder-width: 1024px; --smush-placeholder-aspect-ratio: 1024\/517;\" \/><\/figure><\/div>\n\n\n\n<div style=\"height:50px\" aria-hidden=\"true\" class=\"wp-block-spacer\"><\/div>\n\n\n\n<p><\/p>\n","protected":false},"excerpt":{"rendered":"<p>Ziel des Projekts Das&nbsp;\u00fcbergeordnete Ziel&nbsp;des Projektes ist die&nbsp;Entwicklung und Erprobung einer datengest\u00fctzten Methodik f\u00fcr die agilePlanung und Steuerung der Arbeitsprozesse der TGA-Unternehmen in Bauprojekten. Diese umfasst sowohl ein geeignetes \u00fcbergeordnetes Vorgehensmodell,einzelne Schritte unterst\u00fctzende Methodenbausteine als auch geeigneteHilfsmittel und (softwarebasierte) Werkzeuge. Die Methodik soll dabei eine Balance aus Struktur und Flexibilit\u00e4t gew\u00e4hrleisten in dem Sinne, dass&hellip;&nbsp;<a href=\"https:\/\/www.isse.ruhr-uni-bochum.de\/togetha\/\" rel=\"bookmark\">Weiterlesen &raquo;<span class=\"screen-reader-text\">Homepage<\/span><\/a><\/p>\n","protected":false},"author":1,"featured_media":0,"parent":0,"menu_order":0,"comment_status":"closed","ping_status":"open","template":"","meta":{"inline_featured_image":false,"neve_meta_sidebar":"","neve_meta_container":"","neve_meta_enable_content_width":"","neve_meta_content_width":0,"neve_meta_title_alignment":"","neve_meta_author_avatar":"","neve_post_elements_order":"","neve_meta_disable_header":"","neve_meta_disable_footer":"","neve_meta_disable_title":"","footnotes":""},"class_list":["post-2","page","type-page","status-publish","hentry"],"_links":{"self":[{"href":"https:\/\/www.isse.ruhr-uni-bochum.de\/togetha\/wp-json\/wp\/v2\/pages\/2","targetHints":{"allow":["GET"]}}],"collection":[{"href":"https:\/\/www.isse.ruhr-uni-bochum.de\/togetha\/wp-json\/wp\/v2\/pages"}],"about":[{"href":"https:\/\/www.isse.ruhr-uni-bochum.de\/togetha\/wp-json\/wp\/v2\/types\/page"}],"author":[{"embeddable":true,"href":"https:\/\/www.isse.ruhr-uni-bochum.de\/togetha\/wp-json\/wp\/v2\/users\/1"}],"replies":[{"embeddable":true,"href":"https:\/\/www.isse.ruhr-uni-bochum.de\/togetha\/wp-json\/wp\/v2\/comments?post=2"}],"version-history":[{"count":3,"href":"https:\/\/www.isse.ruhr-uni-bochum.de\/togetha\/wp-json\/wp\/v2\/pages\/2\/revisions"}],"predecessor-version":[{"id":89,"href":"https:\/\/www.isse.ruhr-uni-bochum.de\/togetha\/wp-json\/wp\/v2\/pages\/2\/revisions\/89"}],"wp:attachment":[{"href":"https:\/\/www.isse.ruhr-uni-bochum.de\/togetha\/wp-json\/wp\/v2\/media?parent=2"}],"curies":[{"name":"wp","href":"https:\/\/api.w.org\/{rel}","templated":true}]}}