{"id":47,"date":"2024-07-31T16:03:03","date_gmt":"2024-07-31T14:03:03","guid":{"rendered":"https:\/\/www.isse.ruhr-uni-bochum.de\/togetha\/?page_id=47"},"modified":"2024-09-23T15:13:09","modified_gmt":"2024-09-23T13:13:09","slug":"impressum","status":"publish","type":"page","link":"https:\/\/www.isse.ruhr-uni-bochum.de\/togetha\/impressum\/","title":{"rendered":"Impressum"},"content":{"rendered":"\n<p>Ruhr-Universit\u00e4t Bochum<br>Fakult\u00e4t f\u00fcr Maschinenbau<br>Lehrstuhl f\u00fcr Industrial Sales and Service Engineering<br>Geb\u00e4ude IC 1-129<br>Universit\u00e4tsstr. 150<br>D-44801 Bochum<\/p>\n\n\n\n<p>Telefon:&nbsp;+49 234 32-26388<br>Fax: +49 234 32-14280<br>E-Mail:&nbsp;<a href=\"mailto:isse@ruhr-uni-bochum.de\">isse@ruhr-uni-bochum.de<\/a><\/p>\n\n\n\n<p><\/p>\n","protected":false},"excerpt":{"rendered":"<p>Ruhr-Universit\u00e4t BochumFakult\u00e4t f\u00fcr MaschinenbauLehrstuhl f\u00fcr Industrial Sales and Service EngineeringGeb\u00e4ude IC 1-129Universit\u00e4tsstr. 150D-44801 Bochum Telefon:&nbsp;+49 234 32-26388Fax: +49 234 32-14280E-Mail:&nbsp;isse@ruhr-uni-bochum.de<\/p>\n","protected":false},"author":26,"featured_media":0,"parent":0,"menu_order":0,"comment_status":"closed","ping_status":"closed","template":"","meta":{"inline_featured_image":false,"neve_meta_sidebar":"","neve_meta_container":"","neve_meta_enable_content_width":"","neve_meta_content_width":0,"neve_meta_title_alignment":"","neve_meta_author_avatar":"","neve_post_elements_order":"","neve_meta_disable_header":"","neve_meta_disable_footer":"","neve_meta_disable_title":"","footnotes":""},"class_list":["post-47","page","type-page","status-publish","hentry"],"_links":{"self":[{"href":"https:\/\/www.isse.ruhr-uni-bochum.de\/togetha\/wp-json\/wp\/v2\/pages\/47","targetHints":{"allow":["GET"]}}],"collection":[{"href":"https:\/\/www.isse.ruhr-uni-bochum.de\/togetha\/wp-json\/wp\/v2\/pages"}],"about":[{"href":"https:\/\/www.isse.ruhr-uni-bochum.de\/togetha\/wp-json\/wp\/v2\/types\/page"}],"author":[{"embeddable":true,"href":"https:\/\/www.isse.ruhr-uni-bochum.de\/togetha\/wp-json\/wp\/v2\/users\/26"}],"replies":[{"embeddable":true,"href":"https:\/\/www.isse.ruhr-uni-bochum.de\/togetha\/wp-json\/wp\/v2\/comments?post=47"}],"version-history":[{"count":2,"href":"https:\/\/www.isse.ruhr-uni-bochum.de\/togetha\/wp-json\/wp\/v2\/pages\/47\/revisions"}],"predecessor-version":[{"id":73,"href":"https:\/\/www.isse.ruhr-uni-bochum.de\/togetha\/wp-json\/wp\/v2\/pages\/47\/revisions\/73"}],"wp:attachment":[{"href":"https:\/\/www.isse.ruhr-uni-bochum.de\/togetha\/wp-json\/wp\/v2\/media?parent=47"}],"curies":[{"name":"wp","href":"https:\/\/api.w.org\/{rel}","templated":true}]}}