{"id":9,"date":"2024-07-31T15:44:05","date_gmt":"2024-07-31T13:44:05","guid":{"rendered":"https:\/\/www.isse.ruhr-uni-bochum.de\/togetha\/?page_id=9"},"modified":"2024-09-23T15:13:22","modified_gmt":"2024-09-23T13:13:22","slug":"projektkonsortium","status":"publish","type":"page","link":"https:\/\/www.isse.ruhr-uni-bochum.de\/togetha\/projektkonsortium\/","title":{"rendered":"Projektkonsortium"},"content":{"rendered":"\n<div style=\"height:50px\" aria-hidden=\"true\" class=\"wp-block-spacer\"><\/div>\n\n\n\n<div class=\"wp-block-group has-nv-site-bg-background-color has-background\"><div class=\"wp-block-group__inner-container is-layout-flow wp-block-group-is-layout-flow\">\n<h2 class=\"wp-block-heading\">Forschungspartner<\/h2>\n\n\n\n<div class=\"wp-block-columns are-vertically-aligned-center is-layout-flex wp-container-core-columns-is-layout-9d6595d7 wp-block-columns-is-layout-flex\">\n<div class=\"wp-block-column is-vertically-aligned-center has-nv-light-bg-background-color has-background is-layout-flow wp-block-column-is-layout-flow\">\n<div class=\"wp-block-columns is-layout-flex wp-container-core-columns-is-layout-9d6595d7 wp-block-columns-is-layout-flex\">\n<div class=\"wp-block-column is-vertically-aligned-center is-layout-flow wp-block-column-is-layout-flow\" style=\"flex-basis:33.33%\"><div class=\"wp-block-image\">\n<figure class=\"aligncenter size-medium\"><a href=\"https:\/\/www.isse.ruhr-uni-bochum.de\/\"><img decoding=\"async\" data-src=\"https:\/\/www.isse.ruhr-uni-bochum.de\/pass\/wp-content\/uploads\/sites\/3\/2022\/08\/Logo_ISSE-300x141.png\" alt=\"\" class=\"wp-image-462 lazyload\" src=\"data:image\/svg+xml;base64,PHN2ZyB3aWR0aD0iMSIgaGVpZ2h0PSIxIiB4bWxucz0iaHR0cDovL3d3dy53My5vcmcvMjAwMC9zdmciPjwvc3ZnPg==\" style=\"--smush-placeholder-width: 300px; --smush-placeholder-aspect-ratio: 300\/141;\" \/><\/a><\/figure>\n<\/div><\/div>\n\n\n\n<div class=\"wp-block-column is-layout-flow wp-block-column-is-layout-flow\" style=\"flex-basis:60%\">\n<div style=\"height:50px\" aria-hidden=\"true\" class=\"wp-block-spacer\"><\/div>\n\n\n\n<div class=\"wp-block-columns is-layout-flex wp-container-core-columns-is-layout-9d6595d7 wp-block-columns-is-layout-flex\">\n<div class=\"wp-block-column is-vertically-aligned-center is-layout-flow wp-block-column-is-layout-flow\">\n<h4 class=\"wp-block-heading\">Lehrstuhl f\u00fcr Industrial Sales and Service Engineering<\/h4>\n\n\n\n<hr class=\"wp-block-separator has-alpha-channel-opacity\" \/>\n\n\n\n<p>Der Lehrstuhl f\u00fcr Industrial Sales and Service Engineering (ISSE) an der Fakult\u00e4t f\u00fcr Maschinenbau der Ruhr-Universit\u00e4t Bochum unter Leitung von Prof. Dr. Jens P\u00f6ppelbu\u00df vertritt Themen des industriellen Kunden-, Vertriebs- und Servicemanagements in Forschung und Lehre. Die interdisziplin\u00e4ren und anwendungsnahen Forschungsaktivit\u00e4ten des Lehrstuhls verbinden technische und betriebswirtschaftliche sowie vertriebliche Fragestellungen im Kontext einer zunehmenden Digitalisierung, Vernetzung, Kundenorientierung und Tertiarisierung der industriellen Wertsch\u00f6pfung. Das Lehrstuhlteam forscht insbesondere zur Innovation und Digitalisierung von Dienstleistungen in Business-to-Business-Kontexten.<\/p>\n<\/div>\n<\/div>\n<\/div>\n<\/div>\n<\/div>\n<\/div>\n\n\n\n<div class=\"wp-block-columns are-vertically-aligned-center is-layout-flex wp-container-core-columns-is-layout-9d6595d7 wp-block-columns-is-layout-flex\">\n<div class=\"wp-block-column is-vertically-aligned-center has-nv-light-bg-background-color has-background is-layout-flow wp-block-column-is-layout-flow\">\n<div class=\"wp-block-columns is-layout-flex wp-container-core-columns-is-layout-9d6595d7 wp-block-columns-is-layout-flex\">\n<div class=\"wp-block-column is-vertically-aligned-center is-layout-flow wp-block-column-is-layout-flow\" style=\"flex-basis:33.33%\"><div class=\"wp-block-image\">\n<figure class=\"aligncenter size-large is-resized\"><a href=\"https:\/\/www.lps.ruhr-uni-bochum.de\/lps\/index.html.de\"><img decoding=\"async\" width=\"1024\" height=\"138\" data-src=\"https:\/\/www.isse.ruhr-uni-bochum.de\/togetha\/wp-content\/uploads\/sites\/9\/2024\/07\/image-2-1024x138.png\" alt=\"\" class=\"wp-image-15 lazyload\" style=\"--smush-placeholder-width: 1024px; --smush-placeholder-aspect-ratio: 1024\/138;width:318px;height:auto\" data-srcset=\"https:\/\/www.isse.ruhr-uni-bochum.de\/togetha\/wp-content\/uploads\/sites\/9\/2024\/07\/image-2-1024x138.png 1024w, https:\/\/www.isse.ruhr-uni-bochum.de\/togetha\/wp-content\/uploads\/sites\/9\/2024\/07\/image-2-300x40.png 300w, https:\/\/www.isse.ruhr-uni-bochum.de\/togetha\/wp-content\/uploads\/sites\/9\/2024\/07\/image-2-768x103.png 768w, https:\/\/www.isse.ruhr-uni-bochum.de\/togetha\/wp-content\/uploads\/sites\/9\/2024\/07\/image-2-1536x206.png 1536w, https:\/\/www.isse.ruhr-uni-bochum.de\/togetha\/wp-content\/uploads\/sites\/9\/2024\/07\/image-2.png 1720w\" data-sizes=\"(max-width: 1024px) 100vw, 1024px\" src=\"data:image\/svg+xml;base64,PHN2ZyB3aWR0aD0iMSIgaGVpZ2h0PSIxIiB4bWxucz0iaHR0cDovL3d3dy53My5vcmcvMjAwMC9zdmciPjwvc3ZnPg==\" \/><\/a><\/figure>\n<\/div><\/div>\n\n\n\n<div class=\"wp-block-column is-layout-flow wp-block-column-is-layout-flow\" style=\"flex-basis:60%\">\n<div style=\"height:50px\" aria-hidden=\"true\" class=\"wp-block-spacer\"><\/div>\n\n\n\n<div class=\"wp-block-columns is-layout-flex wp-container-core-columns-is-layout-9d6595d7 wp-block-columns-is-layout-flex\">\n<div class=\"wp-block-column is-vertically-aligned-center is-layout-flow wp-block-column-is-layout-flow\">\n<h4 class=\"wp-block-heading\">Lehrstuhl f\u00fcr Produktionssysteme<\/h4>\n\n\n\n<hr class=\"wp-block-separator has-alpha-channel-opacity\" \/>\n\n\n\n<p>Der Lehrstuhl f\u00fcr Produktionssysteme an der Ruhr-Universit\u00e4t Bochum, geleitet von Professor Dr.-Ing. Dipl.-Wirt. Ing. Bernd Kuhlenk\u00f6tter, widmet sich der Forschung und Lehre in den Bereichen Produktionsmanagement, Fertigungsorganisation und Industrie 4.0. Unsere Arbeit verbindet Theorie und Praxis, um innovative L\u00f6sungen f\u00fcr aktuelle und zuk\u00fcnftige Herausforderungen in Produktionssystemen zu entwickeln. Mit einer fundierten Ausbildung und praxisnahen Projekten in Zusammenarbeit mit f\u00fchrenden Unternehmen bereiten wir unsere Studierenden auf eine erfolgreiche Karriere vor. Unser Ziel ist es, die Produktion der Zukunft nachhaltig und effizient zu gestalten.<\/p>\n<\/div>\n<\/div>\n<\/div>\n<\/div>\n<\/div>\n<\/div>\n<\/div><\/div>\n\n\n\n<div style=\"height:50px\" aria-hidden=\"true\" class=\"wp-block-spacer\"><\/div>\n\n\n\n<h2 class=\"wp-block-heading\">Implementierungs- und Anwendungspartner<\/h2>\n\n\n\n<div class=\"wp-block-columns are-vertically-aligned-center is-layout-flex wp-container-core-columns-is-layout-9d6595d7 wp-block-columns-is-layout-flex\">\n<div class=\"wp-block-column is-vertically-aligned-center has-nv-light-bg-background-color has-background is-layout-flow wp-block-column-is-layout-flow\">\n<div class=\"wp-block-columns is-layout-flex wp-container-core-columns-is-layout-9d6595d7 wp-block-columns-is-layout-flex\">\n<div class=\"wp-block-column is-vertically-aligned-center is-layout-flow wp-block-column-is-layout-flow\" style=\"flex-basis:33.33%\"><div class=\"wp-block-image\">\n<figure class=\"aligncenter size-full\"><a href=\"https:\/\/ehm-gmbh.de\/\"><img decoding=\"async\" width=\"231\" height=\"95\" data-src=\"https:\/\/www.isse.ruhr-uni-bochum.de\/togetha\/wp-content\/uploads\/sites\/9\/2024\/07\/image-3.png\" alt=\"\" class=\"wp-image-16 lazyload\" src=\"data:image\/svg+xml;base64,PHN2ZyB3aWR0aD0iMSIgaGVpZ2h0PSIxIiB4bWxucz0iaHR0cDovL3d3dy53My5vcmcvMjAwMC9zdmciPjwvc3ZnPg==\" style=\"--smush-placeholder-width: 231px; --smush-placeholder-aspect-ratio: 231\/95;\" \/><\/a><\/figure>\n<\/div><\/div>\n\n\n\n<div class=\"wp-block-column is-layout-flow wp-block-column-is-layout-flow\" style=\"flex-basis:60%\">\n<div style=\"height:50px\" aria-hidden=\"true\" class=\"wp-block-spacer\"><\/div>\n\n\n\n<div class=\"wp-block-columns is-layout-flex wp-container-core-columns-is-layout-9d6595d7 wp-block-columns-is-layout-flex\">\n<div class=\"wp-block-column is-vertically-aligned-center is-layout-flow wp-block-column-is-layout-flow\">\n<h4 class=\"wp-block-heading\">ehm GmbH<\/h4>\n\n\n\n<hr class=\"wp-block-separator has-alpha-channel-opacity\" \/>\n\n\n\n<p>Ein grundlegendes Merkmal des Elektrotechnik TGA e h m GmbH ist der hohe Anteil pauschal kalkulierter Baustellen. Dabei vereinbart die e h m GmbH auf Basis einer internen Kalkulation einen Festpreis mit dem Auftraggeber. Durch diese Art der Baustellenplanung tr\u00e4gt die e h m GmbH ein erhebliches wirtschaftliches Risiko bei ihren Bauprojekten und ist auf eine m\u00f6glichst genaue Kalkulation insb. der notwendigen Soll-Zeiten angewiesen, um das Bauprojekt profitabel abwickeln zu k\u00f6nnen. Ein datengest\u00fctztes Projektcontrolling, welches die Kalkulation unterst\u00fctzen k\u00f6nnte, findet hierbei jedoch noch nicht statt. Ein weiteres Merkmal der e h m GmbH ist, dass sie bereits einen sehr hohen digitalen Reifegrad aufweist. Das wird auf verschiedene Weise deutlich. Zum einen arbeitet e h m bereits seit mehreren Jahren ausschlie\u00dflich mit digitalen Pl\u00e4nen auf der Baustelle. Jedem Monteur wird daf\u00fcr ein Tablet zur Verf\u00fcgung gestellt, auf dem mit den digitalen Pl\u00e4nen gearbeitet wird. Das ticketbasierte Arbeiten in der CENDAS-Software ist dadurch bereits fester Bestandteil der t\u00e4glichen Arbeit aller beteiligten Akteure von e h m. Neben den eigenen Monteuren bekommen zudem eingesetzte Subunternehmen Tablets zur Verf\u00fcgung gestellt, um ihre Arbeiten digital zu dokumentieren. Auch die Projektsteuerung erfolgt in Ans\u00e4tzen bereits innerhalb der CENDAS-Software und stellt ein weiteres wichtiges Merkmal des digitalen Reifegrades von e h m dar. So werten die Projektleiter von e h m t\u00e4glich den aktuellen Stand der Baustelle anhand der abgehakten Tickets aus. Allerdings erfolgt dies eher noch unsystematisch und ohne Verkn\u00fcpfung von Soll-Zeiten, Bauablaufpl\u00e4nen oder sonstigen Instrumenten zur gezielten Projektsteuerung. Durch diesen hohen Erfahrungsschatz in Bezug auf digitales Arbeiten kann die e h m gmbh damit wertvolle Erkenntnisse in das Projekt einbringen und bietet ideale Voraussetzungen, um digitales kollaboratives Arbeiten untersuchen zu k\u00f6nnen.<\/p>\n<\/div>\n<\/div>\n<\/div>\n<\/div>\n<\/div>\n<\/div>\n\n\n\n<div class=\"wp-block-columns are-vertically-aligned-center is-layout-flex wp-container-core-columns-is-layout-9d6595d7 wp-block-columns-is-layout-flex\">\n<div class=\"wp-block-column is-vertically-aligned-center has-nv-light-bg-background-color has-background is-layout-flow wp-block-column-is-layout-flow\">\n<div class=\"wp-block-columns is-layout-flex wp-container-core-columns-is-layout-9d6595d7 wp-block-columns-is-layout-flex\">\n<div class=\"wp-block-column is-vertically-aligned-center is-layout-flow wp-block-column-is-layout-flow\" style=\"flex-basis:33.33%\"><div class=\"wp-block-image\">\n<figure class=\"aligncenter size-full\"><a href=\"https:\/\/epi-gmbh.de\/\"><img decoding=\"async\" width=\"200\" height=\"124\" data-src=\"https:\/\/www.isse.ruhr-uni-bochum.de\/togetha\/wp-content\/uploads\/sites\/9\/2024\/07\/image-4.png\" alt=\"\" class=\"wp-image-17 lazyload\" src=\"data:image\/svg+xml;base64,PHN2ZyB3aWR0aD0iMSIgaGVpZ2h0PSIxIiB4bWxucz0iaHR0cDovL3d3dy53My5vcmcvMjAwMC9zdmciPjwvc3ZnPg==\" style=\"--smush-placeholder-width: 200px; --smush-placeholder-aspect-ratio: 200\/124;\" \/><\/a><\/figure>\n<\/div><\/div>\n\n\n\n<div class=\"wp-block-column is-layout-flow wp-block-column-is-layout-flow\" style=\"flex-basis:60%\">\n<div style=\"height:50px\" aria-hidden=\"true\" class=\"wp-block-spacer\"><\/div>\n\n\n\n<div class=\"wp-block-columns is-layout-flex wp-container-core-columns-is-layout-9d6595d7 wp-block-columns-is-layout-flex\">\n<div class=\"wp-block-column is-vertically-aligned-center is-layout-flow wp-block-column-is-layout-flow\">\n<h4 class=\"wp-block-heading\"><strong>epi GmbH<\/strong><\/h4>\n\n\n\n<hr class=\"wp-block-separator has-alpha-channel-opacity\" \/>\n\n\n\n<p>Die epi GmbH ist ebenfalls ein Elektrotechnik-TGA-Unternehmen, unterscheidet sich jedoch in relevanten Bereichen von der e h m gmbh. Zum einen weist die epi GmbH aktuell einen eher geringen digitalen Reifegrad auf. Digitale Pl\u00e4ne kommen erst in einzelnen Pilotprojekten zum Einsatz. Dadurch hat sich das ticketbasierte Arbeiten im Arbeitsalltag der beteiligten Akteure noch nicht etabliert. Zudem findet eine durchg\u00e4ngige Projektsteuerung anhand des Bearbeitungsstandes der Tickets noch nicht statt. Tickets werden eher als Kommunikationsmittel eingesetzt und nicht systematisch im Rahmen der Bauzeitenplanung ausgewertet. Vielmehr wird aktuell auf unterschiedliche, dezentrale Systeme (z. B. ERP-System, dezentrale Excel-Dateien etc.) zur\u00fcckgegriffen, um die eigenen Projekte zu steuern. Ein weiteres Merkmal der epi GmbH ist, dass sie regelm\u00e4\u00dfig als Nachunternehmer der e h m gmbh eingesetzt wird. Diese Konstellation stellt demnach besondere Anforderungen an die CENDAS-Software, da ein digitales und kollaboratives Arbeiten erm\u00f6glicht werden muss. Daf\u00fcr sind ein hohes Ma\u00df an Transparenz und einheitliche Arbeitsstandards erforderlich, um eine geordnete Nachverfolgung und \u00dcbergabe von Aufgaben zu erm\u00f6glichen. Der eher geringe digitale Reifegrad sowie die unterschiedliche Rolle des Unternehmens in Bauprojekten erfordert im Vergleich zur e h m gmbh eine grundlegend unterschiedliche Einf\u00fchrungsstrategie der neuen Softwarefeatures und der begleitenden Projektmanagementmethode. So ist zum Beispiel davon auszugehen, dass starke Ver\u00e4nderungsprozesse (z. B. im Hinblick auf den Datenaustausch, Rollenverst\u00e4ndnis etc.) eingeleitet werden m\u00fcssen. Die epi GmbH bringt daher eine weitere wertvolle Perspektive mit in das Projekt ein.<\/p>\n<\/div>\n<\/div>\n<\/div>\n<\/div>\n<\/div>\n<\/div>\n\n\n\n<div class=\"wp-block-columns are-vertically-aligned-center is-layout-flex wp-container-core-columns-is-layout-9d6595d7 wp-block-columns-is-layout-flex\">\n<div class=\"wp-block-column is-vertically-aligned-center has-nv-light-bg-background-color has-background is-layout-flow wp-block-column-is-layout-flow\">\n<div class=\"wp-block-columns is-layout-flex wp-container-core-columns-is-layout-9d6595d7 wp-block-columns-is-layout-flex\">\n<div class=\"wp-block-column is-vertically-aligned-center is-layout-flow wp-block-column-is-layout-flow\" style=\"flex-basis:33.33%\"><div class=\"wp-block-image\">\n<figure class=\"aligncenter size-full is-resized\"><a href=\"https:\/\/wende-witten.de\/\"><img decoding=\"async\" width=\"396\" height=\"82\" data-src=\"https:\/\/www.isse.ruhr-uni-bochum.de\/togetha\/wp-content\/uploads\/sites\/9\/2024\/07\/image-6.png\" alt=\"\" class=\"wp-image-21 lazyload\" style=\"--smush-placeholder-width: 396px; --smush-placeholder-aspect-ratio: 396\/82;width:332px;height:auto\" data-srcset=\"https:\/\/www.isse.ruhr-uni-bochum.de\/togetha\/wp-content\/uploads\/sites\/9\/2024\/07\/image-6.png 396w, https:\/\/www.isse.ruhr-uni-bochum.de\/togetha\/wp-content\/uploads\/sites\/9\/2024\/07\/image-6-300x62.png 300w\" data-sizes=\"(max-width: 396px) 100vw, 396px\" src=\"data:image\/svg+xml;base64,PHN2ZyB3aWR0aD0iMSIgaGVpZ2h0PSIxIiB4bWxucz0iaHR0cDovL3d3dy53My5vcmcvMjAwMC9zdmciPjwvc3ZnPg==\" \/><\/a><\/figure>\n<\/div><\/div>\n\n\n\n<div class=\"wp-block-column is-layout-flow wp-block-column-is-layout-flow\" style=\"flex-basis:60%\">\n<div style=\"height:50px\" aria-hidden=\"true\" class=\"wp-block-spacer\"><\/div>\n\n\n\n<div class=\"wp-block-columns is-layout-flex wp-container-core-columns-is-layout-9d6595d7 wp-block-columns-is-layout-flex\">\n<div class=\"wp-block-column is-vertically-aligned-center is-layout-flow wp-block-column-is-layout-flow\">\n<h4 class=\"wp-block-heading\">&nbsp;<strong>WENDE GmbH<\/strong><\/h4>\n\n\n\n<hr class=\"wp-block-separator has-alpha-channel-opacity\" \/>\n\n\n\n<p>Die WENDE GmbH deckt als L\u00fcftungs- Klima- und K\u00e4ltetechnik-TGA-Unternehmen die Perspektive eines weiteren Gewerkes im Projekt ToGethA ab. Auch die WENDE GmbH weist insgesamt noch einen eher geringen digitalen Reifegrad auf. WENDE nutzt die CENDAS-Software zwar bereits in ersten Projekten, das ticketbasierte Arbeiten hat sich aber auch hier noch nicht im Arbeitsalltag etabliert. Die Projektsteuerung findet noch weitestgehend unabh\u00e4ngig von der CENDAS-Software statt. Zudem weist WENDE GmbH eine zentralisierte Arbeitsorganisation vor. Eine Person nimmt hierbei sowohl die Rolle des Projektleiters als auch des technischen Zeichners ein. Zudem \u00fcbernimmt der Bauleiter T\u00e4tigkeiten, die eher dem Projektmanagement zugerechnet werden. Diese Rollenkonstellation unterscheidet sich stark von der epi GmbH und e h m gmbh und stellt somit zus\u00e4tzliche Anforderungen an die Projektmanagementmethodik, insbesondere im Hinblick auf die relevanten Rollen im Bauprojekt. Ein weiteres wichtiges Merkmal der WENDE GmbH ist die hohe Abh\u00e4ngigkeit von anderen Gewerken sowohl bei der Planung als auch bei der Bauausf\u00fchrung, da beispielsweise elektrische Anschl\u00fcsse der L\u00fcftungsanlagen durch Fremdgewerke vorbereitet werden m\u00fcssen. Daf\u00fcr arbeitet die WENDE GmbH regelm\u00e4\u00dfig mit der e h m gmbh und epi GmbH zusammen und stellt somit hohe Anforderungen an eine kollaborative und digitale Projektmanagementl\u00f6sung. Daher ist WENDE ein zentraler Partner, um die Anwendungsvielfalt der Methode und Softwarel\u00f6sung zu erweitern und bringt somit eine weitere wertvolle Perspektive im Rahmen des Projektvorhabens ein.<br>Die Kleusberg GmbH und Co KG bringt schlie\u00dflich die Perspektive eines Generalunternehmers in das Projekt mit ein. Kleusberg arbeitet regelm\u00e4\u00dfig mit den drei Verbundpartnern e h m, epi und WENDE zusammen. Kleusberg forciert seit einiger Zeit bereits das Lean-Construction-Konzept bei den eigenen Bauprojekten und kann dadurch wertvolle Erfahrungen in die Ausgestaltung der Methodik und der relevanten Schnittstellen zu etablierten Softwarel\u00f6sungen einbringen.<\/p>\n<\/div>\n<\/div>\n<\/div>\n<\/div>\n<\/div>\n<\/div>\n\n\n\n<div class=\"wp-block-columns are-vertically-aligned-center is-layout-flex wp-container-core-columns-is-layout-9d6595d7 wp-block-columns-is-layout-flex\">\n<div class=\"wp-block-column is-vertically-aligned-center has-nv-light-bg-background-color has-background is-layout-flow wp-block-column-is-layout-flow\">\n<div class=\"wp-block-columns is-layout-flex wp-container-core-columns-is-layout-9d6595d7 wp-block-columns-is-layout-flex\">\n<div class=\"wp-block-column is-vertically-aligned-center is-layout-flow wp-block-column-is-layout-flow\" style=\"flex-basis:33.33%\"><div class=\"wp-block-image\">\n<figure class=\"aligncenter size-full is-resized\"><a href=\"https:\/\/www.cendas.net\/\"><img decoding=\"async\" width=\"660\" height=\"151\" data-src=\"https:\/\/www.isse.ruhr-uni-bochum.de\/togetha\/wp-content\/uploads\/sites\/9\/2024\/07\/image-7.png\" alt=\"\" class=\"wp-image-22 lazyload\" style=\"--smush-placeholder-width: 660px; --smush-placeholder-aspect-ratio: 660\/151;width:327px;height:auto\" data-srcset=\"https:\/\/www.isse.ruhr-uni-bochum.de\/togetha\/wp-content\/uploads\/sites\/9\/2024\/07\/image-7.png 660w, https:\/\/www.isse.ruhr-uni-bochum.de\/togetha\/wp-content\/uploads\/sites\/9\/2024\/07\/image-7-300x69.png 300w\" data-sizes=\"(max-width: 660px) 100vw, 660px\" src=\"data:image\/svg+xml;base64,PHN2ZyB3aWR0aD0iMSIgaGVpZ2h0PSIxIiB4bWxucz0iaHR0cDovL3d3dy53My5vcmcvMjAwMC9zdmciPjwvc3ZnPg==\" \/><\/a><\/figure>\n<\/div><\/div>\n\n\n\n<div class=\"wp-block-column is-layout-flow wp-block-column-is-layout-flow\" style=\"flex-basis:60%\">\n<div style=\"height:50px\" aria-hidden=\"true\" class=\"wp-block-spacer\"><\/div>\n\n\n\n<div class=\"wp-block-columns is-layout-flex wp-container-core-columns-is-layout-9d6595d7 wp-block-columns-is-layout-flex\">\n<div class=\"wp-block-column is-vertically-aligned-center is-layout-flow wp-block-column-is-layout-flow\">\n<h4 class=\"wp-block-heading\"><strong>CENDAS&nbsp;GmbH<\/strong><\/h4>\n\n\n\n<hr class=\"wp-block-separator has-alpha-channel-opacity\" \/>\n\n\n\n<p>Die&nbsp;CENDAS&nbsp;GmbH ist der zentrale&nbsp;Entwicklungspartner&nbsp;und&nbsp;Konsortialf\u00fchrer&nbsp;in diesem Verbundvorhaben. Sie ist als Firmengr\u00fcndung direkt aus den Digitalisierungsbem\u00fchungen der TGA-Unternehmen (und damit der sp\u00e4teren Zielgruppe der hier adressierten L\u00f6sung) e h m, epi und WENDE hervorgegangen. CENDAS entwickelt digitale L\u00f6sungen f\u00fcr die TGA-Baustellenabwicklung unter direkter Einbindung der TGA-Unternehmen, wodurch die Produkte anforderungsgerecht entwickelt und mit direktem Praxisbezug getestet werden k\u00f6nnen. Die Firmengr\u00fcnder von CENDAS haben zusammen bereits mehr als 9 Jahre Erfahrung mit der Digitalisierung der Baubranche, sei es in der Rolle des TGA-Bauunternehmens, der Softwareentwicklung oder des Innovations- und Projektmanagements.<\/p>\n<\/div>\n<\/div>\n<\/div>\n<\/div>\n<\/div>\n<\/div>\n\n\n\n<div style=\"height:50px\" aria-hidden=\"true\" class=\"wp-block-spacer\"><\/div>\n","protected":false},"excerpt":{"rendered":"<p>Forschungspartner Lehrstuhl f\u00fcr Industrial Sales and Service Engineering Der Lehrstuhl f\u00fcr Industrial Sales and Service Engineering (ISSE) an der Fakult\u00e4t f\u00fcr Maschinenbau der Ruhr-Universit\u00e4t Bochum unter Leitung von Prof. Dr. Jens P\u00f6ppelbu\u00df vertritt Themen des industriellen Kunden-, Vertriebs- und Servicemanagements in Forschung und Lehre. Die interdisziplin\u00e4ren und anwendungsnahen Forschungsaktivit\u00e4ten des Lehrstuhls verbinden technische und betriebswirtschaftliche&hellip;&nbsp;<a href=\"https:\/\/www.isse.ruhr-uni-bochum.de\/togetha\/projektkonsortium\/\" rel=\"bookmark\">Weiterlesen &raquo;<span class=\"screen-reader-text\">Projektkonsortium<\/span><\/a><\/p>\n","protected":false},"author":26,"featured_media":0,"parent":0,"menu_order":0,"comment_status":"closed","ping_status":"closed","template":"","meta":{"inline_featured_image":false,"neve_meta_sidebar":"","neve_meta_container":"","neve_meta_enable_content_width":"","neve_meta_content_width":0,"neve_meta_title_alignment":"","neve_meta_author_avatar":"","neve_post_elements_order":"","neve_meta_disable_header":"","neve_meta_disable_footer":"","neve_meta_disable_title":"","footnotes":""},"class_list":["post-9","page","type-page","status-publish","hentry"],"_links":{"self":[{"href":"https:\/\/www.isse.ruhr-uni-bochum.de\/togetha\/wp-json\/wp\/v2\/pages\/9","targetHints":{"allow":["GET"]}}],"collection":[{"href":"https:\/\/www.isse.ruhr-uni-bochum.de\/togetha\/wp-json\/wp\/v2\/pages"}],"about":[{"href":"https:\/\/www.isse.ruhr-uni-bochum.de\/togetha\/wp-json\/wp\/v2\/types\/page"}],"author":[{"embeddable":true,"href":"https:\/\/www.isse.ruhr-uni-bochum.de\/togetha\/wp-json\/wp\/v2\/users\/26"}],"replies":[{"embeddable":true,"href":"https:\/\/www.isse.ruhr-uni-bochum.de\/togetha\/wp-json\/wp\/v2\/comments?post=9"}],"version-history":[{"count":4,"href":"https:\/\/www.isse.ruhr-uni-bochum.de\/togetha\/wp-json\/wp\/v2\/pages\/9\/revisions"}],"predecessor-version":[{"id":65,"href":"https:\/\/www.isse.ruhr-uni-bochum.de\/togetha\/wp-json\/wp\/v2\/pages\/9\/revisions\/65"}],"wp:attachment":[{"href":"https:\/\/www.isse.ruhr-uni-bochum.de\/togetha\/wp-json\/wp\/v2\/media?parent=9"}],"curies":[{"name":"wp","href":"https:\/\/api.w.org\/{rel}","templated":true}]}}